{"id":72769,"date":"2025-07-28T23:45:33","date_gmt":"2025-07-28T23:45:33","guid":{"rendered":"https:\/\/fv6qoy3ls0.wpdns.site\/produto\/ilford-ilfostop-stop-bano-500ml\/"},"modified":"2025-09-17T15:36:05","modified_gmt":"2025-09-17T15:36:05","slug":"ilford-ilfostop-stop-bano-500ml","status":"publish","type":"product","link":"https:\/\/hi-techwonder.com\/es\/producto\/ilford-ilfostop-stop-bano-500ml\/","title":{"rendered":"ILFORD Ilfostop Stop Ba\u00f1o 500ml"},"content":{"rendered":"<p style=\"margin-bottom: 0cm; font-style: normal; font-weight: normal; text-decoration: none;\"> <span style=\"font-size: medium;\"><span style=\"text-decoration: underline;\"><strong>Recursos:<\/strong><\/span><\/span><\/p>\n<ul>\n<li>\n<p style=\"margin-bottom: 0cm;\"> <span style=\"font-size: medium;\"><span style=\"font-style: normal;\"><span style=\"text-decoration: none;\"><span style=\"font-weight: normal;\">Concentrado l\u00edquido<\/span><\/span><\/span><\/span> <\/p>\n<\/li>\n<li>\n<p style=\"margin-bottom: 0cm; border: none; padding: 0cm; font-style: normal; font-weight: normal; line-height: 0.48cm; widows: 2; orphans: 2; text-decoration: none;\"> <span style=\"font-size: medium;\">Uso para pel\u00edcula en blanco y negro<\/span> <\/p>\n<\/li>\n<li>\n<p style=\"margin-bottom: 0cm; border: none; padding: 0cm; font-style: normal; font-weight: normal; line-height: 0.48cm; widows: 2; orphans: 2; text-decoration: none;\"> <span style=\"font-size: medium;\">Olor m\u00ednimo<\/span> <\/p>\n<\/li>\n<li>\n<p style=\"margin-bottom: 0cm; border: none; padding: 0cm; font-style: normal; font-weight: normal; line-height: 0.48cm; widows: 2; orphans: 2; text-decoration: none;\"> <span style=\"font-size: medium;\">Uso para el procesamiento de tanques, bandejas o placas<\/span> <\/p>\n<\/li>\n<li>\n<p style=\"margin-bottom: 0cm; border: none; padding: 0cm; font-style: normal; font-weight: normal; line-height: 0.48cm; widows: 2; orphans: 2; text-decoration: none;\"> <span style=\"font-size: medium;\">Prolonga la vida \u00fatil de su sujetador<\/span> <\/p>\n<\/li>\n<li>\n<p style=\"margin-bottom: 0cm; border: none; padding: 0cm; font-style: normal; font-weight: normal; line-height: 0.48cm; widows: 2; orphans: 2; text-decoration: none;\"> <span style=\"font-size: medium;\">Pasa de amarillo a morado cuando se agota<\/span> <\/p>\n<\/li>\n<li>\n<p style=\"margin-bottom: 0cm; border: none; padding: 0cm; font-style: normal; font-weight: normal; line-height: 0.48cm; widows: 2; orphans: 2; text-decoration: none;\"> <span style=\"font-size: medium;\">La diluci\u00f3n normal es 1+19<\/span> <\/p>\n<\/li>\n<\/ul>\n<p style=\"margin-bottom: 0cm; font-style: normal; font-weight: normal; text-decoration: none;\"><span style=\"font-family: verdana, geneva;\">&nbsp;<\/span> <\/p>\n<p style=\"margin-bottom: 0cm; border: none; padding: 0cm; font-style: normal; font-weight: normal; line-height: 0.79cm; text-decoration: none;\"> <span style=\"font-size: medium;\">Ilford Ilfostop es un ba\u00f1o de bajo olor para detener el \u00e1cido. Por lo general, cuando se completa el desarrollo, las pel\u00edculas y los roles se someten a un ba\u00f1o de detenci\u00f3n. Esto detiene inmediatamente el proceso de desarrollo, neutralizando al desarrollador.  <\/span> <\/p>\n<p style=\"margin-bottom: 0cm; border: none; padding: 0cm; font-style: normal; font-weight: normal; line-height: 0.74cm; text-decoration: none;\"> <span style=\"font-size: medium;\">Luego, la pel\u00edcula o impresi\u00f3n se expone al fijador (hipo). La ventaja del proceso de ba\u00f1o de parada es que prolonga la vida \u00fatil del sujetador. Algunas personas no usan un ba\u00f1o de parada y, en este caso, se debe usar una cantidad exagerada de fijador para borrar los efectos del revelador. Si no se dispone o no se elige un ba\u00f1o de parada, la pel\u00edcula o la impresi\u00f3n deben empaparse completamente en un ba\u00f1o de agua o enjuagarse, con un cambio frecuente del suministro de agua. Detener el ba\u00f1o le da la seguridad de que su etapa de desarrollo est\u00e1 completamente \u00abterminada\u00bb y que no se transferir\u00e1 revelador al fijador.    <\/span> <\/p>\n<p style=\"margin-bottom: 0cm; border: none; padding: 0cm; font-style: normal; font-weight: normal; line-height: 0.74cm; text-decoration: none;\"> <span style=\"font-size: medium;\">Ilfostop contiene un colorante indicador que es sensible al pH y cambia de color de amarillo a p\u00farpura a medida que se agota el ba\u00f1o de parada. Se recomienda espec\u00edficamente para procesar platos y bandejas de papel o procesar pel\u00edculas en tanques profundos. <\/span> <\/p>\n<p style=\"margin-bottom: 0cm; border: none; padding: 0cm; font-style: normal; font-weight: normal; line-height: 0.74cm; text-decoration: none;\"> <span style=\"font-size: medium;\">Cabe se\u00f1alar que Ilford recomienda usar guantes, protecci\u00f3n para los ojos, un delantal o overoles al manipular y mezclar todos los productos qu\u00edmicos.<\/span> <\/p>\n<p style=\"margin-bottom: 0cm; border: none; padding: 0cm; font-style: normal; font-weight: normal; line-height: 0.48cm; text-decoration: none;\"> <span style=\"font-family: verdana, geneva;\">&nbsp;<\/span> <\/p>\n<p style=\"margin-bottom: 0cm; border: none; padding: 0cm; font-style: normal; font-weight: normal; line-height: 0.48cm; text-decoration: none;\"> <span style=\"font-size: medium;\"><span style=\"text-decoration: underline;\"><strong>Nota:<\/strong> Nunca permita que el revelador se contamine con una soluci\u00f3n de ba\u00f1o de parada<\/span><\/span><\/p>\n<ul>\n<li> <span style=\"font-size: medium;\">El concentrado Ilfostop dura 5 a\u00f1os en botellas herm\u00e9ticas y 12 meses en botellas medio llenas y bien cerradas<\/span><\/li>\n<li> <span style=\"font-size: medium;\">Se mantendr\u00e1 fresco como soluci\u00f3n de trabajo durante 7 d\u00edas<\/span><\/li>\n<li> <span style=\"font-size: medium;\">500 ml har\u00e1n 10 litros de soluci\u00f3n de trabajo<\/span><\/li>\n<li> <span style=\"font-size: medium;\">Una soluci\u00f3n de fuerza laboral total producir\u00e1 impresiones RC de 150 x 135-36 o 120 o 600 x 20,3 x 25,4 cm (8 x 10&#8243;) o impresiones FB de 300 x 20,3 x 25,4 cm (8 x 10&#8243;)<\/span><\/li>\n<\/ul>\n","protected":false},"excerpt":{"rendered":"<p>Recursos: Concentrado l\u00edquido Uso para pel\u00edcula en blanco y negro Olor m\u00ednimo Uso para el procesamiento de tanques, bandejas o<\/p>\n","protected":false},"featured_media":27266,"comment_status":"closed","ping_status":"open","template":"","meta":{"_acf_changed":false},"product_brand":[2601],"product_cat":[886],"product_tag":[],"class_list":{"0":"post-72769","1":"product","2":"type-product","3":"status-publish","4":"has-post-thumbnail","6":"product_brand-ilford-es","7":"product_cat-quimicos-es","9":"first","10":"instock","11":"taxable","12":"shipping-taxable","13":"purchasable","14":"product-type-simple"},"bundled_by":[],"bundle_stock_status":"instock","bundle_stock_quantity":2,"bundle_virtual":false,"bundle_layout":"","bundle_add_to_cart_form_location":"","bundle_editable_in_cart":false,"bundle_sold_individually_context":"","bundle_item_grouping":"","bundle_min_size":"","bundle_max_size":"","bundle_price":[],"bundled_items":[],"bundle_sell_ids":[],"acf":[],"_links":{"self":[{"href":"https:\/\/hi-techwonder.com\/es\/wp-json\/wp\/v2\/product\/72769","targetHints":{"allow":["GET"]}}],"collection":[{"href":"https:\/\/hi-techwonder.com\/es\/wp-json\/wp\/v2\/product"}],"about":[{"href":"https:\/\/hi-techwonder.com\/es\/wp-json\/wp\/v2\/types\/product"}],"replies":[{"embeddable":true,"href":"https:\/\/hi-techwonder.com\/es\/wp-json\/wp\/v2\/comments?post=72769"}],"wp:featuredmedia":[{"embeddable":true,"href":"https:\/\/hi-techwonder.com\/es\/wp-json\/wp\/v2\/media\/27266"}],"wp:attachment":[{"href":"https:\/\/hi-techwonder.com\/es\/wp-json\/wp\/v2\/media?parent=72769"}],"wp:term":[{"taxonomy":"product_brand","embeddable":true,"href":"https:\/\/hi-techwonder.com\/es\/wp-json\/wp\/v2\/product_brand?post=72769"},{"taxonomy":"product_cat","embeddable":true,"href":"https:\/\/hi-techwonder.com\/es\/wp-json\/wp\/v2\/product_cat?post=72769"},{"taxonomy":"product_tag","embeddable":true,"href":"https:\/\/hi-techwonder.com\/es\/wp-json\/wp\/v2\/product_tag?post=72769"}],"curies":[{"name":"wp","href":"https:\/\/api.w.org\/{rel}","templated":true}]}}