{"id":72770,"date":"2025-07-28T23:44:41","date_gmt":"2025-07-28T23:44:41","guid":{"rendered":"https:\/\/fv6qoy3ls0.wpdns.site\/produto\/ilford-multigrado-mgrc-5th-rc-deluxe-perla-13x18cm-x100\/"},"modified":"2025-09-04T07:50:18","modified_gmt":"2025-09-04T07:50:18","slug":"ilford-multigrado-mgrc-5th-rc-deluxe-perla-13x18cm-x100","status":"publish","type":"product","link":"https:\/\/hi-techwonder.com\/es\/producto\/ilford-multigrado-mgrc-5th-rc-deluxe-perla-13x18cm-x100\/","title":{"rendered":"ILFORD Multigrado MGRC 5th RC Deluxe Perla 13x18cm (x100)"},"content":{"rendered":"<p style=\"box-sizing: border-box; color: #4b4b4b; font-family: 'Open Sans', sans-serif; font-size: 14.4px; text-align: justify;\"><strong style=\"box-sizing: border-box;\">Funciones:<\/strong><\/p>\n<ul style=\"box-sizing: border-box; color: #4b4b4b; font-family: 'Open Sans', sans-serif; font-size: 14.4px; text-align: justify;\">\n<li style=\"box-sizing: border-box;\">Para la revelaci\u00f3n tradicional en blanco y negro<\/li>\n<li style=\"box-sizing: border-box;\">Base recubierta de resina<\/li>\n<li style=\"box-sizing: border-box;\">Acabado superficial perlado 44M<\/li>\n<li style=\"box-sizing: border-box;\">Contraste lineal con notas bien definidas<\/li>\n<\/ul>\n<p style=\"box-sizing: border-box; color: #4b4b4b; font-family: 'Open Sans', sans-serif; font-size: 14.4px; text-align: justify;\"><br style=\"box-sizing: border-box;\">Altamente vers\u00e1til y adecuada para todas las necesidades tradicionales de revelado en blanco y negro, esta caja Ilford MULTIGRADE RC Deluxe de 100 hojas de 13x18cm (12,70&#215;17,78cm \/ 5&#215;7&#8243;) cuenta con un acabado superficial de perlas de 44M que tiene una apariencia m\u00e1s texturizada que el papel brillante para ayudar a reducir los reflejos de la superficie, al tiempo que conserva algo de reflectividad para lograr una gama m\u00e1s larga y profunda de valores y tonos de negro. Este papel de V generaci\u00f3n presenta una emulsi\u00f3n actualizada con un perfil de contraste m\u00e1s lineal que responde de manera consistente y precisa a la gama completa de filtros multigrado 00-5 para un ajuste fino. El papel tambi\u00e9n presenta un tinte base verdaderamente neutro y responde especialmente bien a diferentes soluciones de tinte para ajustar el color final de la revelaci\u00f3n. La emulsi\u00f3n mejorada tambi\u00e9n ofrece negros m\u00e1s profundos junto con una separaci\u00f3n mejorada de medios tonos para una mayor flexibilidad al revelar negativos. Adem\u00e1s, es adecuado para imprimir negativos convencionales en blanco y negro, as\u00ed como negativos cromog\u00e9nicos en blanco y negro. El papel se puede procesar utilizando qu\u00edmica est\u00e1ndar en blanco y negro en bandejas o procesadores de m\u00e1quinas.     <\/p>\n<p style=\"box-sizing: border-box; color: #4b4b4b; font-family: 'Open Sans', sans-serif; font-size: 14.4px; text-align: justify;\"><strong style=\"box-sizing: border-box;\">Caracter\u00edsticas t\u00e9cnicas<\/strong><\/p>\n<table style=\"width: 1019px; color: #4b4b4b; font-family: 'Open Sans', sans-serif; font-size: 14.4px; text-align: justify; height: 198px;\" border=\"0\" width=\"537\" cellspacing=\"0\" cellpadding=\"2\">\n<colgroup style=\"box-sizing: border-box;\">\n<col style=\"box-sizing: border-box;\" width=\"196\">\n<col style=\"box-sizing: border-box;\" width=\"333\"><\/colgroup>\n<tbody style=\"box-sizing: border-box;\">\n<tr style=\"box-sizing: border-box; height: 22px;\">\n<td style=\"box-sizing: border-box; height: 22px; width: 189.75px;\">Producto<\/td>\n<td style=\"box-sizing: border-box; height: 22px; width: 317.9px;\">Multigrado RC Deluxe Perla<\/td>\n<\/tr>\n<tr style=\"box-sizing: border-box; height: 22px;\">\n<td style=\"box-sizing: border-box; height: 22px; width: 189.75px;\">Modelo<\/td>\n<td style=\"box-sizing: border-box; height: 22px; width: 317.9px;\">V \/ 5\u00aa generaci\u00f3n<\/td>\n<\/tr>\n<tr style=\"box-sizing: border-box; height: 22px;\">\n<td style=\"box-sizing: border-box; height: 22px; width: 189.75px;\">Tama\u00f1o de<\/td>\n<p> la hoja<\/p>\n<td style=\"box-sizing: border-box; height: 22px; width: 317.9px;\">13 x 18 cm (12,70 x 17,78 cm \/ 5 x 7&#8243;)<\/td>\n<\/tr>\n<tr style=\"box-sizing: border-box; height: 22px;\">\n<td style=\"box-sizing: border-box; height: 22px; width: 189.75px;\">Tipo de<\/td>\n<p> papel<\/p>\n<td style=\"box-sizing: border-box; height: 22px; width: 317.9px;\">Negativo<\/td>\n<\/tr>\n<tr style=\"box-sizing: border-box; height: 22px;\">\n<td style=\"box-sizing: border-box; height: 22px; width: 189.75px;\">Acabado<\/td>\n<td style=\"box-sizing: border-box; height: 22px; width: 317.9px;\">Brillante<\/td>\n<\/tr>\n<tr style=\"box-sizing: border-box; height: 22px;\">\n<td style=\"box-sizing: border-box; height: 22px; width: 189.75px;\">Contraste<\/td>\n<td style=\"box-sizing: border-box; height: 22px; width: 317.9px;\">Multigrade<\/td>\n<\/tr>\n<tr style=\"box-sizing: border-box; height: 22px;\">\n<td style=\"box-sizing: border-box; height: 22px; width: 189.75px;\">Tono<\/td>\n<td style=\"box-sizing: border-box; height: 22px; width: 317.9px;\">Neutral<\/td>\n<\/tr>\n<tr style=\"box-sizing: border-box; height: 22px;\">\n<td style=\"box-sizing: border-box; height: 22px; width: 189.75px;\">Base<\/td>\n<td style=\"box-sizing: border-box; height: 22px; width: 317.9px;\">Resina recubierta \/ Peso medio<\/td>\n<\/tr>\n<tr style=\"box-sizing: border-box; height: 22px;\">\n<td style=\"box-sizing: border-box; height: 22px; width: 189.75px;\">Cantidad<\/td>\n<td style=\"box-sizing: border-box; height: 22px; width: 317.9px;\">100 hojas<\/td>\n<\/tr>\n<\/tbody>\n<\/table>\n","protected":false},"excerpt":{"rendered":"<p>Funciones: Para la revelaci\u00f3n tradicional en blanco y negro Base recubierta de resina Acabado superficial perlado 44M Contraste lineal con<\/p>\n","protected":false},"featured_media":27030,"comment_status":"closed","ping_status":"open","template":"","meta":{"_acf_changed":false},"product_brand":[2601],"product_cat":[881],"product_tag":[],"class_list":{"0":"post-72770","1":"product","2":"type-product","3":"status-publish","4":"has-post-thumbnail","6":"product_brand-ilford-es","7":"product_cat-papel-de-revelado","9":"first","10":"pre-order","11":"taxable","12":"shipping-taxable","13":"purchasable","14":"product-type-simple"},"bundled_by":[],"bundle_stock_status":"pre-order","bundle_stock_quantity":null,"bundle_virtual":false,"bundle_layout":"","bundle_add_to_cart_form_location":"","bundle_editable_in_cart":false,"bundle_sold_individually_context":"","bundle_item_grouping":"","bundle_min_size":"","bundle_max_size":"","bundle_price":[],"bundled_items":[],"bundle_sell_ids":[],"acf":[],"_links":{"self":[{"href":"https:\/\/hi-techwonder.com\/es\/wp-json\/wp\/v2\/product\/72770","targetHints":{"allow":["GET"]}}],"collection":[{"href":"https:\/\/hi-techwonder.com\/es\/wp-json\/wp\/v2\/product"}],"about":[{"href":"https:\/\/hi-techwonder.com\/es\/wp-json\/wp\/v2\/types\/product"}],"replies":[{"embeddable":true,"href":"https:\/\/hi-techwonder.com\/es\/wp-json\/wp\/v2\/comments?post=72770"}],"wp:featuredmedia":[{"embeddable":true,"href":"https:\/\/hi-techwonder.com\/es\/wp-json\/wp\/v2\/media\/27030"}],"wp:attachment":[{"href":"https:\/\/hi-techwonder.com\/es\/wp-json\/wp\/v2\/media?parent=72770"}],"wp:term":[{"taxonomy":"product_brand","embeddable":true,"href":"https:\/\/hi-techwonder.com\/es\/wp-json\/wp\/v2\/product_brand?post=72770"},{"taxonomy":"product_cat","embeddable":true,"href":"https:\/\/hi-techwonder.com\/es\/wp-json\/wp\/v2\/product_cat?post=72770"},{"taxonomy":"product_tag","embeddable":true,"href":"https:\/\/hi-techwonder.com\/es\/wp-json\/wp\/v2\/product_tag?post=72770"}],"curies":[{"name":"wp","href":"https:\/\/api.w.org\/{rel}","templated":true}]}}