{"id":72771,"date":"2025-07-28T23:45:37","date_gmt":"2025-07-28T23:45:37","guid":{"rendered":"https:\/\/fv6qoy3ls0.wpdns.site\/produto\/ilford-ilfosol-3-revelador-500ml\/"},"modified":"2026-01-12T15:42:45","modified_gmt":"2026-01-12T15:42:45","slug":"ilford-ilfosol-3-revelador-500ml","status":"publish","type":"product","link":"https:\/\/hi-techwonder.com\/es\/producto\/ilford-ilfosol-3-revelador-500ml\/","title":{"rendered":"ILFORD ILFOSOL 3 Revelador 500ml"},"content":{"rendered":"<p><span style=\"font-size: small;\">El <strong>ILFORD ILFOSOL 3<\/strong> es un revelador de pel\u00edcula l\u00edquida concentrada. Formulado para explotar todo el potencial de las emulsiones convencionales de pel\u00edcula en blanco y negro, ofrece un grano fino y una gran nitidez. <\/p>\n<p>Adecuado tanto para aficionados como para profesionales, este revelador de pel\u00edculas econ\u00f3mico es perfecto para revelar peque\u00f1as cantidades de pel\u00edculas en blanco y negro con facilidad y comodidad. ILFOSOL 3 es especialmente adecuado para el desarrollo de pel\u00edculas de velocidad media como FP4 PLUS y DELTA 100 PROFESSIONAL. <\/p>\n<p>Suministrado como concentrado en botellas econ\u00f3micas de 500 ml, ILFOSOL 3 generalmente se diluye en una proporci\u00f3n de 1: 9 para un solo uso. Sin embargo, para ahorrar m\u00e1s, tambi\u00e9n se puede usar con muchas pel\u00edculas con una diluci\u00f3n m\u00e1s alta de 1:14, con solo una peque\u00f1a compensaci\u00f3n en la calidad de imagen. <br \/><object data=\"https:\/\/www.youtube.com\/v\/aPQ7OPy8T2w\" type=\"application\/x-shockwave-flash\" width=\"425\" height=\"350\"><param name=\"src\" value=\"https:\/\/www.youtube.com\/v\/aPQ7OPy8T2w\"><\/object> <br \/><strong>Res\u00famenes:<\/strong><br \/><\/span><\/p>\n<ul>\n<li><span style=\"font-size: small;\">Revelador de pel\u00edcula de concentrado l\u00edquido<\/span><\/li>\n<li><span style=\"font-size: small;\">Grano fino y nitidez \u00f3ptima<\/span><\/li>\n<li><span style=\"font-size: small;\">Especialmente adecuado para pel\u00edculas de velocidad media<\/span><\/li>\n<li><span style=\"font-size: small;\">Adecuado para tanques en espiral, platos, bandejas y procesadores rotativos<\/span><\/li>\n<\/ul>\n<p><span style=\"font-size: small;\"><br \/>ILFORD ILFOSOL 3 es un revelador de pel\u00edcula de concentrado l\u00edquido. Formulado para explotar todo el potencial de las emulsiones convencionales de pel\u00edcula en blanco y negro, ofrece un grano fino y una nitidez \u00f3ptima con la velocidad de la pel\u00edcula completa. <\/p>\n<p>Adecuado para principiantes y usuarios avanzados por igual, este revelador de pel\u00edcula econ\u00f3mico es perfecto para revelar peque\u00f1as cantidades de pel\u00edculas en blanco y negro con facilidad y conveniencia.&nbsp;  ILFOSOL 3 es especialmente adecuado para el revelado de pel\u00edculas de velocidad media como FP4 PLUS y DELTA 100 PROFESSIONAL.<\/p>\n<p>Suministrado como concentrado en botellas econ\u00f3micas de 500 ml, ILFOSOL 3 generalmente se diluye en una proporci\u00f3n de 1: 9 para uso de una sola toma. Sin embargo, para una mayor econom\u00eda, tambi\u00e9n se puede usar con muchas pel\u00edculas con una diluci\u00f3n m\u00e1s alta de 1:14 con solo una peque\u00f1a compensaci\u00f3n en la calidad de imagen. <\/span><\/p>\n","protected":false},"excerpt":{"rendered":"<p>El ILFORD ILFOSOL 3 es un revelador de pel\u00edcula l\u00edquida concentrada. Formulado para explotar todo el potencial de las emulsiones<\/p>\n","protected":false},"featured_media":27278,"comment_status":"closed","ping_status":"open","template":"","meta":{"_acf_changed":false},"product_brand":[2601],"product_cat":[886],"product_tag":[],"class_list":{"0":"post-72771","1":"product","2":"type-product","3":"status-publish","4":"has-post-thumbnail","6":"product_brand-ilford-es","7":"product_cat-quimicos-es","9":"first","10":"instock","11":"taxable","12":"shipping-taxable","13":"purchasable","14":"product-type-simple"},"bundled_by":[],"bundle_stock_status":"instock","bundle_stock_quantity":1,"bundle_virtual":false,"bundle_layout":"","bundle_add_to_cart_form_location":"","bundle_editable_in_cart":false,"bundle_sold_individually_context":"","bundle_item_grouping":"","bundle_min_size":"","bundle_max_size":"","bundle_price":[],"bundled_items":[],"bundle_sell_ids":[],"acf":[],"_links":{"self":[{"href":"https:\/\/hi-techwonder.com\/es\/wp-json\/wp\/v2\/product\/72771","targetHints":{"allow":["GET"]}}],"collection":[{"href":"https:\/\/hi-techwonder.com\/es\/wp-json\/wp\/v2\/product"}],"about":[{"href":"https:\/\/hi-techwonder.com\/es\/wp-json\/wp\/v2\/types\/product"}],"replies":[{"embeddable":true,"href":"https:\/\/hi-techwonder.com\/es\/wp-json\/wp\/v2\/comments?post=72771"}],"wp:featuredmedia":[{"embeddable":true,"href":"https:\/\/hi-techwonder.com\/es\/wp-json\/wp\/v2\/media\/27278"}],"wp:attachment":[{"href":"https:\/\/hi-techwonder.com\/es\/wp-json\/wp\/v2\/media?parent=72771"}],"wp:term":[{"taxonomy":"product_brand","embeddable":true,"href":"https:\/\/hi-techwonder.com\/es\/wp-json\/wp\/v2\/product_brand?post=72771"},{"taxonomy":"product_cat","embeddable":true,"href":"https:\/\/hi-techwonder.com\/es\/wp-json\/wp\/v2\/product_cat?post=72771"},{"taxonomy":"product_tag","embeddable":true,"href":"https:\/\/hi-techwonder.com\/es\/wp-json\/wp\/v2\/product_tag?post=72771"}],"curies":[{"name":"wp","href":"https:\/\/api.w.org\/{rel}","templated":true}]}}