{"id":72776,"date":"2025-07-28T23:45:37","date_gmt":"2025-07-28T23:45:37","guid":{"rendered":"https:\/\/fv6qoy3ls0.wpdns.site\/produto\/cierre-rapido-ilford-500-ml\/"},"modified":"2026-01-31T03:31:32","modified_gmt":"2026-01-31T03:31:32","slug":"ilford-cierre-rapido-ilford-500-ml","status":"publish","type":"product","link":"https:\/\/hi-techwonder.com\/es\/producto\/ilford-cierre-rapido-ilford-500-ml\/","title":{"rendered":"Cierre r\u00e1pido ILFORD 500 ml"},"content":{"rendered":"<div class=\"col-12 col-sm-12 col-md-7 col-xl-6 produtoIntro\" style=\"position: relative;width: 875px;padding-right: 15px;padding-left: 15px;flex: 0 0 50%;max-width: 50%;color: #212529;font-family: Montserrat, sans-serif;font-size: 16px;font-style: normal;font-weight: 400;letter-spacing: normal;text-align: left;text-indent: 0px;text-transform: none;white-space: normal;background-color: #ffffff\">&nbsp;<\/div>\n<div class=\"col-12 col-sm-12 col-md-5 col-xl-6 produtoImagens\" style=\"position: relative;width: 875px;padding-right: 15px;padding-left: 15px;flex: 0 0 50%;max-width: 50%;color: #212529;font-family: Montserrat, sans-serif;font-size: 16px;font-style: normal;font-weight: 400;letter-spacing: normal;text-align: left;text-indent: 0px;text-transform: none;white-space: normal;background-color: #ffffff\">Fijador l\u00edquido concentrado r\u00e1pido, no duradero para pel\u00edculas en blanco y negro y papeles fotogr\u00e1ficos RC y FB tradicionales.<\/div>\n<p style=\"font-style: normal\"><strong>Recursos:<\/strong><\/p>\n<ul>\n<li>\n<p style=\"margin-bottom: 0cm;border: none;padding: 0cm;font-style: normal;font-weight: normal;line-height: 0.48cm\">Concentrado l\u00edquido<\/p>\n<\/li>\n<\/ul>\n<ul>\n<li>\n<p style=\"margin-bottom: 0cm;border: none;padding: 0cm;font-style: normal;font-weight: normal;line-height: 0.48cm\">F\u00e1cil de usar<\/p>\n<\/li>\n<li>\n<p style=\"margin-bottom: 0cm;border: none;padding: 0cm;font-style: normal;font-weight: normal;line-height: 0.48cm\">Adecuado para pel\u00edcula y papel<\/p>\n<\/li>\n<li>\n<p style=\"margin-bottom: 0cm;border: none;padding: 0cm;font-style: normal;font-weight: normal;line-height: 0.48cm\">La diluci\u00f3n normal es 1+4 o 1+9<\/p>\n<\/li>\n<li>\n<p style=\"margin-bottom: 0cm;border: none;padding: 0cm;font-style: normal;font-weight: normal;line-height: 0.48cm\">Fijador no endurecedor<\/p>\n<\/li>\n<li>\n<p style=\"margin-bottom: 0cm;border: none;padding: 0cm;font-style: normal;font-weight: normal;line-height: 0.48cm\">Diluir con agua<\/p>\n<\/li>\n<\/ul>\n<p style=\"font-style: normal;font-weight: normal\">Ilford Rapid Fixer es un fijador r\u00e1pido que no se endurece y que se suministra como un concentrado l\u00edquido que debe diluirse con agua para su uso. Es f\u00e1cil y conveniente de usar en el rango de 18 \u00b0 C (66 \u00b0 F) para fijar pel\u00edculas y papel en blanco y negro en todas las aplicaciones de procesamiento manual y de m\u00e1quina. <\/p>\n<p style=\"font-style: normal;font-weight: normal\">El proceso de fijaci\u00f3n asegura que el latente permanezca en la pel\u00edcula o el papel. Este paso suele ir precedido de un enjuague de parada y seguido de un hipolavado para eliminar cualquier rastro del fijador que pueda causar manchas y degradaci\u00f3n de la imagen. <\/p>\n<p style=\"font-style: normal;font-weight: normal\">Con una diluci\u00f3n de 1+4, los papeles RC deben fijarse durante 1-2 minutos. Las impresiones a base de fibra deben fijarse durante 1-2 minutos. <\/p>\n<p style=\"font-style: normal;font-weight: normal\">Cabe se\u00f1alar que Ilford recomienda usar guantes, protecci\u00f3n para los ojos, un delantal o overoles al manipular y mezclar todos los productos qu\u00edmicos.<\/p>\n<dl>\n<dd style=\"margin-left: 0cm;margin-bottom: 0.5cm;border: none;padding: 0cm;font-style: normal;font-weight: normal;line-height: 0.74cm\">\u00daselo en el rango de temperatura de 18-40\u00baC (66-104\u00baF)<\/dd>\n<\/dl>\n<p style=\"font-style: normal;font-weight: normal\"><span style=\"text-decoration: underline\"><strong>Nota:<\/strong> Ilford Rapid Fixer no debe usarse con otros endurecedores de fijaci\u00f3n. El agente de fijaci\u00f3n en Ilford Rapid Fixer es tiosulfato de amonio y no contiene tiosulfato de sodio (hipo) <\/span><\/p>\n","protected":false},"excerpt":{"rendered":"<p>&nbsp; Fijador l\u00edquido concentrado r\u00e1pido, no duradero para pel\u00edculas en blanco y negro y papeles fotogr\u00e1ficos RC y FB tradicionales.<\/p>\n","protected":false},"featured_media":27281,"comment_status":"closed","ping_status":"open","template":"","meta":{"_acf_changed":false},"product_brand":[2601],"product_cat":[886],"product_tag":[],"class_list":{"0":"post-72776","1":"product","2":"type-product","3":"status-publish","4":"has-post-thumbnail","6":"product_brand-ilford-es","7":"product_cat-quimicos-es","9":"first","10":"pre-order","11":"taxable","12":"shipping-taxable","13":"purchasable","14":"product-type-simple"},"bundled_by":[],"bundle_stock_status":"pre-order","bundle_stock_quantity":null,"bundle_virtual":false,"bundle_layout":"","bundle_add_to_cart_form_location":"","bundle_editable_in_cart":false,"bundle_sold_individually_context":"","bundle_item_grouping":"","bundle_min_size":"","bundle_max_size":"","bundle_price":[],"bundled_items":[],"bundle_sell_ids":[],"acf":[],"_links":{"self":[{"href":"https:\/\/hi-techwonder.com\/es\/wp-json\/wp\/v2\/product\/72776","targetHints":{"allow":["GET"]}}],"collection":[{"href":"https:\/\/hi-techwonder.com\/es\/wp-json\/wp\/v2\/product"}],"about":[{"href":"https:\/\/hi-techwonder.com\/es\/wp-json\/wp\/v2\/types\/product"}],"replies":[{"embeddable":true,"href":"https:\/\/hi-techwonder.com\/es\/wp-json\/wp\/v2\/comments?post=72776"}],"wp:featuredmedia":[{"embeddable":true,"href":"https:\/\/hi-techwonder.com\/es\/wp-json\/wp\/v2\/media\/27281"}],"wp:attachment":[{"href":"https:\/\/hi-techwonder.com\/es\/wp-json\/wp\/v2\/media?parent=72776"}],"wp:term":[{"taxonomy":"product_brand","embeddable":true,"href":"https:\/\/hi-techwonder.com\/es\/wp-json\/wp\/v2\/product_brand?post=72776"},{"taxonomy":"product_cat","embeddable":true,"href":"https:\/\/hi-techwonder.com\/es\/wp-json\/wp\/v2\/product_cat?post=72776"},{"taxonomy":"product_tag","embeddable":true,"href":"https:\/\/hi-techwonder.com\/es\/wp-json\/wp\/v2\/product_tag?post=72776"}],"curies":[{"name":"wp","href":"https:\/\/api.w.org\/{rel}","templated":true}]}}