{"id":72779,"date":"2025-07-28T23:45:37","date_gmt":"2025-07-28T23:45:37","guid":{"rendered":"https:\/\/fv6qoy3ls0.wpdns.site\/produto\/ilford-c41-2-5l-kit\/"},"modified":"2026-01-09T10:29:55","modified_gmt":"2026-01-09T10:29:55","slug":"ilford-c41-2-5l-kit","status":"publish","type":"product","link":"https:\/\/hi-techwonder.com\/es\/producto\/ilford-c41-2-5l-kit\/","title":{"rendered":"ILFORD C41 2.5L Kit"},"content":{"rendered":"<p><strong>ILFORD C41 2.5L Kit<\/strong><\/p>\n<p>ILFOCOLOR C41 2.5L es un kit de procesamiento qu\u00edmico para pel\u00edcula negativa en color, adecuado para el revelado en procesadores y tanques de revelado.<\/p>\n<p>Todos los productos qu\u00edmicos son soluciones concentradas para hacer un trabajo de ba\u00f1o m\u00e1ximo de 2,5 litros, para procesar hasta 40 bobinas de pel\u00edcula de 35 mm o formato medio.<\/p>\n<p>El kit ILFOCOLOR C41 2.5L ofrece un excelente rendimiento de revelado.<\/p>\n<p>Se pueden obtener hasta 2,5 litros de soluci\u00f3n de trabajo con los productos qu\u00edmicos concentrados suministrados.<\/p>\n<p>Los l\u00edquidos concentrados se pueden medir de acuerdo con la cantidad de bobinas que desea procesar para obtener solo la soluci\u00f3n de trabajo requerida.<\/p>\n","protected":false},"excerpt":{"rendered":"<p>ILFORD C41 2.5L Kit ILFOCOLOR C41 2.5L es un kit de procesamiento qu\u00edmico para pel\u00edcula negativa en color, adecuado para<\/p>\n","protected":false},"featured_media":27287,"comment_status":"closed","ping_status":"open","template":"","meta":{"_acf_changed":false},"product_brand":[2601],"product_cat":[886],"product_tag":[],"class_list":{"0":"post-72779","1":"product","2":"type-product","3":"status-publish","4":"has-post-thumbnail","6":"product_brand-ilford-es","7":"product_cat-quimicos-es","9":"first","10":"instock","11":"taxable","12":"shipping-taxable","13":"purchasable","14":"product-type-simple"},"bundled_by":[],"bundle_stock_status":"instock","bundle_stock_quantity":1,"bundle_virtual":false,"bundle_layout":"","bundle_add_to_cart_form_location":"","bundle_editable_in_cart":false,"bundle_sold_individually_context":"","bundle_item_grouping":"","bundle_min_size":"","bundle_max_size":"","bundle_price":[],"bundled_items":[],"bundle_sell_ids":[],"acf":[],"_links":{"self":[{"href":"https:\/\/hi-techwonder.com\/es\/wp-json\/wp\/v2\/product\/72779","targetHints":{"allow":["GET"]}}],"collection":[{"href":"https:\/\/hi-techwonder.com\/es\/wp-json\/wp\/v2\/product"}],"about":[{"href":"https:\/\/hi-techwonder.com\/es\/wp-json\/wp\/v2\/types\/product"}],"replies":[{"embeddable":true,"href":"https:\/\/hi-techwonder.com\/es\/wp-json\/wp\/v2\/comments?post=72779"}],"wp:featuredmedia":[{"embeddable":true,"href":"https:\/\/hi-techwonder.com\/es\/wp-json\/wp\/v2\/media\/27287"}],"wp:attachment":[{"href":"https:\/\/hi-techwonder.com\/es\/wp-json\/wp\/v2\/media?parent=72779"}],"wp:term":[{"taxonomy":"product_brand","embeddable":true,"href":"https:\/\/hi-techwonder.com\/es\/wp-json\/wp\/v2\/product_brand?post=72779"},{"taxonomy":"product_cat","embeddable":true,"href":"https:\/\/hi-techwonder.com\/es\/wp-json\/wp\/v2\/product_cat?post=72779"},{"taxonomy":"product_tag","embeddable":true,"href":"https:\/\/hi-techwonder.com\/es\/wp-json\/wp\/v2\/product_tag?post=72779"}],"curies":[{"name":"wp","href":"https:\/\/api.w.org\/{rel}","templated":true}]}}