{"id":72780,"date":"2025-07-29T08:52:06","date_gmt":"2025-07-29T08:52:06","guid":{"rendered":"https:\/\/fv6qoy3ls0.wpdns.site\/produto\/camara-reutilizable-ilford-35mm-con-flash-2-rollos\/"},"modified":"2026-04-21T11:47:34","modified_gmt":"2026-04-21T10:47:34","slug":"ilford-camara-reutilizable-ilford-35mm-con-flash-2-rollos","status":"publish","type":"product","link":"https:\/\/hi-techwonder.com\/es\/producto\/ilford-camara-reutilizable-ilford-35mm-con-flash-2-rollos\/","title":{"rendered":"C\u00e1mara reutilizable ILFORD 35mm con flash + 2 rollos"},"content":{"rendered":"<div id=\"Signature\" style=\"margin: 0px;padding: 0px;border: 0px;font: inherit;vertical-align: baseline;color: inherit\">\n<div style=\"margin: 0px;padding: 0px;border: 0px;font: inherit;vertical-align: baseline;color: inherit\">\n<div style=\"margin: 0px;padding: 0px;border: 0px;font-style: normal;font-weight: 400;font-size: 14px;line-height: inherit;vertical-align: baseline;color: #000000;letter-spacing: normal;text-align: start;text-indent: 0px;text-transform: none;white-space: normal;background-color: #ffffff\">&nbsp;<\/div>\n<div id=\"divtagdefaultwrapper\" style=\"margin: 0px;padding: 0px;border: 0px;font-style: normal;font-weight: 400;font-size: 12pt;line-height: inherit;font-family: Calibri, Arial, Helvetica, sans-serif;vertical-align: baseline;color: #000000;letter-spacing: normal;text-align: start;text-indent: 0px;text-transform: none;white-space: normal;background-color: #ffffff\"><\/div>\n<\/div>\n<\/div>\n<div style=\"margin: 0px;padding: 0px;border: 0px;font-style: inherit;font-variant: inherit;font-weight: inherit;font-size: 12pt;line-height: inherit;font-family: Calibri, Arial, Helvetica, sans-serif;vertical-align: baseline;color: #000000\">C\u00e1mara reutilizable con flash fabricada en pl\u00e1stico ABS, muy resistente a los impactos.  Incluye dos carretes de pel\u00edcula Kentmere 400 de 35 mm de 36 exposiciones. Tiene una lente de un solo elemento de 31 mm F = 10. El rango de enfoque es de 1 metro hasta el infinito. El transporte de la pel\u00edcula es manual. El tiempo de recuperaci\u00f3n flash es de 15 segundos.   <\/div>\n<div style=\"margin: 0px;padding: 0px;border: 0px;font-style: inherit;font-variant: inherit;font-weight: inherit;font-size: 12pt;line-height: inherit;font-family: Calibri, Arial, Helvetica, sans-serif;vertical-align: baseline;color: #000000\">\n<div style=\"margin: 0px;padding: 0px;border: 0px;font: inherit;vertical-align: baseline;color: inherit\">\n<div id=\"Signature\" style=\"margin: 0px;padding: 0px;border: 0px;font: inherit;vertical-align: baseline;color: inherit\">\n<div style=\"margin: 0px;padding: 0px;border: 0px;font: inherit;vertical-align: baseline;color: inherit\">\n<div style=\"margin: 0px;padding: 0px;border: 0px;font-size: 14px;line-height: inherit;vertical-align: baseline;background-color: #ffffff\">&nbsp;<\/div>\n<div id=\"divtagdefaultwrapper\" style=\"margin: 0px;padding: 0px;border: 0px;font-size: 12pt;line-height: inherit;vertical-align: baseline;background-color: #ffffff\"><\/div>\n<\/div>\n<\/div>\n<\/div>\n<\/div>\n<div style=\"margin: 0px;padding: 0px;border: 0px;font-style: inherit;font-variant: inherit;font-weight: inherit;font-size: 12pt;line-height: inherit;font-family: Calibri, Arial, Helvetica, sans-serif;vertical-align: baseline;color: #000000\">&nbsp;<\/div>\n<div style=\"margin: 0px;padding: 0px;border: 0px;font-style: inherit;font-variant: inherit;font-weight: inherit;font-size: 12pt;line-height: inherit;font-family: Calibri, Arial, Helvetica, sans-serif;vertical-align: baseline;color: #000000\">Incluye:<\/div>\n<ul>\n<li style=\"border: 0px;font-style: inherit;font-variant: inherit;font-weight: inherit;font-size: 12pt;line-height: inherit;font-family: Calibri, Arial, Helvetica, sans-serif;vertical-align: baseline;color: #000000\">2x Carretes de pel\u00edcula Kentmere 400 35mm 36 Exposures,<\/li>\n<li style=\"border: 0px;font-style: inherit;font-variant: inherit;font-weight: inherit;font-size: 12pt;line-height: inherit;font-family: Calibri, Arial, Helvetica, sans-serif;vertical-align: baseline;color: #000000\">1x pila AAA,<\/li>\n<li style=\"border: 0px;font-style: inherit;font-variant: inherit;font-weight: inherit;font-size: 12pt;line-height: inherit;font-family: Calibri, Arial, Helvetica, sans-serif;vertical-align: baseline;color: #000000\">1x Pulsera<\/li>\n<\/ul>\n","protected":false},"excerpt":{"rendered":"<p>&nbsp; C\u00e1mara reutilizable con flash fabricada en pl\u00e1stico ABS, muy resistente a los impactos. Incluye dos carretes de pel\u00edcula Kentmere<\/p>\n","protected":false},"featured_media":41997,"comment_status":"closed","ping_status":"open","template":"","meta":{"_acf_changed":false},"product_brand":[2601],"product_cat":[924],"product_tag":[],"class_list":{"0":"post-72780","1":"product","2":"type-product","3":"status-publish","4":"has-post-thumbnail","6":"product_brand-ilford-es","7":"product_cat-analogicas-es","9":"first","10":"pre-order","11":"taxable","12":"shipping-taxable","13":"purchasable","14":"product-type-simple"},"bundled_by":[],"bundle_stock_status":"pre-order","bundle_stock_quantity":null,"bundle_virtual":false,"bundle_layout":"","bundle_add_to_cart_form_location":"","bundle_editable_in_cart":false,"bundle_sold_individually_context":"","bundle_item_grouping":"","bundle_min_size":"","bundle_max_size":"","bundle_price":[],"bundled_items":[],"bundle_sell_ids":[],"acf":[],"_links":{"self":[{"href":"https:\/\/hi-techwonder.com\/es\/wp-json\/wp\/v2\/product\/72780","targetHints":{"allow":["GET"]}}],"collection":[{"href":"https:\/\/hi-techwonder.com\/es\/wp-json\/wp\/v2\/product"}],"about":[{"href":"https:\/\/hi-techwonder.com\/es\/wp-json\/wp\/v2\/types\/product"}],"replies":[{"embeddable":true,"href":"https:\/\/hi-techwonder.com\/es\/wp-json\/wp\/v2\/comments?post=72780"}],"wp:featuredmedia":[{"embeddable":true,"href":"https:\/\/hi-techwonder.com\/es\/wp-json\/wp\/v2\/media\/41997"}],"wp:attachment":[{"href":"https:\/\/hi-techwonder.com\/es\/wp-json\/wp\/v2\/media?parent=72780"}],"wp:term":[{"taxonomy":"product_brand","embeddable":true,"href":"https:\/\/hi-techwonder.com\/es\/wp-json\/wp\/v2\/product_brand?post=72780"},{"taxonomy":"product_cat","embeddable":true,"href":"https:\/\/hi-techwonder.com\/es\/wp-json\/wp\/v2\/product_cat?post=72780"},{"taxonomy":"product_tag","embeddable":true,"href":"https:\/\/hi-techwonder.com\/es\/wp-json\/wp\/v2\/product_tag?post=72780"}],"curies":[{"name":"wp","href":"https:\/\/api.w.org\/{rel}","templated":true}]}}