{"id":72781,"date":"2025-07-28T23:44:54","date_gmt":"2025-07-28T23:44:54","guid":{"rendered":"https:\/\/fv6qoy3ls0.wpdns.site\/produto\/kit-de-inicio-ilford-paterson-ptp575\/"},"modified":"2026-01-31T03:32:31","modified_gmt":"2026-01-31T03:32:31","slug":"ilford-paterson-kit-de-inicio-ilford-paterson-ptp575","status":"publish","type":"product","link":"https:\/\/hi-techwonder.com\/es\/producto\/ilford-paterson-kit-de-inicio-ilford-paterson-ptp575\/","title":{"rendered":"Kit de inicio ILFORD &amp; PATERSON PTP575"},"content":{"rendered":"<p><strong>Kit de inicio Paterson PTP575<\/strong><\/p>\n<p>Hacer impresiones tradicionales en blanco y negro en una habitaci\u00f3n oscura es uno de los aspectos m\u00e1s duraderos y atractivos de la fotograf\u00eda de pel\u00edcula, pero para muchos puede parecer abrumador al principio.<\/p>\n<p>Este kit de inicio es una forma pr\u00e1ctica y asequible de crear hermosas impresiones a partir de sus negativos. Re\u00fane una selecci\u00f3n de equipos y materiales esenciales para el cuarto oscuro de dos de los principales fabricantes de c\u00e1maras anal\u00f3gicas del Reino Unido, lo que lo convierte en una excelente opci\u00f3n para todos los fot\u00f3grafos de cine que buscan un cuarto oscuro en casa. <\/p>\n<p><strong>Contenido:<\/strong><\/p>\n<ul>\n<li>1 x Caja de papel ILFORD MULTIGRADE RC DELUXE 8 x 10 Pearl<\/li>\n<li>1 botella de 500 ml de revelador ILFORD MULTIGRADE<\/li>\n<li>1 botella de 500 ml ILFORD ILFOSTOP (Stop Bath)<\/li>\n<li>1 botella de 500ml de ILFORD QUICK FIXER<\/li>\n<li>1 x Cilindro graduado Paterson 1200ml<\/li>\n<li>1 x Cilindro graduado Paterson 150ml<\/li>\n<li>1 x Mezclador qu\u00edmico Paterson<\/li>\n<li>1 x Term\u00f3metro Paterson peque\u00f1o (9&#8243;)<\/li>\n<li>3 x Bandejas Paterson 8&#215;10 (rojo \/ blanco \/ gris)<\/li>\n<li>3 x Pinzas de impresi\u00f3n Paterson (Rojo \/ Blanco \/ Gris)<\/li>\n<li>1 x Buscador de microenfoque Paterson<\/li>\n<\/ul>\n<p><strong>Caracter\u00edsticas t\u00e9cnicas:<\/strong><\/p>\n<ul>\n<li>Dimensiones: 33 x 29 x 23 cm<\/li>\n<li>Peso: 4,5 kg&nbsp;<\/li>\n<\/ul>\n","protected":false},"excerpt":{"rendered":"<p>Kit de inicio Paterson PTP575 Hacer impresiones tradicionales en blanco y negro en una habitaci\u00f3n oscura es uno de los<\/p>\n","protected":false},"featured_media":27101,"comment_status":"closed","ping_status":"open","template":"","meta":{"_acf_changed":false},"product_brand":[2607],"product_cat":[880],"product_tag":[],"class_list":{"0":"post-72781","1":"product","2":"type-product","3":"status-publish","4":"has-post-thumbnail","6":"product_brand-ilford-paterson-es","7":"product_cat-accesorios","9":"first","10":"onbackorder","11":"taxable","12":"shipping-taxable","13":"purchasable","14":"product-type-simple"},"bundled_by":[],"bundle_stock_status":"onbackorder","bundle_stock_quantity":null,"bundle_virtual":false,"bundle_layout":"","bundle_add_to_cart_form_location":"","bundle_editable_in_cart":false,"bundle_sold_individually_context":"","bundle_item_grouping":"","bundle_min_size":"","bundle_max_size":"","bundle_price":[],"bundled_items":[],"bundle_sell_ids":[],"acf":[],"_links":{"self":[{"href":"https:\/\/hi-techwonder.com\/es\/wp-json\/wp\/v2\/product\/72781","targetHints":{"allow":["GET"]}}],"collection":[{"href":"https:\/\/hi-techwonder.com\/es\/wp-json\/wp\/v2\/product"}],"about":[{"href":"https:\/\/hi-techwonder.com\/es\/wp-json\/wp\/v2\/types\/product"}],"replies":[{"embeddable":true,"href":"https:\/\/hi-techwonder.com\/es\/wp-json\/wp\/v2\/comments?post=72781"}],"wp:featuredmedia":[{"embeddable":true,"href":"https:\/\/hi-techwonder.com\/es\/wp-json\/wp\/v2\/media\/27101"}],"wp:attachment":[{"href":"https:\/\/hi-techwonder.com\/es\/wp-json\/wp\/v2\/media?parent=72781"}],"wp:term":[{"taxonomy":"product_brand","embeddable":true,"href":"https:\/\/hi-techwonder.com\/es\/wp-json\/wp\/v2\/product_brand?post=72781"},{"taxonomy":"product_cat","embeddable":true,"href":"https:\/\/hi-techwonder.com\/es\/wp-json\/wp\/v2\/product_cat?post=72781"},{"taxonomy":"product_tag","embeddable":true,"href":"https:\/\/hi-techwonder.com\/es\/wp-json\/wp\/v2\/product_tag?post=72781"}],"curies":[{"name":"wp","href":"https:\/\/api.w.org\/{rel}","templated":true}]}}