{"id":72785,"date":"2025-07-28T23:32:34","date_gmt":"2025-07-28T23:32:34","guid":{"rendered":"https:\/\/fv6qoy3ls0.wpdns.site\/produto\/ifootage-electric-ray-e1-usb-np-fw50-acoplador\/"},"modified":"2025-12-19T17:38:26","modified_gmt":"2025-12-19T17:38:26","slug":"ifootage-electric-ray-e1-usb-np-fw50-acoplador","status":"publish","type":"product","link":"https:\/\/hi-techwonder.com\/es\/producto\/ifootage-electric-ray-e1-usb-np-fw50-acoplador\/","title":{"rendered":"IFOOTAGE Electric Ray E1 USB + NP-FW50 Acoplador"},"content":{"rendered":"<p><span style=\"font-size: small;\"><strong>ASPECTOS DESTACADOS DEL PRODUCTO<\/strong><\/p>\n<p><\/span><\/p>\n<ul>\n<li><span style=\"font-size: small;\">Convertidor de corriente USB E1 para c\u00e1maras<\/span><\/li>\n<li><span style=\"font-size: small;\">Proporciona 3-5x de energ\u00eda de la bater\u00eda de la c\u00e1mara<\/span><\/li>\n<li><span style=\"font-size: small;\">Extiende el tiempo de ejecuci\u00f3n de la c\u00e1mara<\/span><\/li>\n<li><span style=\"font-size: small;\">Cabe f\u00e1cilmente en tu bolsillo<\/span><\/li>\n<li><span style=\"font-size: small;\">Potencia de entrada 5V, 2A<\/span><\/li>\n<li><span style=\"font-size: small;\">Salida de 8,4 V, 1,2 ~ 2 A<\/span><\/li>\n<li><span style=\"font-size: small;\">Fabricado en aluminio anodizado y pl\u00e1stico ABS<\/span><\/li>\n<li><span style=\"font-size: small;\">Acoplador de bater\u00eda para Sony FW-50<\/span><\/li>\n<li><span style=\"font-size: small;\">Para c\u00e1maras Sony con FW-50<\/span><\/li>\n<\/ul>\n<p><object data=\"https:\/\/www.youtube.com\/v\/pIXFe6gK9Es\" type=\"application\/x-shockwave-flash\" width=\"425\" height=\"350\"><param name=\"src\" value=\"https:\/\/www.youtube.com\/v\/pIXFe6gK9Es\"><\/object><span style=\"font-size: small;\"><br \/><\/span><\/p>\n<p><span style=\"font-size: small;\">Obtenga la energ\u00eda que necesita para la captura de fotos o videos a largo plazo sin tener que estar enchufado a una toma de CA, gracias al convertidor de corriente USB iFootage Electric Ray E1 y al kit de acoplador de bater\u00eda Sony FW-50 de B&amp;H Photo. La E1 proporciona de 3 a 5 veces m\u00e1s energ\u00eda de la bater\u00eda que la c\u00e1mara est\u00e1ndar para tiempos de disparo prolongados al capturar im\u00e1genes para bodas, videos de lapso de tiempo o cualquier otro evento o proyecto que requiera energ\u00eda ininterrumpida. <\/p>\n<p>El acoplador suministrado le permite utilizar esta potencia duradera y de bolsillo en c\u00e1maras Sony que aceptan el FW-50. Es compatible con las c\u00e1maras Alpha a3000, a3500, a5000, a5100, a6000, a6300, a6500, a7, a7 II, a7R, a7R II, a7S, a7S II, NEX-3, NEX-5, NEX-5N, NEX-5R, NEX-5T, NEX-6, NEX-7, SLT-A33, SLT-A35, SLT-A37 y SLT-A55, as\u00ed como con las c\u00e1maras QX1, RX10, RX10 II y RX10 III. <br \/><\/span><\/p>\n<p><span style=\"font-size: small;\"><strong>Convertidor de energ\u00eda USB iFootage Electric Ray E1 para c\u00e1maras<\/strong><br \/>El convertidor de corriente USB iFootage Electric Ray E1 es compatible con c\u00e1maras de Sony, Nikon y Canon. Cuenta con una estructura mecanizada por CNC y componentes de aluminio anodizado, adem\u00e1s de ser resistente a la abrasi\u00f3n. El convertidor alimenta su c\u00e1mara directamente, evitando da\u00f1os en la bater\u00eda que pueden ocurrir con la carga y descarga frecuentes.<br \/>La unidad de montaje de 1\/4&#8243; y la correa el\u00e1stica del convertidor le permiten montarlo en su c\u00e1mara, tr\u00edpode o cualquier otra \u00e1rea que pueda caber en la correa. Electric Ray E1 le permite operar su c\u00e1mara con la m\u00e1xima funci\u00f3n en ambientes fr\u00edos de hasta -58 \u00b0 F.   <\/p>\n<p><strong>iFootage Sony FW50 Acoplador de bater\u00eda<\/strong><br \/>El acoplador de bater\u00eda Sony FW50 de iFootage es un accesorio para el convertidor de corriente Electric Ray E1 que le permite alimentar directamente cualquier c\u00e1mara Sony que use una bater\u00eda FW50. Un extremo encaja dentro del compartimiento de la bater\u00eda, mientras que el otro extremo es un conector de barril que se conecta al convertidor de potencia. <\/span><\/p>\n<p><span style=\"font-size: small;\">&nbsp;<\/span><\/p>\n<p style=\"margin-bottom: 0cm;\"><span style=\"font-size: small;\">&nbsp;<\/span><\/p>\n<p><span style=\"font-size: small;\"> <\/span><\/p>\n<p><span style=\"font-size: small;\"> <\/span><\/p>\n<table style=\"width: 509px;\" border=\"0\" cellspacing=\"0\" cellpadding=\"2\">\n<colgroup>\n<col width=\"178\"><\/colgroup>\n<colgroup>\n<col width=\"323\"><\/colgroup>\n<tbody>\n<tr>\n<td width=\"178\">\n<p style=\"padding: 0cm 0cm 0.53cm; border: medium medium 1px none none solid currentcolor currentcolor #e6e7e8;\"><span style=\"font-size: small;\">Qu\u00edmica<\/span><\/p>\n<\/td>\n<td width=\"323\">\n<p style=\"padding: 0cm 0cm 0.53cm; border: medium medium 1px none none solid currentcolor currentcolor #e6e7e8;\"><span style=\"font-size: small;\">No especificado por el fabricante<\/span><\/p>\n<\/td>\n<\/tr>\n<tr>\n<td width=\"178\">\n<p style=\"padding: 0cm 0cm 0.53cm; border: medium medium 1px none none solid currentcolor currentcolor #e6e7e8;\"><span style=\"font-size: small;\">Entrada<\/span><\/p>\n<\/td>\n<td width=\"323\">\n<p style=\"padding: 0cm 0cm 0.53cm; border: medium medium 1px none none solid currentcolor currentcolor #e6e7e8;\"><span style=\"font-size: small;\">5V \/ 2A<\/span><\/p>\n<\/td>\n<\/tr>\n<tr>\n<td width=\"178\">\n<p style=\"padding: 0cm 0cm 0.53cm; border: medium medium 1px none none solid currentcolor currentcolor #e6e7e8;\"><span style=\"font-size: small;\">Voltaje de salida<\/span><\/p>\n<\/td>\n<td width=\"323\">\n<p style=\"padding: 0cm 0cm 0.53cm; border: medium medium 1px none none solid currentcolor currentcolor #e6e7e8;\"><span style=\"font-size: small;\">8,4 V\/1,2 A 2 A<\/span><\/p>\n<\/td>\n<\/tr>\n<tr>\n<td width=\"178\">\n<p style=\"padding: 0cm 0cm 0.53cm; border: medium medium 1px none none solid currentcolor currentcolor #e6e7e8;\"><span style=\"font-size: small;\">Interfaz de salida<\/span><\/p>\n<\/td>\n<td width=\"323\">\n<p style=\"padding: 0cm 0cm 0.53cm; border: medium medium 1px none none solid currentcolor currentcolor #e6e7e8;\"><span style=\"font-size: small;\">USB 2.0<\/span><\/p>\n<\/td>\n<\/tr>\n<tr>\n<td width=\"178\">\n<p style=\"padding: 0cm 0cm 0.53cm; border: medium medium 1px none none solid currentcolor currentcolor #e6e7e8;\"><span style=\"font-size: small;\">Protocolo<\/span><\/p>\n<\/td>\n<td width=\"323\">\n<p style=\"padding: 0cm 0cm 0.53cm; border: medium medium 1px none none solid currentcolor currentcolor #e6e7e8;\"><span style=\"font-size: small;\">Cargador r\u00e1pido: Qualcomm Quick Charge<\/span><\/p>\n<\/td>\n<\/tr>\n<tr>\n<td width=\"178\">\n<p style=\"padding: 0cm 0cm 0.53cm; border: medium medium 1px none none solid currentcolor currentcolor #e6e7e8;\"><span style=\"font-size: small;\">Material<\/span><\/p>\n<\/td>\n<td width=\"323\">\n<p style=\"padding: 0cm 0cm 0.53cm; border: medium medium 1px none none solid currentcolor currentcolor #e6e7e8;\"><span style=\"font-size: small;\">Aluminio\/ABS<\/span><\/p>\n<\/td>\n<\/tr>\n<tr>\n<td width=\"178\">\n<p style=\"padding: 0cm 0cm 0.53cm; border: medium medium 1px none none solid currentcolor currentcolor #e6e7e8;\"><span style=\"font-size: small;\">Eficacia<\/span><\/p>\n<\/td>\n<td width=\"323\">\n<p style=\"padding: 0cm 0cm 0.53cm; border: medium medium 1px none none solid currentcolor currentcolor #e6e7e8;\"><span style=\"font-size: small;\">93%<\/span><\/p>\n<\/td>\n<\/tr>\n<tr>\n<td width=\"178\">\n<p style=\"padding: 0cm 0cm 0.53cm; border: medium medium 1px none none solid currentcolor currentcolor #e6e7e8;\"><span style=\"font-size: small;\">Temperatura de trabajo<\/span><\/p>\n<\/td>\n<td width=\"323\">\n<p style=\"padding: 0cm 0cm 0.53cm; border: medium medium 1px none none solid currentcolor currentcolor #e6e7e8;\"><span style=\"font-size: small;\">-58 a 140 \u00b0F (-50 a 60 \u00b0C)<\/span><\/p>\n<\/td>\n<\/tr>\n<tr>\n<td width=\"178\">\n<p style=\"padding: 0cm 0cm 0.53cm; border: medium medium 1px none none solid currentcolor currentcolor #e6e7e8;\"><span style=\"font-size: small;\">Dimensiones<\/span><\/p>\n<\/td>\n<td width=\"323\">\n<p style=\"padding: 0cm 0cm 0.53cm; border: medium medium 1px none none solid currentcolor currentcolor #e6e7e8;\"><span style=\"font-size: small;\">2,5 x 1,9 x 0,6&#8243; (66 x 50 x 16,5 mm)<\/span><\/p>\n<\/td>\n<\/tr>\n<tr>\n<td width=\"178\">\n<p style=\"padding: 0cm 0cm 0.53cm; border: medium medium 1px none none solid currentcolor currentcolor #e6e7e8;\"><span style=\"font-size: small;\">Peso<\/span><\/p>\n<\/td>\n<td width=\"323\">\n<p style=\"padding: 0cm 0cm 0.53cm; border: medium medium 1px none none solid currentcolor currentcolor #e6e7e8;\"><span style=\"font-size: small;\">46 g (1,6 oz)<\/span><\/p>\n<\/td>\n<\/tr>\n<\/tbody>\n<\/table>\n<p><span style=\"font-size: small;\"> <\/span><\/p>\n<p><strong> <\/strong><span style=\"font-size: small;\"><strong>iFootage Sony FW50 Acoplador de bater\u00eda<\/strong><br \/><\/span><\/p>\n<p><span style=\"font-size: small;\"> <\/span><\/p>\n<p><span style=\"font-size: small;\"> <\/span><\/p>\n<p><span style=\"font-size: small;\"> <\/span><\/p>\n<table style=\"width: 643px;\" border=\"0\" cellspacing=\"0\" cellpadding=\"2\">\n<colgroup>\n<col width=\"115\"><\/colgroup>\n<colgroup>\n<col width=\"520\"><\/colgroup>\n<tbody>\n<tr>\n<td width=\"115\">\n<p style=\"padding: 0cm 0cm 0.53cm; border: medium medium 1px none none solid currentcolor currentcolor #e6e7e8;\"><span style=\"font-size: small;\">Compatible con<\/span><\/p>\n<\/td>\n<td width=\"520\">\n<p style=\"padding: 0cm 0cm 0.53cm; border: medium medium 1px none none solid currentcolor currentcolor #e6e7e8;\"><span style=\"font-size: small;\">C\u00e1maras Sony que utilizan la bater\u00eda FW50, incluidas a7, a7 II, a7S, a7S II, a7R, a7R II, a5000, a5100, a6000 y a6300.<\/span><\/p>\n<\/td>\n<\/tr>\n<\/tbody>\n<\/table>\n<p><span style=\"font-size: small;\"> <\/span><\/p>\n<p><span style=\"font-size: small;\"><\/p>\n<p><\/span><\/p>\n","protected":false},"excerpt":{"rendered":"<p>ASPECTOS DESTACADOS DEL PRODUCTO Convertidor de corriente USB E1 para c\u00e1maras Proporciona 3-5x de energ\u00eda de la bater\u00eda de la<\/p>\n","protected":false},"featured_media":23569,"comment_status":"closed","ping_status":"open","template":"","meta":{"_acf_changed":false},"product_brand":[2570],"product_cat":[874],"product_tag":[],"class_list":{"0":"post-72785","1":"product","2":"type-product","3":"status-publish","4":"has-post-thumbnail","6":"product_brand-ifootage-es","7":"product_cat-sony-cargadores","9":"first","10":"instock","11":"taxable","12":"shipping-taxable","13":"purchasable","14":"product-type-simple"},"bundled_by":[],"bundle_stock_status":"instock","bundle_stock_quantity":1,"bundle_virtual":false,"bundle_layout":"","bundle_add_to_cart_form_location":"","bundle_editable_in_cart":false,"bundle_sold_individually_context":"","bundle_item_grouping":"","bundle_min_size":"","bundle_max_size":"","bundle_price":[],"bundled_items":[],"bundle_sell_ids":[],"acf":[],"_links":{"self":[{"href":"https:\/\/hi-techwonder.com\/es\/wp-json\/wp\/v2\/product\/72785","targetHints":{"allow":["GET"]}}],"collection":[{"href":"https:\/\/hi-techwonder.com\/es\/wp-json\/wp\/v2\/product"}],"about":[{"href":"https:\/\/hi-techwonder.com\/es\/wp-json\/wp\/v2\/types\/product"}],"replies":[{"embeddable":true,"href":"https:\/\/hi-techwonder.com\/es\/wp-json\/wp\/v2\/comments?post=72785"}],"wp:featuredmedia":[{"embeddable":true,"href":"https:\/\/hi-techwonder.com\/es\/wp-json\/wp\/v2\/media\/23569"}],"wp:attachment":[{"href":"https:\/\/hi-techwonder.com\/es\/wp-json\/wp\/v2\/media?parent=72785"}],"wp:term":[{"taxonomy":"product_brand","embeddable":true,"href":"https:\/\/hi-techwonder.com\/es\/wp-json\/wp\/v2\/product_brand?post=72785"},{"taxonomy":"product_cat","embeddable":true,"href":"https:\/\/hi-techwonder.com\/es\/wp-json\/wp\/v2\/product_cat?post=72785"},{"taxonomy":"product_tag","embeddable":true,"href":"https:\/\/hi-techwonder.com\/es\/wp-json\/wp\/v2\/product_tag?post=72785"}],"curies":[{"name":"wp","href":"https:\/\/api.w.org\/{rel}","templated":true}]}}