{"id":72786,"date":"2025-07-28T23:44:54","date_gmt":"2025-07-28T23:44:54","guid":{"rendered":"https:\/\/fv6qoy3ls0.wpdns.site\/produto\/botella-de-fuelle-htw-ap-1000ml\/"},"modified":"2026-03-31T16:47:26","modified_gmt":"2026-03-31T15:47:26","slug":"htw-botella-de-fuelle-htw-ap-1000ml","status":"publish","type":"product","link":"https:\/\/hi-techwonder.com\/es\/producto\/htw-botella-de-fuelle-htw-ap-1000ml\/","title":{"rendered":"Botella de fuelle HTW AP &#8211; 1000ml"},"content":{"rendered":"<p><strong>Botella de fuelle AP &#8211; 450-1000ml<\/strong><\/p>\n<div align=\"justify\">Botella de fuelle negro, para productos qu\u00edmicos de fotograf\u00eda.<\/p>\n<p>La pared de la botella se puede comprimir, de modo que su volumen se ajusta seg\u00fan la cantidad de l\u00edquido, evitando que quede aire dentro de la botella, reduciendo as\u00ed el riesgo de oxidaci\u00f3n, prolongando la vida \u00fatil del producto.<\/p>\n<p>Con tap\u00f3n de rosca.<\/p><\/div>\n","protected":false},"excerpt":{"rendered":"<p>Botella de fuelle AP &#8211; 450-1000ml Botella de fuelle negro, para productos qu\u00edmicos de fotograf\u00eda. La pared de la botella<\/p>\n","protected":false},"featured_media":27093,"comment_status":"closed","ping_status":"open","template":"","meta":{"_acf_changed":false},"product_brand":[2561],"product_cat":[880],"product_tag":[],"class_list":{"0":"post-72786","1":"product","2":"type-product","3":"status-publish","4":"has-post-thumbnail","6":"product_brand-htw-es","7":"product_cat-accesorios","9":"first","10":"pre-order","11":"taxable","12":"shipping-taxable","13":"purchasable","14":"product-type-simple"},"bundled_by":[],"bundle_stock_status":"pre-order","bundle_stock_quantity":null,"bundle_virtual":false,"bundle_layout":"","bundle_add_to_cart_form_location":"","bundle_editable_in_cart":false,"bundle_sold_individually_context":"","bundle_item_grouping":"","bundle_min_size":"","bundle_max_size":"","bundle_price":[],"bundled_items":[],"bundle_sell_ids":[],"acf":[],"_links":{"self":[{"href":"https:\/\/hi-techwonder.com\/es\/wp-json\/wp\/v2\/product\/72786","targetHints":{"allow":["GET"]}}],"collection":[{"href":"https:\/\/hi-techwonder.com\/es\/wp-json\/wp\/v2\/product"}],"about":[{"href":"https:\/\/hi-techwonder.com\/es\/wp-json\/wp\/v2\/types\/product"}],"replies":[{"embeddable":true,"href":"https:\/\/hi-techwonder.com\/es\/wp-json\/wp\/v2\/comments?post=72786"}],"wp:featuredmedia":[{"embeddable":true,"href":"https:\/\/hi-techwonder.com\/es\/wp-json\/wp\/v2\/media\/27093"}],"wp:attachment":[{"href":"https:\/\/hi-techwonder.com\/es\/wp-json\/wp\/v2\/media?parent=72786"}],"wp:term":[{"taxonomy":"product_brand","embeddable":true,"href":"https:\/\/hi-techwonder.com\/es\/wp-json\/wp\/v2\/product_brand?post=72786"},{"taxonomy":"product_cat","embeddable":true,"href":"https:\/\/hi-techwonder.com\/es\/wp-json\/wp\/v2\/product_cat?post=72786"},{"taxonomy":"product_tag","embeddable":true,"href":"https:\/\/hi-techwonder.com\/es\/wp-json\/wp\/v2\/product_tag?post=72786"}],"curies":[{"name":"wp","href":"https:\/\/api.w.org\/{rel}","templated":true}]}}