{"id":72787,"date":"2025-07-28T23:31:21","date_gmt":"2025-07-28T23:31:21","guid":{"rendered":"https:\/\/fv6qoy3ls0.wpdns.site\/produto\/acoplador-ifootage-electric-ray-e1-usb-lp-e6\/"},"modified":"2026-02-16T15:01:40","modified_gmt":"2026-02-16T15:01:40","slug":"ifootage-acoplador-ifootage-electric-ray-e1-usb-lp-e6","status":"publish","type":"product","link":"https:\/\/hi-techwonder.com\/es\/producto\/ifootage-acoplador-ifootage-electric-ray-e1-usb-lp-e6\/","title":{"rendered":"IFOOTAGE Acoplador Electric Ray E1 USB + LP-E6"},"content":{"rendered":"<p><span style=\"font-size: small\"><strong>ASPECTOS DESTACADOS DEL PRODUCTO<\/strong><br \/><\/span><\/p>\n<ul>\n<li> <span style=\"font-size: small\">Convertidor de corriente USB E1 para c\u00e1maras<br \/><\/span><\/li>\n<li> <span style=\"font-size: small\">Proporciona 3-5x de energ\u00eda de la bater\u00eda de la c\u00e1mara<br \/><\/span><\/li>\n<li> <span style=\"font-size: small\">Extiende el tiempo de ejecuci\u00f3n de la c\u00e1mara<br \/><\/span><\/li>\n<li> <span style=\"font-size: small\">Cabe f\u00e1cilmente en tu bolsillo<br \/><\/span><\/li>\n<li> <span style=\"font-size: small\">Potencia de entrada 5V, 2A<br \/><\/span><\/li>\n<li> <span style=\"font-size: small\">Salida de 8,4 V, 1,2 ~ 2 A<br \/><\/span><\/li>\n<li> <span style=\"font-size: small\">Fabricado en aluminio anodizado y pl\u00e1stico ABS<br \/><\/span><\/li>\n<li> <span style=\"font-size: small\">Acoplador de bater\u00eda para Canon DR-E6<br \/><\/span><\/li>\n<li> <span style=\"font-size: small\">Para c\u00e1maras Canon que utilizan DR-E6<\/span><\/li>\n<\/ul>\n<p><span style=\"font-size: small\"> <\/span><\/p>\n<p><object><\/object><span style=\"font-size: small\"><br \/><\/span><\/p>\n<p> <span style=\"font-size: small\">Obtenga la energ\u00eda que necesita para la captura de fotos o videos a largo plazo sin necesidad de estar enchufado a una toma de CA, gracias al convertidor de corriente USB iFootage Electric Ray E1 y al kit de acoplamiento de bater\u00eda Canon DR-E6 de B&amp;H Photo.<br \/><\/span><\/p>\n<p> <span style=\"font-size: small\"><strong>Convertidor de energ\u00eda USB iFootage Electric Ray E1 para c\u00e1maras<\/strong><br \/> El convertidor de corriente USB iFootage Electric Ray E1 es compatible con c\u00e1maras de Sony, Nikon y Canon. Cuenta con una estructura mecanizada por CNC y componentes de aluminio anodizado, adem\u00e1s de ser resistente a la abrasi\u00f3n. El convertidor alimenta su c\u00e1mara directamente, evitando da\u00f1os en la bater\u00eda que pueden ocurrir con la carga y descarga frecuentes.  <\/span><\/p>\n<p> <span style=\"font-size: small\"><br \/>La unidad de montaje de 1\/4&#8243; y la correa el\u00e1stica del convertidor le permiten montarlo en su c\u00e1mara, tr\u00edpode o cualquier otra \u00e1rea que pueda caber en la correa. Electric Ray E1 le permite operar su c\u00e1mara con la m\u00e1xima funci\u00f3n en ambientes fr\u00edos de hasta -58 \u00b0 F. <\/p>\n<p> <strong>iFootage Canon DR-E6 Acoplador de bater\u00eda<\/strong><br \/> Empareja este acoplador de bater\u00eda Canon DR-E6 de iFootage con el convertidor de corriente USB Electric Ray E1 para extender tu tiempo de disparo con c\u00e1maras Canon seleccionadas. La combinaci\u00f3n de estas 2 unidades proporcionar\u00e1 de 3 a 5 veces la potencia de la bater\u00eda est\u00e1ndar de la c\u00e1mara. Este acoplador cabe dentro del compartimento de la bater\u00eda de la EOS 5D Mark II, 5D Mark III, 5D Mark IV, 5DS, 5DS R, 6D, 7D, 7D Mark II, 60D, 60Da, 70D y 80D. Incluye un cable en espiral con un conector tipo barril para el convertidor E1.   <\/span><\/p>\n<p style=\"margin-bottom: 0cm\"> <span style=\"font-size: small\">&nbsp;<\/span><\/p>\n<p><span style=\"font-size: small\"> <\/span><\/p>\n<p><span style=\"font-size: small\"> <\/span><\/p>\n<p><span style=\"font-size: small\"> <\/span><\/p>\n<p><span style=\"font-size: small\"> <\/span><\/p>\n<p><span style=\"font-size: small\"> <\/span><\/p>\n<table style=\"width: 509px\" border=\"0\" cellspacing=\"0\" cellpadding=\"2\">\n<colgroup>\n<col width=\"178\"><\/colgroup>\n<colgroup>\n<col width=\"323\"><\/colgroup>\n<tbody>\n<tr>\n<td width=\"178\">\n<p style=\"padding: 0cm 0cm 0.53cm\"> <span style=\"font-size: small\">Qu\u00edmica<\/span><\/p>\n<\/td>\n<td width=\"323\">\n<p style=\"padding: 0cm 0cm 0.53cm\"> <span style=\"font-size: small\">No especificado por el fabricante<\/span><\/p>\n<\/td>\n<\/tr>\n<tr>\n<td width=\"178\">\n<p style=\"padding: 0cm 0cm 0.53cm\"> <span style=\"font-size: small\">Entrada<\/span><\/p>\n<\/td>\n<td width=\"323\">\n<p style=\"padding: 0cm 0cm 0.53cm\"> <span style=\"font-size: small\">5V \/ 2A<\/span><\/p>\n<\/td>\n<\/tr>\n<tr>\n<td width=\"178\">\n<p style=\"padding: 0cm 0cm 0.53cm\"> <span style=\"font-size: small\">Voltaje de salida<\/span><\/p>\n<\/td>\n<td width=\"323\">\n<p style=\"padding: 0cm 0cm 0.53cm\"> <span style=\"font-size: small\">8,4 V\/1,2 A 2 A<\/span><\/p>\n<\/td>\n<\/tr>\n<tr>\n<td width=\"178\">\n<p style=\"padding: 0cm 0cm 0.53cm\"> <span style=\"font-size: small\">Interfaz de salida<\/span><\/p>\n<\/td>\n<td width=\"323\">\n<p style=\"padding: 0cm 0cm 0.53cm\"> <span style=\"font-size: small\">USB 2.0<\/span><\/p>\n<\/td>\n<\/tr>\n<tr>\n<td width=\"178\">\n<p style=\"padding: 0cm 0cm 0.53cm\"> <span style=\"font-size: small\">Protocolo<\/span><\/p>\n<\/td>\n<td width=\"323\">\n<p style=\"padding: 0cm 0cm 0.53cm\"> <span style=\"font-size: small\">Cargador r\u00e1pido: Qualcomm Quick Charge<\/span><\/p>\n<\/td>\n<\/tr>\n<tr>\n<td width=\"178\">\n<p style=\"padding: 0cm 0cm 0.53cm\"> <span style=\"font-size: small\">Material<\/span><\/p>\n<\/td>\n<td width=\"323\">\n<p style=\"padding: 0cm 0cm 0.53cm\"> <span style=\"font-size: small\">Aluminio\/ABS<\/span><\/p>\n<\/td>\n<\/tr>\n<tr>\n<td width=\"178\">\n<p style=\"padding: 0cm 0cm 0.53cm\"> <span style=\"font-size: small\">Eficacia<\/span><\/p>\n<\/td>\n<td width=\"323\">\n<p style=\"padding: 0cm 0cm 0.53cm\"> <span style=\"font-size: small\">93%<\/span><\/p>\n<\/td>\n<\/tr>\n<tr>\n<td width=\"178\">\n<p style=\"padding: 0cm 0cm 0.53cm\"> <span style=\"font-size: small\">Temperatura de trabajo<\/span><\/p>\n<\/td>\n<td width=\"323\">\n<p style=\"padding: 0cm 0cm 0.53cm\"> <span style=\"font-size: small\">-58 a 140 \u00b0F (-50 a 60 \u00b0C)<\/span><\/p>\n<\/td>\n<\/tr>\n<tr>\n<td width=\"178\">\n<p style=\"padding: 0cm 0cm 0.53cm\"> <span style=\"font-size: small\">Dimensiones<\/span><\/p>\n<\/td>\n<td width=\"323\">\n<p style=\"padding: 0cm 0cm 0.53cm\"> <span style=\"font-size: small\">2,5 x 1,9 x 0,6&#8243; (66 x 50 x 16,5 mm)<\/span><\/p>\n<\/td>\n<\/tr>\n<tr>\n<td width=\"178\">\n<p style=\"padding: 0cm 0cm 0.53cm\"> <span style=\"font-size: small\">Peso<\/span><\/p>\n<\/td>\n<td width=\"323\">\n<p style=\"padding: 0cm 0cm 0.53cm\"> <span style=\"font-size: small\">46 g (1,6 oz)<\/span><\/p>\n<\/td>\n<\/tr>\n<\/tbody>\n<\/table>\n<p><span style=\"font-size: small\"> <\/span><\/p>\n<p><span style=\"font-size: small\"> <\/span><\/p>\n<p><span style=\"font-size: small\"> <\/span><\/p>\n<p><span style=\"font-size: small\"> <\/span><\/p>\n<p><span style=\"font-size: small\"><strong> <\/strong><strong>iFootage LP-E6 Acoplador de bater\u00eda<\/strong><br \/><\/span><\/p>\n<p><span style=\"font-size: small\"> <\/span><\/p>\n<p><span style=\"font-size: small\"> <\/span><\/p>\n<p><span style=\"font-size: small\"> <\/span><\/p>\n<p><span style=\"font-size: small\"> <\/span><\/p>\n<p><span style=\"font-size: small\"> <\/span><\/p>\n<p><span style=\"font-size: small\"> <\/span><\/p>\n<p><span style=\"font-size: small\"> <\/span><\/p>\n<p><span style=\"font-size: small\"> <\/span><\/p>\n<table style=\"width: 643px\" border=\"0\" cellspacing=\"0\" cellpadding=\"2\">\n<colgroup>\n<col width=\"115\"><\/colgroup>\n<colgroup>\n<col width=\"520\"><\/colgroup>\n<tbody>\n<tr>\n<td width=\"115\">\n<p style=\"padding: 0cm 0cm 0.53cm\"> <span style=\"font-size: small\">Compatible con<\/span><\/p>\n<\/td>\n<td width=\"520\">\n<p style=\"padding: 0cm 0cm 0.53cm\"> <span style=\"font-size: small\">C\u00e1maras Canon con bater\u00eda LP-E6, incluidas la EOS 7D Mark II, EOS 7D, EOS 5DS, EOS 5DS R, EOS 5D Mark IV, EOS 5D Mark III, EOS 5D Mark II, EOS 60D, EOS 60Da, EOS 70D, EOS 6D, EOS 6D Mark II<\/span><\/p>\n<\/td>\n<\/tr>\n<\/tbody>\n<\/table>\n<p><span style=\"font-size: small\"> <\/span><\/p>\n<p><span style=\"font-size: small\"> <\/span><\/p>\n<p><span style=\"font-size: small\"> <\/span><\/p>\n<p><span style=\"font-size: small\"><\/p>\n<p><\/span><\/p>\n","protected":false},"excerpt":{"rendered":"<p>ASPECTOS DESTACADOS DEL PRODUCTO Convertidor de corriente USB E1 para c\u00e1maras Proporciona 3-5x de energ\u00eda de la bater\u00eda de la<\/p>\n","protected":false},"featured_media":23256,"comment_status":"closed","ping_status":"closed","template":"","meta":{"_acf_changed":false},"product_brand":[2570],"product_cat":[867],"product_tag":[],"class_list":{"0":"post-72787","1":"product","2":"type-product","3":"status-publish","4":"has-post-thumbnail","6":"product_brand-ifootage-es","7":"product_cat-canon-cargadores","9":"first","10":"instock","11":"taxable","12":"shipping-taxable","13":"purchasable","14":"product-type-simple"},"bundled_by":[],"bundle_stock_status":"instock","bundle_stock_quantity":3,"bundle_virtual":false,"bundle_layout":"","bundle_add_to_cart_form_location":"","bundle_editable_in_cart":false,"bundle_sold_individually_context":"","bundle_item_grouping":"","bundle_min_size":"","bundle_max_size":"","bundle_price":[],"bundled_items":[],"bundle_sell_ids":[],"acf":[],"_links":{"self":[{"href":"https:\/\/hi-techwonder.com\/es\/wp-json\/wp\/v2\/product\/72787","targetHints":{"allow":["GET"]}}],"collection":[{"href":"https:\/\/hi-techwonder.com\/es\/wp-json\/wp\/v2\/product"}],"about":[{"href":"https:\/\/hi-techwonder.com\/es\/wp-json\/wp\/v2\/types\/product"}],"replies":[{"embeddable":true,"href":"https:\/\/hi-techwonder.com\/es\/wp-json\/wp\/v2\/comments?post=72787"}],"wp:featuredmedia":[{"embeddable":true,"href":"https:\/\/hi-techwonder.com\/es\/wp-json\/wp\/v2\/media\/23256"}],"wp:attachment":[{"href":"https:\/\/hi-techwonder.com\/es\/wp-json\/wp\/v2\/media?parent=72787"}],"wp:term":[{"taxonomy":"product_brand","embeddable":true,"href":"https:\/\/hi-techwonder.com\/es\/wp-json\/wp\/v2\/product_brand?post=72787"},{"taxonomy":"product_cat","embeddable":true,"href":"https:\/\/hi-techwonder.com\/es\/wp-json\/wp\/v2\/product_cat?post=72787"},{"taxonomy":"product_tag","embeddable":true,"href":"https:\/\/hi-techwonder.com\/es\/wp-json\/wp\/v2\/product_tag?post=72787"}],"curies":[{"name":"wp","href":"https:\/\/api.w.org\/{rel}","templated":true}]}}