{"id":72789,"date":"2025-07-28T23:29:42","date_gmt":"2025-07-28T23:29:42","guid":{"rendered":"https:\/\/fv6qoy3ls0.wpdns.site\/produto\/alimentador-htw-similar-a-dmw-ac8-con-maniqui-blf19e\/"},"modified":"2026-02-13T12:45:47","modified_gmt":"2026-02-13T12:45:47","slug":"htw-alimentador-htw-similar-a-dmw-ac8-con-maniqui-blf19e","status":"publish","type":"product","link":"https:\/\/hi-techwonder.com\/es\/producto\/htw-alimentador-htw-similar-a-dmw-ac8-con-maniqui-blf19e\/","title":{"rendered":"Alimentador HTW similar a DMW-AC8 con maniqu\u00ed BLF19E"},"content":{"rendered":"<p>Este cable adaptador de CA de alta calidad es adecuado para su c\u00e1mara. Le permite usar la c\u00e1mara con una conexi\u00f3n directa a la red el\u00e9ctrica, lo que significa que no tiene que depender de la carga de la bater\u00eda. Ya sea que la fotograf\u00eda sea su pasatiempo o profesi\u00f3n, el adaptador de alimentaci\u00f3n de CA significa que su c\u00e1mara est\u00e1 lista para usar en cualquier momento. Ideal para usar en estudios, fotomatones o para trabajos m\u00e1s largos. La soluci\u00f3n perfecta para tu fotograf\u00eda. Tambi\u00e9n es \u00fatil para tomar fotograf\u00edas desde la misma perspectiva durante un per\u00edodo de tiempo m\u00e1s largo, sin tener que cambiar las bater\u00edas. La longitud total del cable de 2,85 m permite una enorme flexibilidad incluso con enchufes de dif\u00edcil acceso. Incluye acoplador de CC.       <\/p>\n<p><strong>Caracter\u00edsticas t\u00e9cnicas:<\/strong><br \/><strong>Entrada:<\/strong> CA 100-240V<br \/><strong>Salida:<\/strong> 8V \/ 3A<br \/><strong>Longitud del cable:<\/strong> 2 m<br \/><strong>Color:<\/strong> Negro<\/p>\n<p><strong>C\u00e1maras compatibles:<\/strong><br \/>Panasonic Lumix DC-GH5<br \/>Panasonic Lumix DC-GH5L<br \/>Panasonic Lumix DC-GH5M<br \/>Panasonic Lumix DMC-GH3<br \/>Panasonic Lumix DMC-GH3A<br \/>Panasonic Lumix DMC-GH4<br \/>Panasonic Lumix DMC-GH4R<br \/>Sigma BP-61<br \/>Sigma SD Quattro<\/p>\n<p><strong>Comederos similares:<\/strong><br \/>Panasonic DMW-AC8EG<br \/>Panasonic DMW-DCC12<br \/>Panasonic DMW-DCC12E<br \/>Panasonic DMW-AC8<\/p>\n<p><strong>Contenido del paquete:<\/strong><br \/>1x Alimentador similar a Panasonic DMW-AC8<br \/>1x Maniqu\u00ed BLF-19E<br \/>1x cable de alimentaci\u00f3n&nbsp; &nbsp;&nbsp;<\/p>\n","protected":false},"excerpt":{"rendered":"<p>Este cable adaptador de CA de alta calidad es adecuado para su c\u00e1mara. Le permite usar la c\u00e1mara con una<\/p>\n","protected":false},"featured_media":22798,"comment_status":"closed","ping_status":"closed","template":"","meta":{"_acf_changed":false},"product_brand":[2561],"product_cat":[862],"product_tag":[],"class_list":{"0":"post-72789","1":"product","2":"type-product","3":"status-publish","4":"has-post-thumbnail","6":"product_brand-htw-es","7":"product_cat-panasonic-es","9":"first","10":"instock","11":"taxable","12":"shipping-taxable","13":"purchasable","14":"product-type-simple"},"bundled_by":[],"bundle_stock_status":"instock","bundle_stock_quantity":1,"bundle_virtual":false,"bundle_layout":"","bundle_add_to_cart_form_location":"","bundle_editable_in_cart":false,"bundle_sold_individually_context":"","bundle_item_grouping":"","bundle_min_size":"","bundle_max_size":"","bundle_price":[],"bundled_items":[],"bundle_sell_ids":[],"acf":[],"_links":{"self":[{"href":"https:\/\/hi-techwonder.com\/es\/wp-json\/wp\/v2\/product\/72789","targetHints":{"allow":["GET"]}}],"collection":[{"href":"https:\/\/hi-techwonder.com\/es\/wp-json\/wp\/v2\/product"}],"about":[{"href":"https:\/\/hi-techwonder.com\/es\/wp-json\/wp\/v2\/types\/product"}],"replies":[{"embeddable":true,"href":"https:\/\/hi-techwonder.com\/es\/wp-json\/wp\/v2\/comments?post=72789"}],"wp:featuredmedia":[{"embeddable":true,"href":"https:\/\/hi-techwonder.com\/es\/wp-json\/wp\/v2\/media\/22798"}],"wp:attachment":[{"href":"https:\/\/hi-techwonder.com\/es\/wp-json\/wp\/v2\/media?parent=72789"}],"wp:term":[{"taxonomy":"product_brand","embeddable":true,"href":"https:\/\/hi-techwonder.com\/es\/wp-json\/wp\/v2\/product_brand?post=72789"},{"taxonomy":"product_cat","embeddable":true,"href":"https:\/\/hi-techwonder.com\/es\/wp-json\/wp\/v2\/product_cat?post=72789"},{"taxonomy":"product_tag","embeddable":true,"href":"https:\/\/hi-techwonder.com\/es\/wp-json\/wp\/v2\/product_tag?post=72789"}],"curies":[{"name":"wp","href":"https:\/\/api.w.org\/{rel}","templated":true}]}}