{"id":72801,"date":"2025-07-29T08:50:53","date_gmt":"2025-07-29T08:50:53","guid":{"rendered":"https:\/\/fv6qoy3ls0.wpdns.site\/produto\/insta360-x5-360-8k-paquete-estandar\/"},"modified":"2026-04-08T11:24:21","modified_gmt":"2026-04-08T10:24:21","slug":"insta360-x5-360-8k-paquete-estandar","status":"publish","type":"product","link":"https:\/\/hi-techwonder.com\/es\/producto\/insta360-x5-360-8k-paquete-estandar\/","title":{"rendered":"INSTA360 X5 360\u00b0 8K Paquete est\u00e1ndar"},"content":{"rendered":"<p><b>INSTA360 X5 360\u00b0 8K Paquete est\u00e1ndar<\/b><\/p>\n<p><\/p>\n<p data-start=\"301\" data-end=\"322\" class=\"\"><strong data-start=\"301\" data-end=\"320\">Funciones<\/strong><\/p>\n<ul data-start=\"323\" data-end=\"1552\">\n<li data-start=\"323\" data-end=\"390\" class=\"\">\n<p data-start=\"325\" data-end=\"390\" class=\"\">Captura de video PureVideo 360\u00b0 en 8K a 30 fps y 5.7K a 60 fps<\/p>\n<\/li>\n<li data-start=\"391\" data-end=\"468\" class=\"\">\n<p data-start=\"393\" data-end=\"468\" class=\"\">Modo Bullet Time en 5.7K120 para efectos cinematogr\u00e1ficos a c\u00e1mara lenta<\/p>\n<\/li>\n<li data-start=\"469\" data-end=\"542\" class=\"\">\n<p data-start=\"471\" data-end=\"542\" class=\"\">Modo Yo (POV) con campo de visi\u00f3n de 170\u00b0, grabaci\u00f3n de hasta 4K30 y 2.7K120<\/p>\n<\/li>\n<li data-start=\"543\" data-end=\"608\" class=\"\">\n<p data-start=\"545\" data-end=\"608\" class=\"\">Modo de una sola c\u00e1mara con grabaci\u00f3n 4K60 con ultra gran angular<\/p>\n<\/li>\n<li data-start=\"609\" data-end=\"691\" class=\"\">\n<p data-start=\"611\" data-end=\"691\" class=\"\">Edici\u00f3n de 360\u00b0 con reencuadre a trav\u00e9s de la aplicaci\u00f3n m\u00f3vil Insta360 o el software de escritorio<\/p>\n<\/li>\n<li data-start=\"692\" data-end=\"739\" class=\"\">\n<p data-start=\"694\" data-end=\"739\" class=\"\">Estabilizaci\u00f3n de 360\u00b0 de FlowState y Horizon Lock<\/p>\n<\/li>\n<li data-start=\"740\" data-end=\"792\" class=\"\">\n<p data-start=\"742\" data-end=\"792\" class=\"\">Fotos PureShot de 72MP de alta calidad<\/p>\n<\/li>\n<li data-start=\"793\" data-end=\"858\" class=\"\">\n<p data-start=\"795\" data-end=\"858\" class=\"\">Vista MegaView con menos distorsi\u00f3n en los bordes de la imagen<\/p>\n<\/li>\n<li data-start=\"859\" data-end=\"918\" class=\"\">\n<p data-start=\"861\" data-end=\"918\" class=\"\">HDR activo, lapso de tiempo de 11K, cambio de tiempo de 8K, grabaci\u00f3n en bucle<\/p>\n<\/li>\n<li data-start=\"919\" data-end=\"1006\" class=\"\">\n<p data-start=\"921\" data-end=\"1006\" class=\"\">Captura en condiciones adversas con resistencia al agua hasta 15 metros sin caja (49&#8242;)<\/p>\n<\/li>\n<li data-start=\"1007\" data-end=\"1080\" class=\"\">\n<p data-start=\"1009\" data-end=\"1080\" class=\"\">Control de gestos para iniciar\/detener grabaciones o tomar fotos<\/p>\n<\/li>\n<li data-start=\"1081\" data-end=\"1126\" class=\"\">\n<p data-start=\"1083\" data-end=\"1126\" class=\"\">Pantalla t\u00e1ctil Gorilla Glass de 2,5&#8243;<\/p>\n<\/li>\n<li data-start=\"1127\" data-end=\"1206\" class=\"\">\n<p data-start=\"1129\" data-end=\"1206\" class=\"\">Bater\u00eda extra\u00edble de 2400mAh con autonom\u00eda de hasta 185 minutos (modo Endurance)<\/p>\n<\/li>\n<li data-start=\"1207\" data-end=\"1259\" class=\"\">\n<p data-start=\"1209\" data-end=\"1259\" class=\"\">Conectividad USB-C 3.0, Wi-Fi 5 y Bluetooth 5.2<\/p>\n<\/li>\n<li data-start=\"1260\" data-end=\"1331\" class=\"\">\n<p data-start=\"1262\" data-end=\"1331\" class=\"\">Compatible con la aplicaci\u00f3n m\u00f3vil (iOS y Android) y el software Insta360 Studio<\/p>\n<\/li>\n<li data-start=\"1332\" data-end=\"1421\" class=\"\">\n<p data-start=\"1334\" data-end=\"1421\" class=\"\">Funci\u00f3n Invisible Selfie Stick para capturar \u00e1ngulos a\u00e9reos o en tercera persona<\/p>\n<\/li>\n<li data-start=\"1422\" data-end=\"1486\" class=\"\">\n<p data-start=\"1424\" data-end=\"1486\" class=\"\">Incluye sistema de protecci\u00f3n con protectores de lentes extra\u00edbles<\/p>\n<\/li>\n<li data-start=\"1487\" data-end=\"1552\" class=\"\">\n<p data-start=\"1489\" data-end=\"1552\" class=\"\">Compatible con tarjetas microSD de hasta 1 TB (UHS-I V30 o superior)<\/p>\n<\/li>\n<\/ul>\n<p data-start=\"1559\" data-end=\"1586\" class=\"\"><strong data-start=\"1559\" data-end=\"1584\"><br \/><\/strong><\/p>\n<p data-start=\"1559\" data-end=\"1586\" class=\"\"><strong data-start=\"1559\" data-end=\"1584\">Contenido del paquete<\/strong><\/p>\n<ul data-start=\"1587\" data-end=\"1779\">\n<li data-start=\"1587\" data-end=\"1619\" class=\"\">\n<p data-start=\"1589\" data-end=\"1619\" class=\"\">1 c\u00e1mara Insta360 X5 360\u00b0 8K<\/p>\n<\/li>\n<li data-start=\"1620\" data-end=\"1654\" class=\"\">\n<p data-start=\"1622\" data-end=\"1654\" class=\"\">2 protectores de lente est\u00e1ndar<\/p>\n<\/li>\n<li data-start=\"1655\" data-end=\"1679\" class=\"\">\n<p data-start=\"1657\" data-end=\"1679\" class=\"\">1 bater\u00eda de 2400 mAh<\/p>\n<\/li>\n<li data-start=\"1680\" data-end=\"1702\" class=\"\">\n<p data-start=\"1682\" data-end=\"1702\" class=\"\">1 cubierta de agarre t\u00e9rmico<\/p>\n<\/li>\n<li data-start=\"1703\" data-end=\"1735\" class=\"\">\n<p data-start=\"1705\" data-end=\"1735\" class=\"\">1 cable de carga USB-C<\/p>\n<\/li>\n<li data-start=\"1736\" data-end=\"1759\" class=\"\">\n<p data-start=\"1738\" data-end=\"1759\" class=\"\">1 bolsa protectora<\/p>\n<\/li>\n<li data-start=\"1760\" data-end=\"1779\" class=\"\">\n<p data-start=\"1762\" data-end=\"1779\" class=\"\">1 Pa\u00f1o de limpieza<\/p>\n<\/li>\n<\/ul>\n<p data-start=\"1786\" data-end=\"2535\" class=\"\"><strong data-start=\"1786\" data-end=\"1799\"><br \/><\/strong><\/p>\n<p data-start=\"1786\" data-end=\"2535\" class=\"\"><strong data-start=\"1786\" data-end=\"1799\">Descripci\u00f3n<\/strong><br data-start=\"1799\" data-end=\"1802\">La c\u00e1mara Insta360 X5 360\u00b0 8K representa el siguiente nivel en la captura de contenido inmersivo. Ideal para creadores de contenido, vide\u00f3grafos y aventureros, esta c\u00e1mara compacta y resistente ofrece grabaci\u00f3n 8K PureVideo, fotograf\u00eda de 72MP y una amplia gama de modos creativos como Bullet Time, Time-Lapse 11K, Me Mode y TimeShift.<br data-start=\"2135\" data-end=\"2138\">Su construcci\u00f3n resistente e impermeable, combinada con funciones inteligentes como la estabilizaci\u00f3n FlowState, el control de gestos y el reencuadre impulsado por IA, lo hacen perfecto para capturar momentos en cualquier entorno.<br data-start=\"2377\" data-end=\"2380\">Con soporte para edici\u00f3n avanzada a trav\u00e9s de una aplicaci\u00f3n m\u00f3vil o de escritorio, el X5 le permite transformar cada toma en contenido cinematogr\u00e1fico con facilidad y flexibilidad. <\/p>\n<p data-start=\"1786\" data-end=\"2535\" class=\"\"><\/p>\n<p data-start=\"2542\" data-end=\"2571\" class=\"\"><iframe loading=\"lazy\" frameborder=\"0\" src=\"https:\/\/www.youtube.com\/embed\/8SoY7hiXc4M\" width=\"640\" height=\"360\" class=\"note-video-clip\" referrerpolicy=\"strict-origin-when-cross-origin\"><\/iframe><strong data-start=\"2542\" data-end=\"2569\"><br \/><\/strong><\/p>\n<p data-start=\"2542\" data-end=\"2571\" class=\"\"><strong data-start=\"2542\" data-end=\"2569\"><br \/><\/strong><\/p>\n<p data-start=\"2542\" data-end=\"2571\" class=\"\"><strong data-start=\"2542\" data-end=\"2569\">Especificaciones t\u00e9cnicas<\/strong><\/p>\n<ul data-start=\"2572\" data-end=\"3764\">\n<li data-start=\"2572\" data-end=\"2610\" class=\"\">\n<p data-start=\"2574\" data-end=\"2610\" class=\"\"><strong data-start=\"2574\" data-end=\"2595\">Sensor de imagen:<\/strong> CMOS 1\/1.28&#8243;<\/p>\n<\/li>\n<li data-start=\"2611\" data-end=\"2659\" class=\"\">\n<p data-start=\"2613\" data-end=\"2659\" class=\"\"><strong data-start=\"2613\" data-end=\"2635\">Resoluci\u00f3n efectiva:<\/strong> 72 MP (11,904 x 5952)<\/p>\n<\/li>\n<li data-start=\"2660\" data-end=\"2688\" class=\"\">\n<p data-start=\"2662\" data-end=\"2688\" class=\"\"><strong data-start=\"2662\" data-end=\"2682\">Apertura m\u00e1xima:<\/strong> f\/2<\/p>\n<\/li>\n<li data-start=\"2689\" data-end=\"2732\" class=\"\">\n<p data-start=\"2691\" data-end=\"2732\" class=\"\"><strong data-start=\"2691\" data-end=\"2713\">Distancia focal:<\/strong> 6 mm (por objetivo)<\/p>\n<\/li>\n<li data-start=\"2733\" data-end=\"2786\" class=\"\">\n<p data-start=\"2735\" data-end=\"2786\" class=\"\"><strong data-start=\"2735\" data-end=\"2755\">\u00c1ngulo:<\/strong> Ultra-gran angular 170\u00b0 (por lente)<\/p>\n<\/li>\n<li data-start=\"2787\" data-end=\"2943\" class=\"\">\n<p data-start=\"2789\" data-end=\"2825\" class=\"\"><strong data-start=\"2789\" data-end=\"2823\">Modos de grabaci\u00f3n de 360\u00b0 (INSV):<\/strong><\/p>\n<ul data-start=\"2828\" data-end=\"2943\">\n<li data-start=\"2828\" data-end=\"2862\" class=\"\">\n<p data-start=\"2830\" data-end=\"2862\" class=\"\">8K: 7680 x 4320 a 24\/25\/30 fps<\/p>\n<\/li>\n<li data-start=\"2865\" data-end=\"2907\" class=\"\">\n<p data-start=\"2867\" data-end=\"2907\" class=\"\">5,7K: 5760 x 2880 a 24\/25\/30\/50\/60 fps<\/p>\n<\/li>\n<li data-start=\"2910\" data-end=\"2943\" class=\"\">\n<p data-start=\"2912\" data-end=\"2943\" class=\"\">4K: 3840 x 1920 a hasta 100 fps<\/p>\n<\/li>\n<\/ul>\n<\/li>\n<li data-start=\"2944\" data-end=\"3046\" class=\"\">\n<p data-start=\"2946\" data-end=\"2979\" class=\"\"><strong data-start=\"2946\" data-end=\"2977\">Modos de lente \u00fanica (MP4):<\/strong><\/p>\n<ul data-start=\"2982\" data-end=\"3046\">\n<li data-start=\"2982\" data-end=\"2999\" class=\"\">\n<p data-start=\"2984\" data-end=\"2999\" class=\"\">4K hasta 60 fps<\/p>\n<\/li>\n<li data-start=\"3002\" data-end=\"3022\" class=\"\">\n<p data-start=\"3004\" data-end=\"3022\" class=\"\">2.7K hasta 120 fps<\/p>\n<\/li>\n<li data-start=\"3025\" data-end=\"3046\" class=\"\">\n<p data-start=\"3027\" data-end=\"3046\" class=\"\">1080p hasta 120 fps<\/p>\n<\/li>\n<\/ul>\n<\/li>\n<li data-start=\"3047\" data-end=\"3088\" class=\"\">\n<p data-start=\"3049\" data-end=\"3088\" class=\"\"><strong data-start=\"3049\" data-end=\"3075\">Formato de foto:<\/strong> DNG \/ INSP<\/p>\n<\/li>\n<li data-start=\"3089\" data-end=\"3140\" class=\"\">\n<p data-start=\"3091\" data-end=\"3140\" class=\"\"><strong data-start=\"3091\" data-end=\"3117\">Capacidad de la bater\u00eda:<\/strong> 2400 mAh (extra\u00edble)<\/p>\n<\/li>\n<li data-start=\"3141\" data-end=\"3247\" class=\"\">\n<p data-start=\"3143\" data-end=\"3159\" class=\"\"><strong data-start=\"3143\" data-end=\"3157\">Autonom\u00eda:<\/strong><\/p>\n<ul data-start=\"3162\" data-end=\"3247\">\n<li data-start=\"3162\" data-end=\"3187\" class=\"\">\n<p data-start=\"3164\" data-end=\"3187\" class=\"\">Hasta 135 min a 5.7K30<\/p>\n<\/li>\n<li data-start=\"3190\" data-end=\"3222\" class=\"\">\n<p data-start=\"3192\" data-end=\"3222\" class=\"\">Hasta 185 min (modo Endurance)<\/p>\n<\/li>\n<li data-start=\"3225\" data-end=\"3247\" class=\"\">\n<p data-start=\"3227\" data-end=\"3247\" class=\"\">Hasta 88 min en 8K30<\/p>\n<\/li>\n<\/ul>\n<\/li>\n<li data-start=\"3248\" data-end=\"3318\" class=\"\">\n<p data-start=\"3250\" data-end=\"3318\" class=\"\"><strong data-start=\"3250\" data-end=\"3268\">Almacenamiento:<\/strong> microSD de hasta 1 TB (SE RECOMIENDA UHS-I V30 como m\u00ednimo)<\/p>\n<\/li>\n<li data-start=\"3319\" data-end=\"3355\" class=\"\">\n<p data-start=\"3321\" data-end=\"3355\" class=\"\"><strong data-start=\"3321\" data-end=\"3330\">Pantalla:<\/strong> LCD t\u00e1ctil fija de 2,5&#8243;<\/p>\n<\/li>\n<li data-start=\"3356\" data-end=\"3435\" class=\"\">\n<p data-start=\"3358\" data-end=\"3378\" class=\"\"><strong data-start=\"3358\" data-end=\"3376\">Conectividad:<\/strong><\/p>\n<ul data-start=\"3381\" data-end=\"3435\">\n<li data-start=\"3381\" data-end=\"3399\" class=\"\">\n<p data-start=\"3383\" data-end=\"3399\" class=\"\">Wi-Fi 802.11ac<\/p>\n<\/li>\n<li data-start=\"3402\" data-end=\"3419\" class=\"\">\n<p data-start=\"3404\" data-end=\"3419\" class=\"\">Bluetooth 5.2<\/p>\n<\/li>\n<li data-start=\"3422\" data-end=\"3435\" class=\"\">\n<p data-start=\"3424\" data-end=\"3435\" class=\"\">USB-C 3.0<\/p>\n<\/li>\n<\/ul>\n<\/li>\n<li data-start=\"3436\" data-end=\"3478\" class=\"\">\n<p data-start=\"3438\" data-end=\"3478\" class=\"\"><strong data-start=\"3438\" data-end=\"3461\">Resistencia al agua: hasta<\/strong> 49&#8242; (15 m)<\/p>\n<\/li>\n<li data-start=\"3479\" data-end=\"3530\" class=\"\">\n<p data-start=\"3481\" data-end=\"3530\" class=\"\"><strong data-start=\"3481\" data-end=\"3507\">Dimensiones (ancho x alto x profundidad):<\/strong> 124,5 x 46 x 38,2 mm<\/p>\n<\/li>\n<li data-start=\"3531\" data-end=\"3558\" class=\"\">\n<p data-start=\"3533\" data-end=\"3558\" class=\"\"><strong data-start=\"3533\" data-end=\"3542\">Peso:<\/strong> 200 g (cuerpo)<\/p>\n<\/li>\n<li data-start=\"3559\" data-end=\"3602\" class=\"\">\n<p data-start=\"3561\" data-end=\"3602\" class=\"\"><strong data-start=\"3561\" data-end=\"3574\">Montaje:<\/strong> 1x rosca inferior de 1\/4&#8243;-20<\/p>\n<\/li>\n<li data-start=\"3603\" data-end=\"3658\" class=\"\">\n<p data-start=\"3605\" data-end=\"3658\" class=\"\"><strong data-start=\"3605\" data-end=\"3633\">Compatibilidad de aplicaciones:<\/strong> Insta360 (iOS\/Android)<\/p>\n<\/li>\n<li data-start=\"3659\" data-end=\"3718\" class=\"\">\n<p data-start=\"3661\" data-end=\"3718\" class=\"\"><strong data-start=\"3661\" data-end=\"3683\">Formatos de video:<\/strong> H.264\/AVC, H.265\/HEVC (MP4\/INSV)<\/p>\n<\/li>\n<li data-start=\"3719\" data-end=\"3764\" class=\"\">\n<p data-start=\"3721\" data-end=\"3764\" class=\"\"><strong data-start=\"3721\" data-end=\"3731\">Audio:<\/strong> Est\u00e9reo de 2 canales, 48,0 kHz (AAC)<\/p>\n<\/li>\n<\/ul>\n<p data-start=\"3771\" data-end=\"3786\" class=\"\"><strong data-start=\"3771\" data-end=\"3784\"><br \/><\/strong><\/p>\n<p data-start=\"3771\" data-end=\"3786\" class=\"\"><strong data-start=\"3771\" data-end=\"3784\">Embalaje<\/strong><\/p>\n<ul data-start=\"3787\" data-end=\"3878\">\n<li data-start=\"3787\" data-end=\"3826\" class=\"\">\n<p data-start=\"3789\" data-end=\"3826\" class=\"\">Peso del paquete: 300 g (estimado)<\/p>\n<\/li>\n<li data-start=\"3827\" data-end=\"3878\" class=\"\">\n<p data-start=\"3829\" data-end=\"3878\" class=\"\">Dimensiones del paquete: 18 x 14 x 8 cm (estimado)<\/p>\n<p data-start=\"3829\" data-end=\"3878\" class=\"\"><\/p>\n<\/li>\n<\/ul>\n<p data-start=\"3885\" data-end=\"4042\" class=\"\"><strong data-start=\"3885\" data-end=\"3911\">Informaci\u00f3n adicional<\/strong><br data-start=\"3911\" data-end=\"3914\">Nota: Im\u00e1genes ilustrativas. Equipo fotogr\u00e1fico no incluido. Consulte el contenido y las especificaciones del paquete para obtener m\u00e1s detalles.  <\/p>\n","protected":false},"excerpt":{"rendered":"<p>INSTA360 X5 360\u00b0 8K Paquete est\u00e1ndar Funciones Captura de video PureVideo 360\u00b0 en 8K a 30 fps y 5.7K a<\/p>\n","protected":false},"featured_media":41689,"comment_status":"closed","ping_status":"closed","template":"","meta":{"_acf_changed":false},"product_brand":[2565],"product_cat":[927],"product_tag":[],"class_list":{"0":"post-72801","1":"product","2":"type-product","3":"status-publish","4":"has-post-thumbnail","6":"product_brand-insta360-es","7":"product_cat-camaras-accion-360o","9":"first","10":"instock","11":"taxable","12":"shipping-taxable","13":"purchasable","14":"product-type-simple"},"bundled_by":[],"bundle_stock_status":"instock","bundle_stock_quantity":1,"bundle_virtual":false,"bundle_layout":"","bundle_add_to_cart_form_location":"","bundle_editable_in_cart":false,"bundle_sold_individually_context":"","bundle_item_grouping":"","bundle_min_size":"","bundle_max_size":"","bundle_price":[],"bundled_items":[],"bundle_sell_ids":[],"acf":[],"_links":{"self":[{"href":"https:\/\/hi-techwonder.com\/es\/wp-json\/wp\/v2\/product\/72801","targetHints":{"allow":["GET"]}}],"collection":[{"href":"https:\/\/hi-techwonder.com\/es\/wp-json\/wp\/v2\/product"}],"about":[{"href":"https:\/\/hi-techwonder.com\/es\/wp-json\/wp\/v2\/types\/product"}],"replies":[{"embeddable":true,"href":"https:\/\/hi-techwonder.com\/es\/wp-json\/wp\/v2\/comments?post=72801"}],"wp:featuredmedia":[{"embeddable":true,"href":"https:\/\/hi-techwonder.com\/es\/wp-json\/wp\/v2\/media\/41689"}],"wp:attachment":[{"href":"https:\/\/hi-techwonder.com\/es\/wp-json\/wp\/v2\/media?parent=72801"}],"wp:term":[{"taxonomy":"product_brand","embeddable":true,"href":"https:\/\/hi-techwonder.com\/es\/wp-json\/wp\/v2\/product_brand?post=72801"},{"taxonomy":"product_cat","embeddable":true,"href":"https:\/\/hi-techwonder.com\/es\/wp-json\/wp\/v2\/product_cat?post=72801"},{"taxonomy":"product_tag","embeddable":true,"href":"https:\/\/hi-techwonder.com\/es\/wp-json\/wp\/v2\/product_tag?post=72801"}],"curies":[{"name":"wp","href":"https:\/\/api.w.org\/{rel}","templated":true}]}}