{"id":72804,"date":"2025-07-29T08:50:53","date_gmt":"2025-07-29T08:50:53","guid":{"rendered":"https:\/\/fv6qoy3ls0.wpdns.site\/produto\/insta360-x5-360-8k-essentials-bundle\/"},"modified":"2026-04-08T11:24:23","modified_gmt":"2026-04-08T10:24:23","slug":"insta360-x5-360-8k-essentials-bundle","status":"publish","type":"product","link":"https:\/\/hi-techwonder.com\/es\/producto\/insta360-x5-360-8k-essentials-bundle\/","title":{"rendered":"INSTA360 X5 360\u00b0 8K Essentials Bundle"},"content":{"rendered":"<p><b>INSTA360 X5 360\u00b0 8K Essentials Bundle<\/b><\/p>\n<p><\/p>\n<p data-start=\"332\" data-end=\"353\" class=\"\"><strong data-start=\"332\" data-end=\"351\">Funciones<\/strong><\/p>\n<ul data-start=\"354\" data-end=\"1459\">\n<li data-start=\"354\" data-end=\"445\" class=\"\">\n<p data-start=\"356\" data-end=\"445\" class=\"\">Captura de v\u00eddeo de 360\u00b0 en 8K30 y 5,7K60 con estabilizaci\u00f3n FlowState y Horizon Lock 360\u00b0<\/p>\n<\/li>\n<li data-start=\"446\" data-end=\"520\" class=\"\">\n<p data-start=\"448\" data-end=\"520\" class=\"\">Grabaci\u00f3n de PureVideo con una resoluci\u00f3n ultra clara y codificaci\u00f3n H.265\/H.264<\/p>\n<\/li>\n<li data-start=\"521\" data-end=\"589\" class=\"\">\n<p data-start=\"523\" data-end=\"589\" class=\"\">Fotos de alta resoluci\u00f3n con 72MP y tecnolog\u00eda AI PureShot<\/p>\n<\/li>\n<li data-start=\"590\" data-end=\"680\" class=\"\">\n<p data-start=\"592\" data-end=\"680\" class=\"\">Modos Bullet Time (5.7K120), Time-Lapse (hasta 11K), TimeShift (8K) y Modo Yo (hasta 4K30)<\/p>\n<\/li>\n<li data-start=\"681\" data-end=\"765\" class=\"\">\n<p data-start=\"683\" data-end=\"765\" class=\"\">Filtro MegaView con distorsi\u00f3n de borde inferior y compatibilidad con m\u00faltiples relaciones de aspecto<\/p>\n<\/li>\n<li data-start=\"766\" data-end=\"816\" class=\"\">\n<p data-start=\"768\" data-end=\"816\" class=\"\">Pantalla t\u00e1ctil LCD de 2,5&#8243; con Gorilla Glass<\/p>\n<\/li>\n<li data-start=\"817\" data-end=\"876\" class=\"\">\n<p data-start=\"819\" data-end=\"876\" class=\"\">Control de gestos, grabaci\u00f3n por comando manual o aplicaci\u00f3n<\/p>\n<\/li>\n<li data-start=\"877\" data-end=\"943\" class=\"\">\n<p data-start=\"879\" data-end=\"943\" class=\"\">Invisibilidad del palo selfie para efectos en tercera persona<\/p>\n<\/li>\n<li data-start=\"944\" data-end=\"996\" class=\"\">\n<p data-start=\"946\" data-end=\"996\" class=\"\">Dise\u00f1o robusto con protecci\u00f3n de lente extra\u00edble<\/p>\n<\/li>\n<li data-start=\"997\" data-end=\"1051\" class=\"\">\n<p data-start=\"999\" data-end=\"1051\" class=\"\">Resistente al agua hasta 15 m (49&#8242;) sin carcasa adicional<\/p>\n<\/li>\n<li data-start=\"1052\" data-end=\"1116\" class=\"\">\n<p data-start=\"1054\" data-end=\"1116\" class=\"\">Capacidad de lente \u00fanica (modo 4K60)<\/p>\n<\/li>\n<li data-start=\"1117\" data-end=\"1180\" class=\"\">\n<p data-start=\"1119\" data-end=\"1180\" class=\"\">Soporte para tarjeta microSD de hasta 1 TB (se recomienda UHS-I V30)<\/p>\n<\/li>\n<li data-start=\"1181\" data-end=\"1256\" class=\"\">\n<p data-start=\"1183\" data-end=\"1256\" class=\"\">Bater\u00eda extra\u00edble de 2400 mAh con hasta 3 horas de duraci\u00f3n de la bater\u00eda (modo Endurance)<\/p>\n<\/li>\n<li data-start=\"1257\" data-end=\"1305\" class=\"\">\n<p data-start=\"1259\" data-end=\"1305\" class=\"\">Conexi\u00f3n inal\u00e1mbrica a trav\u00e9s de Wi-Fi 5 y Bluetooth 5.2<\/p>\n<\/li>\n<li data-start=\"1306\" data-end=\"1396\" class=\"\">\n<p data-start=\"1308\" data-end=\"1396\" class=\"\">Compatible con la aplicaci\u00f3n Insta360 (Android\/iOS) y el software Insta360 Studio + plugin Premiere<\/p>\n<\/li>\n<li data-start=\"1397\" data-end=\"1459\" class=\"\">\n<p data-start=\"1399\" data-end=\"1459\" class=\"\">Puerto USB-C 3.0 para carga y transferencia de datos<\/p>\n<\/li>\n<\/ul>\n<p data-start=\"1466\" data-end=\"1493\" class=\"\"><strong data-start=\"1466\" data-end=\"1491\"><br \/><\/strong><\/p>\n<p data-start=\"1466\" data-end=\"1493\" class=\"\"><strong data-start=\"1466\" data-end=\"1491\">Contenido del paquete<\/strong><\/p>\n<ul data-start=\"1494\" data-end=\"1792\">\n<li data-start=\"1494\" data-end=\"1519\" class=\"\">\n<p data-start=\"1496\" data-end=\"1519\" class=\"\">1x C\u00e1mara Insta360 X5<\/p>\n<\/li>\n<li data-start=\"1520\" data-end=\"1565\" class=\"\">\n<p data-start=\"1522\" data-end=\"1565\" class=\"\">1x Palo Selfie Invisible (1,13 m \/ 3,7&#8242;)<\/p>\n<\/li>\n<li data-start=\"1566\" data-end=\"1599\" class=\"\">\n<p data-start=\"1568\" data-end=\"1599\" class=\"\">2x Protector de lente est\u00e1ndar<\/p>\n<\/li>\n<li data-start=\"1600\" data-end=\"1625\" class=\"\">\n<p data-start=\"1602\" data-end=\"1625\" class=\"\">2x Bater\u00eda de 2400mAh<\/p>\n<\/li>\n<li data-start=\"1626\" data-end=\"1649\" class=\"\">\n<p data-start=\"1628\" data-end=\"1649\" class=\"\">1x Cubierta de agarre t\u00e9rmico<\/p>\n<\/li>\n<li data-start=\"1650\" data-end=\"1671\" class=\"\">\n<p data-start=\"1652\" data-end=\"1671\" class=\"\">1x Tapa de lente<\/p>\n<\/li>\n<li data-start=\"1672\" data-end=\"1707\" class=\"\">\n<p data-start=\"1674\" data-end=\"1707\" class=\"\">1x estuche de carga r\u00e1pida<\/p>\n<\/li>\n<li data-start=\"1708\" data-end=\"1741\" class=\"\">\n<p data-start=\"1710\" data-end=\"1741\" class=\"\">1x cable de carga USB-C<\/p>\n<\/li>\n<li data-start=\"1742\" data-end=\"1769\" class=\"\">\n<p data-start=\"1744\" data-end=\"1769\" class=\"\">1x Estuche de transporte<\/p>\n<\/li>\n<li data-start=\"1770\" data-end=\"1792\" class=\"\">\n<p data-start=\"1772\" data-end=\"1792\" class=\"\">1x Pa\u00f1o de limpieza<\/p>\n<\/li>\n<\/ul>\n<p data-start=\"1799\" data-end=\"2836\" class=\"\"><strong data-start=\"1799\" data-end=\"1812\"><br \/><\/strong><\/p>\n<p data-start=\"1799\" data-end=\"2836\" class=\"\"><strong data-start=\"1799\" data-end=\"1812\">Descripci\u00f3n<\/strong><br data-start=\"1812\" data-end=\"1815\">Eleve su rendimiento con la c\u00e1mara Insta360 X5 Essentials Bundle, ideal para creadores de contenido, vide\u00f3grafos y aventureros. Capaz de grabar en 360\u00b0 a una resoluci\u00f3n de hasta 8K en calidad cinematogr\u00e1fica, esta c\u00e1mara ofrece una experiencia vers\u00e1til, inmersiva y port\u00e1til.<br data-start=\"2100\" data-end=\"2103\">Graba v\u00eddeos impresionantes con la funcionalidad \u00abBullet Time\u00bb, graba en ultra definici\u00f3n con 72 MP y disfruta de funciones avanzadas como el modo Yo, TimeShift y Time-Lapse. El sistema de estabilizaci\u00f3n FlowState y Horizon Lock 360\u00b0 garantizan im\u00e1genes fluidas y niveladas en cualquier situaci\u00f3n.<br data-start=\"2395\" data-end=\"2398\">El X5 tambi\u00e9n es resistente al agua hasta 15 metros de profundidad, cuenta con protectores de lentes extra\u00edbles y una construcci\u00f3n robusta. La aplicaci\u00f3n Insta360 proporciona herramientas de edici\u00f3n intuitivas y creativas, con modos de edici\u00f3n asistidos por IA o manuales para usuarios experimentados.<br data-start=\"2676\" data-end=\"2679\">Ideal para producciones profesionales o creadores en movimiento, el X5 combina calidad de imagen, caracter\u00edsticas innovadoras y un dise\u00f1o compacto y resistente.   <\/p>\n<p data-start=\"2843\" data-end=\"2872\" class=\"\"><strong data-start=\"2843\" data-end=\"2870\"><br \/><\/strong><\/p>\n<p data-start=\"2843\" data-end=\"2872\" class=\"\"><iframe loading=\"lazy\" frameborder=\"0\" src=\"https:\/\/www.youtube.com\/embed\/8SoY7hiXc4M\" width=\"640\" height=\"360\" class=\"note-video-clip\" referrerpolicy=\"strict-origin-when-cross-origin\"><\/iframe><strong data-start=\"2843\" data-end=\"2870\"><br \/><\/strong><\/p>\n<p data-start=\"2843\" data-end=\"2872\" class=\"\"><strong data-start=\"2843\" data-end=\"2870\"><br \/><\/strong><\/p>\n<p data-start=\"2843\" data-end=\"2872\" class=\"\"><strong data-start=\"2843\" data-end=\"2870\">Especificaciones t\u00e9cnicas<\/strong><\/p>\n<ul data-start=\"2873\" data-end=\"4003\">\n<li data-start=\"2873\" data-end=\"2960\" class=\"\">\n<p data-start=\"2875\" data-end=\"2960\" class=\"\"><strong data-start=\"2875\" data-end=\"2896\">Sensor de imagen:<\/strong> Tipo CMOS 1\/1,28&#8243;, resoluci\u00f3n efectiva de 72 MP (11.904 x 5952)<\/p>\n<\/li>\n<li data-start=\"2961\" data-end=\"2988\" class=\"\">\n<p data-start=\"2963\" data-end=\"2988\" class=\"\"><strong data-start=\"2963\" data-end=\"2984\">N\u00famero de lentes:<\/strong> 2<\/p>\n<\/li>\n<li data-start=\"2989\" data-end=\"3010\" class=\"\">\n<p data-start=\"2991\" data-end=\"3010\" class=\"\"><strong data-start=\"2991\" data-end=\"3004\">Apertura:<\/strong> f\/2<\/p>\n<\/li>\n<li data-start=\"3011\" data-end=\"3040\" class=\"\">\n<p data-start=\"3013\" data-end=\"3040\" class=\"\"><strong data-start=\"3013\" data-end=\"3033\">Distancia focal:<\/strong> 6 mm<\/p>\n<\/li>\n<li data-start=\"3041\" data-end=\"3104\" class=\"\">\n<p data-start=\"3043\" data-end=\"3104\" class=\"\"><strong data-start=\"3043\" data-end=\"3063\">\u00c1ngulo:<\/strong> Ultra gran angular de 170\u00b0 por lente<\/p>\n<\/li>\n<li data-start=\"3105\" data-end=\"3236\" class=\"\">\n<p data-start=\"3107\" data-end=\"3133\" class=\"\"><strong data-start=\"3107\" data-end=\"3131\">Modos de video de 360\u00b0:<\/strong><\/p>\n<ul data-start=\"3136\" data-end=\"3236\">\n<li data-start=\"3136\" data-end=\"3169\" class=\"\">\n<p data-start=\"3138\" data-end=\"3169\" class=\"\">8K (7680&#215;4320) a 24\/25\/30 fps<\/p>\n<\/li>\n<li data-start=\"3172\" data-end=\"3203\" class=\"\">\n<p data-start=\"3174\" data-end=\"3203\" class=\"\">5,7K (5760 x 2880) hasta 60 fps<\/p>\n<\/li>\n<li data-start=\"3206\" data-end=\"3236\" class=\"\">\n<p data-start=\"3208\" data-end=\"3236\" class=\"\">4K (3840&#215;1920) hasta 100 fps<\/p>\n<\/li>\n<\/ul>\n<\/li>\n<li data-start=\"3237\" data-end=\"3325\" class=\"\">\n<p data-start=\"3239\" data-end=\"3270\" class=\"\"><strong data-start=\"3239\" data-end=\"3268\">Modos de video de lente \u00fanica:<\/strong><\/p>\n<ul data-start=\"3273\" data-end=\"3325\">\n<li data-start=\"3273\" data-end=\"3302\" class=\"\">\n<p data-start=\"3275\" data-end=\"3302\" class=\"\">4K (3840 x 2160) hasta 60 fps<\/p>\n<\/li>\n<li data-start=\"3305\" data-end=\"3325\" class=\"\">\n<p data-start=\"3307\" data-end=\"3325\" class=\"\">2.7K hasta 120 fps<\/p>\n<\/li>\n<\/ul>\n<\/li>\n<li data-start=\"3326\" data-end=\"3395\" class=\"\">\n<p data-start=\"3328\" data-end=\"3354\" class=\"\"><strong data-start=\"3328\" data-end=\"3352\">Modos de disparo:<\/strong><\/p>\n<ul data-start=\"3357\" data-end=\"3395\">\n<li data-start=\"3357\" data-end=\"3395\" class=\"\">\n<p data-start=\"3359\" data-end=\"3395\" class=\"\">72 MP \/ 18 MP (formato DNG \/ INSP)<\/p>\n<\/li>\n<\/ul>\n<\/li>\n<li data-start=\"3396\" data-end=\"3460\" class=\"\">\n<p data-start=\"3398\" data-end=\"3460\" class=\"\"><strong data-start=\"3398\" data-end=\"3420\">Formatos de video:<\/strong> INSV, MP4 (H.264\/H.265, hasta 200 Mb\/s)<\/p>\n<\/li>\n<li data-start=\"3461\" data-end=\"3531\" class=\"\">\n<p data-start=\"3463\" data-end=\"3531\" class=\"\"><strong data-start=\"3463\" data-end=\"3481\">Almacenamiento:<\/strong> 1 ranura microSD (hasta 1 TB, se recomienda UHS-I V30)<\/p>\n<\/li>\n<li data-start=\"3532\" data-end=\"3584\" class=\"\">\n<p data-start=\"3534\" data-end=\"3584\" class=\"\"><strong data-start=\"3534\" data-end=\"3544\">Audio:<\/strong> est\u00e9reo de 2 canales, formato AAC, 48 kHz<\/p>\n<\/li>\n<li data-start=\"3585\" data-end=\"3640\" class=\"\">\n<p data-start=\"3587\" data-end=\"3640\" class=\"\"><strong data-start=\"3587\" data-end=\"3596\">Pantalla:<\/strong> LCD t\u00e1ctil de 2,5&#8243; con Gorilla Glass<\/p>\n<\/li>\n<li data-start=\"3641\" data-end=\"3686\" class=\"\">\n<p data-start=\"3643\" data-end=\"3686\" class=\"\"><strong data-start=\"3643\" data-end=\"3661\">Conectividad:<\/strong> Wi-Fi 5, Bluetooth 5.2<\/p>\n<\/li>\n<li data-start=\"3687\" data-end=\"3715\" class=\"\">\n<p data-start=\"3689\" data-end=\"3715\" class=\"\"><strong data-start=\"3689\" data-end=\"3700\">Puertos:<\/strong> 1x USB-C 3.0<\/p>\n<\/li>\n<li data-start=\"3716\" data-end=\"3746\" class=\"\">\n<p data-start=\"3718\" data-end=\"3746\" class=\"\"><strong data-start=\"3718\" data-end=\"3730\">Fijaci\u00f3n:<\/strong> Rosca 1\/4&#8243;-20<\/p>\n<\/li>\n<li data-start=\"3747\" data-end=\"3826\" class=\"\">\n<p data-start=\"3749\" data-end=\"3826\" class=\"\"><strong data-start=\"3749\" data-end=\"3761\">Bater\u00eda:<\/strong> 2400mAh, hasta 3h de autonom\u00eda, carga en 30 min (v\u00eda USB)<\/p>\n<\/li>\n<li data-start=\"3827\" data-end=\"3854\" class=\"\">\n<p data-start=\"3829\" data-end=\"3854\" class=\"\"><strong data-start=\"3829\" data-end=\"3838\">Peso:<\/strong> 200 g (cuerpo)<\/p>\n<\/li>\n<li data-start=\"3855\" data-end=\"3894\" class=\"\">\n<p data-start=\"3857\" data-end=\"3894\" class=\"\"><strong data-start=\"3857\" data-end=\"3871\">Dimensiones:<\/strong> 124,5 x 46 x 38,2 mm<\/p>\n<\/li>\n<li data-start=\"3895\" data-end=\"3940\" class=\"\">\n<p data-start=\"3897\" data-end=\"3940\" class=\"\"><strong data-start=\"3897\" data-end=\"3925\">Temperatura de funcionamiento:<\/strong> -20 \u00b0C a 40 \u00b0C<\/p>\n<\/li>\n<li data-start=\"3941\" data-end=\"4003\" class=\"\">\n<p data-start=\"3943\" data-end=\"4003\" class=\"\"><strong data-start=\"3943\" data-end=\"3966\">Resistencia al agua:<\/strong> Hasta 15 m (49&#8242;) sin caja adicional<\/p>\n<\/li>\n<\/ul>\n<p data-start=\"4010\" data-end=\"4025\" class=\"\"><strong data-start=\"4010\" data-end=\"4023\"><br \/><\/strong><\/p>\n<p data-start=\"4010\" data-end=\"4025\" class=\"\"><strong data-start=\"4010\" data-end=\"4023\">Embalaje<\/strong><\/p>\n<ul data-start=\"4026\" data-end=\"4119\">\n<li data-start=\"4026\" data-end=\"4066\" class=\"\">\n<p data-start=\"4028\" data-end=\"4066\" class=\"\">Peso del paquete: 1,5 kg (estimado)<\/p>\n<\/li>\n<li data-start=\"4067\" data-end=\"4119\" class=\"\">\n<p data-start=\"4069\" data-end=\"4119\" class=\"\">Dimensiones del paquete: 25 x 20 x 10 cm (estimado)<\/p>\n<\/li>\n<\/ul>\n<p data-start=\"4126\" data-end=\"4288\" class=\"\"><strong data-start=\"4126\" data-end=\"4152\"><br \/><\/strong><\/p>\n<p data-start=\"4126\" data-end=\"4288\" class=\"\"><strong data-start=\"4126\" data-end=\"4152\">Informaci\u00f3n adicional<\/strong><br data-start=\"4152\" data-end=\"4155\">Nota: Im\u00e1genes ilustrativas. Equipo fotogr\u00e1fico no incluido. Consulte el contenido del paquete y los detalles en las especificaciones del producto.  <\/p>\n","protected":false},"excerpt":{"rendered":"<p>INSTA360 X5 360\u00b0 8K Essentials Bundle Funciones Captura de v\u00eddeo de 360\u00b0 en 8K30 y 5,7K60 con estabilizaci\u00f3n FlowState y<\/p>\n","protected":false},"featured_media":41706,"comment_status":"closed","ping_status":"closed","template":"","meta":{"_acf_changed":false},"product_brand":[2565],"product_cat":[927],"product_tag":[],"class_list":{"0":"post-72804","1":"product","2":"type-product","3":"status-publish","4":"has-post-thumbnail","6":"product_brand-insta360-es","7":"product_cat-camaras-accion-360o","9":"first","10":"instock","11":"taxable","12":"shipping-taxable","13":"purchasable","14":"product-type-simple"},"bundled_by":[],"bundle_stock_status":"instock","bundle_stock_quantity":1,"bundle_virtual":false,"bundle_layout":"","bundle_add_to_cart_form_location":"","bundle_editable_in_cart":false,"bundle_sold_individually_context":"","bundle_item_grouping":"","bundle_min_size":"","bundle_max_size":"","bundle_price":[],"bundled_items":[],"bundle_sell_ids":[],"acf":[],"_links":{"self":[{"href":"https:\/\/hi-techwonder.com\/es\/wp-json\/wp\/v2\/product\/72804","targetHints":{"allow":["GET"]}}],"collection":[{"href":"https:\/\/hi-techwonder.com\/es\/wp-json\/wp\/v2\/product"}],"about":[{"href":"https:\/\/hi-techwonder.com\/es\/wp-json\/wp\/v2\/types\/product"}],"replies":[{"embeddable":true,"href":"https:\/\/hi-techwonder.com\/es\/wp-json\/wp\/v2\/comments?post=72804"}],"wp:featuredmedia":[{"embeddable":true,"href":"https:\/\/hi-techwonder.com\/es\/wp-json\/wp\/v2\/media\/41706"}],"wp:attachment":[{"href":"https:\/\/hi-techwonder.com\/es\/wp-json\/wp\/v2\/media?parent=72804"}],"wp:term":[{"taxonomy":"product_brand","embeddable":true,"href":"https:\/\/hi-techwonder.com\/es\/wp-json\/wp\/v2\/product_brand?post=72804"},{"taxonomy":"product_cat","embeddable":true,"href":"https:\/\/hi-techwonder.com\/es\/wp-json\/wp\/v2\/product_cat?post=72804"},{"taxonomy":"product_tag","embeddable":true,"href":"https:\/\/hi-techwonder.com\/es\/wp-json\/wp\/v2\/product_tag?post=72804"}],"curies":[{"name":"wp","href":"https:\/\/api.w.org\/{rel}","templated":true}]}}