{"id":72822,"date":"2025-07-29T09:02:47","date_gmt":"2025-07-29T09:02:47","guid":{"rendered":"https:\/\/fv6qoy3ls0.wpdns.site\/produto\/filtro-macro-de-primer-plano-jjc-de-67-mm-10\/"},"modified":"2026-01-31T02:45:42","modified_gmt":"2026-01-31T02:45:42","slug":"jjc-filtro-macro-de-primer-plano-jjc-de-67-mm-10","status":"publish","type":"product","link":"https:\/\/hi-techwonder.com\/es\/producto\/jjc-filtro-macro-de-primer-plano-jjc-de-67-mm-10\/","title":{"rendered":"Filtro macro de primer plano JJC de 67 mm (+10)"},"content":{"rendered":"<p>El filtro macro de primer plano de la serie JJC FC le permite crear efectos macro y lo lleva al misterioso micromundo.<\/p>\n<p>  El filtro macro de primeros planos de la serie JJC FC encaja bien en la captura de primeros planos, le permite crear efectos macro y lo lleva al misterioso mundo micro. El filtro adopta vidrio \u00f3ptico de alta calidad con molienda fina, lo que permite una buena calidad de imagen y alta nitidez; El marco est\u00e1 hecho de aleaci\u00f3n de aluminio de primera calidad con un acabado mate antideslumbrante en el interior para evitar que la luz par\u00e1sita entre en el borde del filtro. Este filtro se puede utilizar para fotografiar flores, insectos, joyas, gotas de agua, kit de garaje&#8230; o palabras. Los estambres se pueden ver claramente y la pelusa de los insectos se puede distinguir f\u00e1cilmente. Con este filtro de primeros planos, te convertir\u00e1s en miembro del micromundo e incluso podr\u00e1s filmar \u00e9xitos de taquilla en tu vida diaria. Se incluye una bolsa protectora de filtro gratuita en el paquete para proteger el filtro de impactos y ara\u00f1azos.     <\/p>\n<p> <strong>Productos destacados:<\/strong><\/p>\n<ul>\n<li>  Se adapta a los primeros planos y crea efectos macro<\/li>\n<li>  Para fotografiar flores, insectos, joyas, gotas de agua, kit de garaje &#8230;&#8230; o palabras<\/li>\n<li>  Adopta vidrio \u00f3ptico premium<\/li>\n<li>  Marco de aleaci\u00f3n de aluminio de alta calidad<\/li>\n<li>  Viene con una bolsa de filtro protectora<\/li>\n<li>  Disponible en +2, +4, +8, +10 dioptr\u00edas, con tama\u00f1os de rosca de 40,5-77 mm  <\/li>\n<\/ul>\n<table style=\"border-spacing: 0px;max-width: 100%;width: 46.7975%;height: 171px\" cellspacing=\"0\" cellpadding=\"0\">\n<tbody>\n<tr class=\"firstRow\" style=\"height: 28px\">\n<td style=\"width: 11.9274%;height: 56px;border: 1px solid #000000\" rowspan=\"2\" height=\"56\"><strong>Peso<\/strong> <\/td>\n<td style=\"width: 31.7881%;height: 28px;border: 1px solid #000000\" colspan=\"2\"> Peso neto (g) <\/td>\n<td style=\"width: 56.0706%;height: 28px;border: 1px solid #000000\" width=\"29\"> 63g <\/td>\n<\/tr>\n<tr style=\"height: 28px\">\n<td style=\"width: 31.7881%;height: 28px;border: 1px solid #000000\" colspan=\"2\" width=\"57\"> Peso bruto (g) <\/td>\n<td style=\"width: 56.0706%;height: 28px;border: 1px solid #000000\" width=\"235\"> 112g <\/td>\n<\/tr>\n<tr style=\"height: 31px\">\n<td style=\"width: 11.9274%;height: 87px;border: 1px solid #000000\" height=\"87\"><strong>Tama\u00f1o<\/strong> <\/td>\n<td style=\"width: 31.7881%;height: 31px;border: 1px solid #000000\" colspan=\"2\"> Tama\u00f1o completo <\/td>\n<td style=\"width: 56.0706%;height: 31px;border: 1px solid #000000\" width=\"29\"> f69.5 * 13.6mm <\/td>\n<\/tr>\n<tr style=\"height: 28px\">\n<td style=\"width: 43.7155%;height: 28px;border: 1px solid #000000\" colspan=\"3\" align=\"center\" valign=\"top\" height=\"28\"> <strong>Material<\/strong> <\/td>\n<td style=\"width: 56.0706%;height: 28px;border: 1px solid #000000\" width=\"235\"> : vidrio \u00f3ptico + aleaci\u00f3n de aluminio<\/td>\n<\/tr>\n<\/tbody>\n<\/table>\n<p> <strong>El paquete incluye:<\/strong><\/p>\n<ul>\n<li>  Filtro macro de primer plano x 1<\/li>\n<li>  Bolsa de filtro protectora x 1<\/li>\n<\/ul>\n","protected":false},"excerpt":{"rendered":"<p>El filtro macro de primer plano de la serie JJC FC le permite crear efectos macro y lo lleva al<\/p>\n","protected":false},"featured_media":44534,"comment_status":"closed","ping_status":"open","template":"","meta":{"_acf_changed":false},"product_brand":[2547],"product_cat":[972],"product_tag":[],"class_list":{"0":"post-72822","1":"product","2":"type-product","3":"status-publish","4":"has-post-thumbnail","6":"product_brand-jjc-es","7":"product_cat-fotografia-macro-es","9":"first","10":"instock","11":"taxable","12":"shipping-taxable","13":"purchasable","14":"product-type-simple"},"bundled_by":[],"bundle_stock_status":"instock","bundle_stock_quantity":1,"bundle_virtual":false,"bundle_layout":"","bundle_add_to_cart_form_location":"","bundle_editable_in_cart":false,"bundle_sold_individually_context":"","bundle_item_grouping":"","bundle_min_size":"","bundle_max_size":"","bundle_price":[],"bundled_items":[],"bundle_sell_ids":[],"acf":[],"_links":{"self":[{"href":"https:\/\/hi-techwonder.com\/es\/wp-json\/wp\/v2\/product\/72822","targetHints":{"allow":["GET"]}}],"collection":[{"href":"https:\/\/hi-techwonder.com\/es\/wp-json\/wp\/v2\/product"}],"about":[{"href":"https:\/\/hi-techwonder.com\/es\/wp-json\/wp\/v2\/types\/product"}],"replies":[{"embeddable":true,"href":"https:\/\/hi-techwonder.com\/es\/wp-json\/wp\/v2\/comments?post=72822"}],"wp:featuredmedia":[{"embeddable":true,"href":"https:\/\/hi-techwonder.com\/es\/wp-json\/wp\/v2\/media\/44534"}],"wp:attachment":[{"href":"https:\/\/hi-techwonder.com\/es\/wp-json\/wp\/v2\/media?parent=72822"}],"wp:term":[{"taxonomy":"product_brand","embeddable":true,"href":"https:\/\/hi-techwonder.com\/es\/wp-json\/wp\/v2\/product_brand?post=72822"},{"taxonomy":"product_cat","embeddable":true,"href":"https:\/\/hi-techwonder.com\/es\/wp-json\/wp\/v2\/product_cat?post=72822"},{"taxonomy":"product_tag","embeddable":true,"href":"https:\/\/hi-techwonder.com\/es\/wp-json\/wp\/v2\/product_tag?post=72822"}],"curies":[{"name":"wp","href":"https:\/\/api.w.org\/{rel}","templated":true}]}}