{"id":72825,"date":"2025-07-29T08:56:04","date_gmt":"2025-07-29T08:56:04","guid":{"rendered":"https:\/\/fv6qoy3ls0.wpdns.site\/produto\/jjc-gsp-eosr5-protector-de-vidrio-lcd-r5-r5c-r3\/"},"modified":"2025-12-22T14:17:02","modified_gmt":"2025-12-22T14:17:02","slug":"jjc-gsp-eosr5-protector-de-vidrio-lcd-r5-r5c-r3","status":"publish","type":"product","link":"https:\/\/hi-techwonder.com\/es\/producto\/jjc-gsp-eosr5-protector-de-vidrio-lcd-r5-r5c-r3\/","title":{"rendered":"JJC GSP-EOSR5 Protector de vidrio LCD R5 \/ R5C \/ R3"},"content":{"rendered":"<p><strong>JJC GSP-EOSR5 9H Protector de vidrio para Canon EOS R5 LCD<\/strong><\/p>\n<p><strong>Res\u00famenes:<\/strong><\/p>\n<ul>\n<li>Adaptado a cada tipo de pantalla<\/li>\n<li>Vidrio \u00f3ptico ultrafino de 0.01&#8243;<\/li>\n<li>Alta tasa de transmisi\u00f3n de hasta el 95%<\/li>\n<li>Dureza hasta 9H<\/li>\n<li>M\u00faltiples capas de material protector<\/li>\n<li>Bloquea los rayos UV mientras deja entrar la luz visible<\/li>\n<li>Contra el agua, el aceite y las huellas dactilares<\/li>\n<li>F\u00e1cil de instalar sin atrapar burbujas de aire y f\u00e1cil de quitar<\/li>\n<li>El m\u00e9todo de adhesi\u00f3n est\u00e1tica no deja residuos pegajosos<\/li>\n<li>Bordes redondeados 2.5D<\/li>\n<li>Herramientas de limpieza gratuitas para limpiar la pantalla LCD antes de la instalaci\u00f3n<\/li>\n<li>Pel\u00edcula protectora de PET gratuita disponible para la subpantalla si su c\u00e1mara tiene<\/li>\n<\/ul>\n<p><iframe loading=\"lazy\" src=\"https:\/\/www.youtube.com\/embed\/7Ze_ZgyVM88\" width=\"560\" height=\"314\" allowfullscreen=\"allowfullscreen\"><\/iframe><\/p>\n<p>El protector de vidrio de la serie JJC GSP es una l\u00e1mina de vidrio \u00f3ptico ultrafino de 0.01&#8243; que se utiliza para proteger la pantalla LCD de su c\u00e1mara. La alta transmitancia del 95% ayuda a mostrar im\u00e1genes claras en la pantalla LCD. El material protege su pantalla de la suciedad, los ara\u00f1azos, el sudor, las manchas y los impactos ligeros. El vidrio irrompible bloquea los rayos UV mientras deja entrar la luz visible. La superficie del protector tambi\u00e9n es resistente al agua, al aceite y a las huellas dactilares. Superficie c\u00f3moda y lisa para sujetar y evitar que los bordes rayen los dedos durante la instalaci\u00f3n. El protector de vidrio es f\u00e1cil de instalar sin atrapar burbujas de aire y es muy f\u00e1cil de quitar. El m\u00e9todo de adhesi\u00f3n est\u00e1tica no deja residuos pegajosos detr\u00e1s de la pantalla. El paquete contiene herramientas de limpieza como toallitas h\u00famedas, pa\u00f1os de limpieza de microfibra y absorbentes de polvo para facilitar la limpieza. El protector tambi\u00e9n ofrece un par de pel\u00edculas protectoras de PET para su c\u00e1mara de pantalla b, sujeto al modelo de c\u00e1mara espec\u00edfico.         <\/p>\n<p><strong>C\u00e1maras compatibles:<\/strong><\/p>\n<ul>\n<li>Canon EOS R5<\/li>\n<li>Canon R5C<\/li>\n<li>Canon R3<\/li>\n<\/ul>\n<p><strong>Caracter\u00edsticas t\u00e9cnicas:<\/strong><\/p>\n<ul>\n<li>Material: vidrio \u00f3ptico<\/li>\n<li>Transmitancia de luz: 95%<\/li>\n<li>\u00cdndice de resistencia a los ara\u00f1azos: 9H<\/li>\n<li>Espesor: 0,01&#8243; (0,3 mm)<\/li>\n<\/ul>\n","protected":false},"excerpt":{"rendered":"<p>JJC GSP-EOSR5 9H Protector de vidrio para Canon EOS R5 LCD Res\u00famenes: Adaptado a cada tipo de pantalla Vidrio \u00f3ptico<\/p>\n","protected":false},"featured_media":42937,"comment_status":"closed","ping_status":"closed","template":"","meta":{"_acf_changed":false},"product_brand":[2547],"product_cat":[2859],"product_tag":[],"class_list":{"0":"post-72825","1":"product","2":"type-product","3":"status-publish","4":"has-post-thumbnail","6":"product_brand-jjc-es","7":"product_cat-protectores-pantalla","9":"first","10":"instock","11":"taxable","12":"shipping-taxable","13":"purchasable","14":"product-type-simple"},"bundled_by":[],"bundle_stock_status":"instock","bundle_stock_quantity":2,"bundle_virtual":false,"bundle_layout":"","bundle_add_to_cart_form_location":"","bundle_editable_in_cart":false,"bundle_sold_individually_context":"","bundle_item_grouping":"","bundle_min_size":"","bundle_max_size":"","bundle_price":[],"bundled_items":[],"bundle_sell_ids":[],"acf":[],"_links":{"self":[{"href":"https:\/\/hi-techwonder.com\/es\/wp-json\/wp\/v2\/product\/72825","targetHints":{"allow":["GET"]}}],"collection":[{"href":"https:\/\/hi-techwonder.com\/es\/wp-json\/wp\/v2\/product"}],"about":[{"href":"https:\/\/hi-techwonder.com\/es\/wp-json\/wp\/v2\/types\/product"}],"replies":[{"embeddable":true,"href":"https:\/\/hi-techwonder.com\/es\/wp-json\/wp\/v2\/comments?post=72825"}],"wp:featuredmedia":[{"embeddable":true,"href":"https:\/\/hi-techwonder.com\/es\/wp-json\/wp\/v2\/media\/42937"}],"wp:attachment":[{"href":"https:\/\/hi-techwonder.com\/es\/wp-json\/wp\/v2\/media?parent=72825"}],"wp:term":[{"taxonomy":"product_brand","embeddable":true,"href":"https:\/\/hi-techwonder.com\/es\/wp-json\/wp\/v2\/product_brand?post=72825"},{"taxonomy":"product_cat","embeddable":true,"href":"https:\/\/hi-techwonder.com\/es\/wp-json\/wp\/v2\/product_cat?post=72825"},{"taxonomy":"product_tag","embeddable":true,"href":"https:\/\/hi-techwonder.com\/es\/wp-json\/wp\/v2\/product_tag?post=72825"}],"curies":[{"name":"wp","href":"https:\/\/api.w.org\/{rel}","templated":true}]}}