{"id":72826,"date":"2025-07-29T08:54:14","date_gmt":"2025-07-29T08:54:14","guid":{"rendered":"https:\/\/fv6qoy3ls0.wpdns.site\/produto\/ocular-jjc-jjc-ajuste-de-esponja-nikon\/"},"modified":"2026-01-31T02:52:56","modified_gmt":"2026-01-31T02:52:56","slug":"jjc-ocular-jjc-jjc-ajuste-de-esponja-nikon","status":"publish","type":"product","link":"https:\/\/hi-techwonder.com\/es\/producto\/jjc-ocular-jjc-jjc-ajuste-de-esponja-nikon\/","title":{"rendered":"Ocular JJC JJC \/ Ajuste de esponja Nikon"},"content":{"rendered":"<p style=\"text-align: justify\"><span style=\"font-size: small\">Proporciona amortiguaci\u00f3n alrededor del ocular de la c\u00e1mara y es especialmente \u00fatil para los usuarios con gafas.<\/span><\/p>\n<p style=\"text-align: justify\"><span style=\"font-size: small\"><strong>Compatible con:<\/strong><br \/><\/span><\/p>\n<ul>\n<li>&nbsp;D40, D40X, D60, D3000, D3100, D300, D300S, D70S, D70, etc.<\/li>\n<\/ul>\n<p><strong style=\"font-family: verdana, geneva;font-size: small;text-align: justify\">No compatible con Nikon D90<\/strong><\/p>\n","protected":false},"excerpt":{"rendered":"<p>Proporciona amortiguaci\u00f3n alrededor del ocular de la c\u00e1mara y es especialmente \u00fatil para los usuarios con gafas. Compatible con: &nbsp;D40,<\/p>\n","protected":false},"featured_media":42518,"comment_status":"closed","ping_status":"open","template":"","meta":{"_acf_changed":false},"product_brand":[2547],"product_cat":[921],"product_tag":[],"class_list":{"0":"post-72826","1":"product","2":"type-product","3":"status-publish","4":"has-post-thumbnail","6":"product_brand-jjc-es","7":"product_cat-oculares-es","8":"custom-price-on-request","10":"first","11":"instock","12":"taxable","13":"shipping-taxable","14":"product-type-simple"},"bundled_by":[],"bundle_stock_status":"instock","bundle_stock_quantity":2,"bundle_virtual":false,"bundle_layout":"","bundle_add_to_cart_form_location":"","bundle_editable_in_cart":false,"bundle_sold_individually_context":"","bundle_item_grouping":"","bundle_min_size":"","bundle_max_size":"","bundle_price":[],"bundled_items":[],"bundle_sell_ids":[],"acf":[],"_links":{"self":[{"href":"https:\/\/hi-techwonder.com\/es\/wp-json\/wp\/v2\/product\/72826","targetHints":{"allow":["GET"]}}],"collection":[{"href":"https:\/\/hi-techwonder.com\/es\/wp-json\/wp\/v2\/product"}],"about":[{"href":"https:\/\/hi-techwonder.com\/es\/wp-json\/wp\/v2\/types\/product"}],"replies":[{"embeddable":true,"href":"https:\/\/hi-techwonder.com\/es\/wp-json\/wp\/v2\/comments?post=72826"}],"wp:featuredmedia":[{"embeddable":true,"href":"https:\/\/hi-techwonder.com\/es\/wp-json\/wp\/v2\/media\/42518"}],"wp:attachment":[{"href":"https:\/\/hi-techwonder.com\/es\/wp-json\/wp\/v2\/media?parent=72826"}],"wp:term":[{"taxonomy":"product_brand","embeddable":true,"href":"https:\/\/hi-techwonder.com\/es\/wp-json\/wp\/v2\/product_brand?post=72826"},{"taxonomy":"product_cat","embeddable":true,"href":"https:\/\/hi-techwonder.com\/es\/wp-json\/wp\/v2\/product_cat?post=72826"},{"taxonomy":"product_tag","embeddable":true,"href":"https:\/\/hi-techwonder.com\/es\/wp-json\/wp\/v2\/product_tag?post=72826"}],"curies":[{"name":"wp","href":"https:\/\/api.w.org\/{rel}","templated":true}]}}