{"id":72830,"date":"2025-07-29T08:56:13","date_gmt":"2025-07-29T08:56:13","guid":{"rendered":"https:\/\/fv6qoy3ls0.wpdns.site\/produto\/jjc-gsp-x100v-protector-de-vidrio-lcd-x100v-x-t4\/"},"modified":"2026-03-20T11:24:26","modified_gmt":"2026-03-20T11:24:26","slug":"jjc-gsp-x100v-protector-de-vidrio-lcd-x100v-x-t4","status":"publish","type":"product","link":"https:\/\/hi-techwonder.com\/es\/producto\/jjc-gsp-x100v-protector-de-vidrio-lcd-x100v-x-t4\/","title":{"rendered":"JJC Protector de Pantalla C\u00e2maras Fujifilm X100V | X100VI | X-T4 | X-E4 | X-T5"},"content":{"rendered":"<h2><strong>JJC Protector de Pantalla de Cristal Templado para LCD<\/strong><\/h2>\n<h2><strong>C\u00e1maras Fujifilm X100V | X100VI | X-T4 | X-E4 | X-T5<\/strong><\/h2>\n<p>&nbsp;<\/p>\n<h2>Resumen<\/h2>\n<div class=\"QcsUad BDJ8fb BLojaf sMVRZe hCXDsb wneUed\">\n<div class=\"usGWQd\">\n<div class=\"KkbLmb\">\n<ul>\n<li class=\"lRu31\" dir=\"ltr\">Adaptado a cada tipo de pantalla<\/li>\n<li class=\"lRu31\" dir=\"ltr\">Cristal \u00f3ptico ultrafino de 0,01&#8243;<\/li>\n<li class=\"lRu31\" dir=\"ltr\">Alta tasa de transmisi\u00f3n de hasta el 95 %<\/li>\n<li class=\"lRu31\" dir=\"ltr\">Dureza de hasta 9H<\/li>\n<li class=\"lRu31\" dir=\"ltr\">M\u00faltiples capas de material protector<\/li>\n<li class=\"lRu31\" dir=\"ltr\">Bloquea los rayos UV y permite la entrada de la luz visible<\/li>\n<li class=\"lRu31\" dir=\"ltr\">Protecci\u00f3n contra agua, aceite y huellas dactilares<\/li>\n<li class=\"lRu31\" dir=\"ltr\">F\u00e1cil de instalar sin burbujas de aire y f\u00e1cil de retirar<\/li>\n<li class=\"lRu31\" dir=\"ltr\">El m\u00e9todo de adhesi\u00f3n est\u00e1tica no deja residuos pegajosos<\/li>\n<li class=\"lRu31\" dir=\"ltr\">Bordes redondeados 2.5D<\/li>\n<li class=\"lRu31\" dir=\"ltr\">Herramientas de limpieza gratuitas para limpiar la pantalla LCD antes de la instalaci\u00f3n<\/li>\n<li class=\"lRu31\" dir=\"ltr\">Pel\u00edcula protectora de PET gratuita disponible para la subpantalla si su c\u00e1mara la tiene<\/li>\n<\/ul>\n<p>&nbsp;<\/p>\n<\/div>\n<\/div>\n<\/div>\n<p><iframe loading=\"lazy\" src=\"https:\/\/www.youtube.com\/embed\/7Ze_ZgyVM88\" width=\"560\" height=\"314\" allowfullscreen=\"allowfullscreen\"><\/iframe><\/p>\n<p>&nbsp;<\/p>\n<p>El protector de vidrio de la serie JJC GSP es una l\u00e1mina de vidrio \u00f3ptico ultrafino de 0,01&#8243; que protege la pantalla LCD de su c\u00e1mara. Su alta transmitancia del 95% ayuda a mostrar im\u00e1genes n\u00edtidas en la pantalla LCD. El material protege la pantalla de la suciedad, el polvo, el sudor, las manchas y los impactos. Es ligero. El vidrio, irremplazable, bloquea los rayos UV y permite la entrada de la luz visible. Toallas h\u00famedas, pa\u00f1os de limpieza de microfibra y absorbentes Octopus facilitan la limpieza.<\/p>\n<h2><strong>C\u00e1maras compatibles:<\/strong><\/h2>\n<table data-path-to-node=\"3\">\n<thead>\n<tr>\n<td><strong>Modelo<\/strong><\/td>\n<td><strong>Tamanho<\/strong><\/td>\n<td><strong>Resolu\u00e7\u00e3o<\/strong><\/td>\n<td><strong>Tipo de Articula\u00e7\u00e3o<\/strong><\/td>\n<\/tr>\n<\/thead>\n<tbody>\n<tr>\n<td><span data-path-to-node=\"3,1,0,0\"><b data-path-to-node=\"3,1,0,0\" data-index-in-node=\"0\">X100V<\/b><\/span><\/td>\n<td><span data-path-to-node=\"3,1,1,0\">3.0&#8243;<\/span><\/td>\n<td><span data-path-to-node=\"3,1,2,0\">1.62M pontos<\/span><\/td>\n<td><span data-path-to-node=\"3,1,3,0\">Inclin\u00e1vel (Tilt)<\/span><\/td>\n<\/tr>\n<tr>\n<td><span data-path-to-node=\"3,2,0,0\"><b data-path-to-node=\"3,2,0,0\" data-index-in-node=\"0\">X100VI<\/b><\/span><\/td>\n<td><span data-path-to-node=\"3,2,1,0\">3.0&#8243;<\/span><\/td>\n<td><span data-path-to-node=\"3,2,2,0\">1.62M pontos<\/span><\/td>\n<td><span data-path-to-node=\"3,2,3,0\">Inclin\u00e1vel (Tilt &#8211; desce mais 15\u00b0)<\/span><\/td>\n<\/tr>\n<tr>\n<td><span data-path-to-node=\"3,3,0,0\"><b data-path-to-node=\"3,3,0,0\" data-index-in-node=\"0\">X-E4<\/b><\/span><\/td>\n<td><span data-path-to-node=\"3,3,1,0\">3.0&#8243;<\/span><\/td>\n<td><span data-path-to-node=\"3,3,2,0\">1.62M pontos<\/span><\/td>\n<td><span data-path-to-node=\"3,3,3,0\">Inclin\u00e1vel (180\u00b0 para Selfie)<\/span><\/td>\n<\/tr>\n<tr>\n<td><span data-path-to-node=\"3,4,0,0\"><b data-path-to-node=\"3,4,0,0\" data-index-in-node=\"0\">X-T4<\/b><\/span><\/td>\n<td><span data-path-to-node=\"3,4,1,0\">3.0&#8243;<\/span><\/td>\n<td><span data-path-to-node=\"3,4,2,0\">1.62M pontos<\/span><\/td>\n<td><span data-path-to-node=\"3,4,3,0\">Totalmente Articulado (Flip out)<\/span><\/td>\n<\/tr>\n<tr>\n<td><span data-path-to-node=\"3,5,0,0\"><b data-path-to-node=\"3,5,0,0\" data-index-in-node=\"0\">X-T5<\/b><\/span><\/td>\n<td><span data-path-to-node=\"3,5,1,0\">3.0&#8243;<\/span><\/td>\n<td><span data-path-to-node=\"3,5,2,0\"><b data-path-to-node=\"3,5,2,0\" data-index-in-node=\"0\">1.84M pontos<\/b><\/span><\/td>\n<td><span data-path-to-node=\"3,5,3,0\">Inclin\u00e1vel em 3 dire\u00e7\u00f5es<\/span><\/td>\n<\/tr>\n<\/tbody>\n<\/table>\n<h2><strong>Caracter\u00edsticas t\u00e9cnicas:<\/strong><\/h2>\n<ul>\n<li>Material: vidrio \u00f3ptico<\/li>\n<li>Transmisi\u00f3n de luz: 95 %<\/li>\n<li>\u00cdndice de resistencia a las ara\u00f1as: 9H<\/li>\n<li>Grosor: 0,3 mm<\/li>\n<\/ul>\n","protected":false},"excerpt":{"rendered":"<p>JJC Protector de Pantalla de Cristal Templado para LCD C\u00e1maras Fujifilm X100V | X100VI | X-T4 | X-E4 | X-T5<\/p>\n","protected":false},"featured_media":42969,"comment_status":"closed","ping_status":"closed","template":"","meta":{"_acf_changed":false},"product_brand":[2547],"product_cat":[2859],"product_tag":[],"class_list":{"0":"post-72830","1":"product","2":"type-product","3":"status-publish","4":"has-post-thumbnail","6":"product_brand-jjc-es","7":"product_cat-protectores-pantalla","9":"first","10":"instock","11":"taxable","12":"shipping-taxable","13":"purchasable","14":"product-type-simple"},"bundled_by":[],"bundle_stock_status":"instock","bundle_stock_quantity":1,"bundle_virtual":false,"bundle_layout":"","bundle_add_to_cart_form_location":"","bundle_editable_in_cart":false,"bundle_sold_individually_context":"","bundle_item_grouping":"","bundle_min_size":"","bundle_max_size":"","bundle_price":[],"bundled_items":[],"bundle_sell_ids":[],"acf":[],"_links":{"self":[{"href":"https:\/\/hi-techwonder.com\/es\/wp-json\/wp\/v2\/product\/72830","targetHints":{"allow":["GET"]}}],"collection":[{"href":"https:\/\/hi-techwonder.com\/es\/wp-json\/wp\/v2\/product"}],"about":[{"href":"https:\/\/hi-techwonder.com\/es\/wp-json\/wp\/v2\/types\/product"}],"replies":[{"embeddable":true,"href":"https:\/\/hi-techwonder.com\/es\/wp-json\/wp\/v2\/comments?post=72830"}],"wp:featuredmedia":[{"embeddable":true,"href":"https:\/\/hi-techwonder.com\/es\/wp-json\/wp\/v2\/media\/42969"}],"wp:attachment":[{"href":"https:\/\/hi-techwonder.com\/es\/wp-json\/wp\/v2\/media?parent=72830"}],"wp:term":[{"taxonomy":"product_brand","embeddable":true,"href":"https:\/\/hi-techwonder.com\/es\/wp-json\/wp\/v2\/product_brand?post=72830"},{"taxonomy":"product_cat","embeddable":true,"href":"https:\/\/hi-techwonder.com\/es\/wp-json\/wp\/v2\/product_cat?post=72830"},{"taxonomy":"product_tag","embeddable":true,"href":"https:\/\/hi-techwonder.com\/es\/wp-json\/wp\/v2\/product_tag?post=72830"}],"curies":[{"name":"wp","href":"https:\/\/api.w.org\/{rel}","templated":true}]}}