{"id":72831,"date":"2025-07-28T23:57:31","date_gmt":"2025-07-28T23:57:31","guid":{"rendered":"https:\/\/fv6qoy3ls0.wpdns.site\/produto\/jjc-gb-pro1-arnes-de-fotografia-y-sistema-de-arnes\/"},"modified":"2026-02-27T15:56:36","modified_gmt":"2026-02-27T15:56:36","slug":"jjc-gb-pro1-arnes-de-fotografia-y-sistema-de-arnes","status":"publish","type":"product","link":"https:\/\/hi-techwonder.com\/es\/producto\/jjc-gb-pro1-arnes-de-fotografia-y-sistema-de-arnes\/","title":{"rendered":"JJC GB-PRO1 Arn\u00e9s de fotograf\u00eda y sistema de arn\u00e9s"},"content":{"rendered":"<p><strong>JJC GB-PRO1 Arn\u00e9s de fotograf\u00eda y sistema de arn\u00e9s<\/strong><\/p>\n<p><strong>Funciones<\/strong><\/p>\n<ul>\n<li>Dise\u00f1o ergon\u00f3mico \u00abestilo chaleco\u00bb<\/li>\n<li>C\u00f3modo y distribuye bien el peso<\/li>\n<li>Compatible con las fundas para lentes de las series JJC DLP y Lowepro S&amp;F<\/li>\n<li>Anillos en D para sujetar accesorios fotogr\u00e1ficos<\/li>\n<li>&#8211; Tira reflectante para una buena visibilidad en la oscuridad<\/li>\n<li>La correa para el pecho viene con un silbato<\/li>\n<li>Cintur\u00f3n de cadera ajustable de 87 a 118cm<\/li>\n<\/ul>\n<p><strong>Contenido del paquete:<\/strong><\/p>\n<ul>\n<li>1 x Correa para el pecho con silbato<\/li>\n<li>1 x Cintur\u00f3n<\/li>\n<\/ul>\n<p><strong>JJC GB-PRO1 Arn\u00e9s de fotograf\u00eda y sistema de arn\u00e9s<\/strong><\/p>\n<p>El sistema de cintur\u00f3n y arn\u00e9s de fotograf\u00eda JJC GB-PRO1 est\u00e1 especialmente dise\u00f1ado para transportar bolsas de lentes de la serie JJC DLP, la serie Lowepro S&amp;F y varios accesorios de fotograf\u00eda. Consta de un arn\u00e9s y un cintur\u00f3n. <\/p>\n<p><strong>C\u00f3modo y seguro<\/strong><\/p>\n<p>El arn\u00e9s tiene un dise\u00f1o ergon\u00f3mico \u00abestilo chaleco\u00bb, lo que lo hace c\u00f3modo y distribuye bien el peso. La tira reflectante en los laterales del arn\u00e9s garantiza una buena visibilidad de noche y de noche. <\/p>\n<p>La correa para el pecho viene con un silbato para uso en exteriores. El cintur\u00f3n del JJC GB-PRO1 es ajustable de 87 a 118 cent\u00edmetros y es adecuado para hasta 8 bolsas de lentes. El material de malla proporciona ventilaci\u00f3n en los d\u00edas calurosos, por lo que el arn\u00e9s y el cintur\u00f3n son c\u00f3modos de usar. Se pueden colocar varios accesorios fotogr\u00e1ficos en los anillos en D.   <\/p>\n<p><strong>Compatibilidad<\/strong><\/p>\n<ul>\n<li>JJC DLP-1 Bolsa para lentes<\/li>\n<li>JJC DLP-1II Bolsa de lentes de lujo<\/li>\n<li>JJC DLP-2 Bolsa para lentes<\/li>\n<li>JJC DLP-2II Bolsa de Lentes Deluxe<\/li>\n<li>JJC DLP-3 Bolsa para lentes<\/li>\n<li>JJC DLP-3II Estuche para lentes de lujo<\/li>\n<li>JJC DLP-4 Bolsa para lentes<\/li>\n<li>JJC DLP-4II Bolsa de lentes de lujo<\/li>\n<li>JJC DLP-5 Bolsa para lentes<\/li>\n<li>JJC DLP-5II Estuche para lentes de lujo<\/li>\n<li>JJC DLP-6 Bolsa para lentes<\/li>\n<li>JJC DLP-6II Bolsa de Lentes Deluxe<\/li>\n<li>JJC DLP-7 Bolsa de lentes de lujo<\/li>\n<li>JJC DLP-7II Bolsa de Lentes Deluxe<\/li>\n<li>JJC DLP-8II Bolsa de lentes de lujo<\/li>\n<\/ul>\n","protected":false},"excerpt":{"rendered":"<p>JJC GB-PRO1 Arn\u00e9s de fotograf\u00eda y sistema de arn\u00e9s Funciones Dise\u00f1o ergon\u00f3mico \u00abestilo chaleco\u00bb C\u00f3modo y distribuye bien el peso<\/p>\n","protected":false},"featured_media":30896,"comment_status":"closed","ping_status":"closed","template":"","meta":{"_acf_changed":false},"product_brand":[2547],"product_cat":[903],"product_tag":[],"class_list":{"0":"post-72831","1":"product","2":"type-product","3":"status-publish","4":"has-post-thumbnail","6":"product_brand-jjc-es","7":"product_cat-correas-y-tirantes","8":"pa_cor-negro","10":"first","11":"onbackorder","12":"taxable","13":"shipping-taxable","14":"purchasable","15":"product-type-simple"},"bundled_by":[],"bundle_stock_status":"onbackorder","bundle_stock_quantity":null,"bundle_virtual":false,"bundle_layout":"","bundle_add_to_cart_form_location":"","bundle_editable_in_cart":false,"bundle_sold_individually_context":"","bundle_item_grouping":"","bundle_min_size":"","bundle_max_size":"","bundle_price":[],"bundled_items":[],"bundle_sell_ids":[],"acf":[],"_links":{"self":[{"href":"https:\/\/hi-techwonder.com\/es\/wp-json\/wp\/v2\/product\/72831","targetHints":{"allow":["GET"]}}],"collection":[{"href":"https:\/\/hi-techwonder.com\/es\/wp-json\/wp\/v2\/product"}],"about":[{"href":"https:\/\/hi-techwonder.com\/es\/wp-json\/wp\/v2\/types\/product"}],"replies":[{"embeddable":true,"href":"https:\/\/hi-techwonder.com\/es\/wp-json\/wp\/v2\/comments?post=72831"}],"wp:featuredmedia":[{"embeddable":true,"href":"https:\/\/hi-techwonder.com\/es\/wp-json\/wp\/v2\/media\/30896"}],"wp:attachment":[{"href":"https:\/\/hi-techwonder.com\/es\/wp-json\/wp\/v2\/media?parent=72831"}],"wp:term":[{"taxonomy":"product_brand","embeddable":true,"href":"https:\/\/hi-techwonder.com\/es\/wp-json\/wp\/v2\/product_brand?post=72831"},{"taxonomy":"product_cat","embeddable":true,"href":"https:\/\/hi-techwonder.com\/es\/wp-json\/wp\/v2\/product_cat?post=72831"},{"taxonomy":"product_tag","embeddable":true,"href":"https:\/\/hi-techwonder.com\/es\/wp-json\/wp\/v2\/product_tag?post=72831"}],"curies":[{"name":"wp","href":"https:\/\/api.w.org\/{rel}","templated":true}]}}