{"id":72835,"date":"2025-07-29T09:18:13","date_gmt":"2025-07-29T09:18:13","guid":{"rendered":"https:\/\/fv6qoy3ls0.wpdns.site\/produto\/parasol-de-silicona-jjc-lh-ars-53mm-72mm\/"},"modified":"2026-01-31T02:27:36","modified_gmt":"2026-01-31T02:27:36","slug":"jjc-parasol-de-silicona-jjc-lh-ars-53mm-72mm","status":"publish","type":"product","link":"https:\/\/hi-techwonder.com\/es\/producto\/jjc-parasol-de-silicona-jjc-lh-ars-53mm-72mm\/","title":{"rendered":"Parasol de silicona JJC LH-ARS 53mm-72mm"},"content":{"rendered":"<p>El parasol de silicona JJC LH-ARL est\u00e1 dise\u00f1ado para disparar a trav\u00e9s de ventanas y otras superficies reflectantes, sin la molestia de reflejos no deseados, proporcionando una imagen mucho m\u00e1s n\u00edtida. El parasol se puede plegar hacia la c\u00e1mara, lo que proporciona protecci\u00f3n contra salpicaduras para la c\u00e1mara. Para lentes con di\u00e1metro entre 53 mm ~ 72 mm.  <\/p>\n","protected":false},"excerpt":{"rendered":"<p>El parasol de silicona JJC LH-ARL est\u00e1 dise\u00f1ado para disparar a trav\u00e9s de ventanas y otras superficies reflectantes, sin la<\/p>\n","protected":false},"featured_media":47243,"comment_status":"closed","ping_status":"open","template":"","meta":{"_acf_changed":false},"product_brand":[2547],"product_cat":[1039],"product_tag":[],"class_list":{"0":"post-72835","1":"product","2":"type-product","3":"status-publish","4":"has-post-thumbnail","6":"product_brand-jjc-es","7":"product_cat-parasoles","9":"first","10":"instock","11":"taxable","12":"shipping-taxable","13":"purchasable","14":"product-type-simple"},"bundled_by":[],"bundle_stock_status":"instock","bundle_stock_quantity":1,"bundle_virtual":false,"bundle_layout":"","bundle_add_to_cart_form_location":"","bundle_editable_in_cart":false,"bundle_sold_individually_context":"","bundle_item_grouping":"","bundle_min_size":"","bundle_max_size":"","bundle_price":[],"bundled_items":[],"bundle_sell_ids":[],"acf":[],"_links":{"self":[{"href":"https:\/\/hi-techwonder.com\/es\/wp-json\/wp\/v2\/product\/72835","targetHints":{"allow":["GET"]}}],"collection":[{"href":"https:\/\/hi-techwonder.com\/es\/wp-json\/wp\/v2\/product"}],"about":[{"href":"https:\/\/hi-techwonder.com\/es\/wp-json\/wp\/v2\/types\/product"}],"replies":[{"embeddable":true,"href":"https:\/\/hi-techwonder.com\/es\/wp-json\/wp\/v2\/comments?post=72835"}],"wp:featuredmedia":[{"embeddable":true,"href":"https:\/\/hi-techwonder.com\/es\/wp-json\/wp\/v2\/media\/47243"}],"wp:attachment":[{"href":"https:\/\/hi-techwonder.com\/es\/wp-json\/wp\/v2\/media?parent=72835"}],"wp:term":[{"taxonomy":"product_brand","embeddable":true,"href":"https:\/\/hi-techwonder.com\/es\/wp-json\/wp\/v2\/product_brand?post=72835"},{"taxonomy":"product_cat","embeddable":true,"href":"https:\/\/hi-techwonder.com\/es\/wp-json\/wp\/v2\/product_cat?post=72835"},{"taxonomy":"product_tag","embeddable":true,"href":"https:\/\/hi-techwonder.com\/es\/wp-json\/wp\/v2\/product_tag?post=72835"}],"curies":[{"name":"wp","href":"https:\/\/api.w.org\/{rel}","templated":true}]}}