{"id":72838,"date":"2025-07-29T09:02:33","date_gmt":"2025-07-29T09:02:33","guid":{"rendered":"https:\/\/fv6qoy3ls0.wpdns.site\/produto\/kit-de-filtro-macro-jjc-close-up-49mm\/"},"modified":"2026-01-31T02:45:52","modified_gmt":"2026-01-31T02:45:52","slug":"jjc-kit-de-filtro-macro-jjc-close-up-49mm","status":"publish","type":"product","link":"https:\/\/hi-techwonder.com\/es\/producto\/jjc-kit-de-filtro-macro-jjc-close-up-49mm\/","title":{"rendered":"Kit de filtro macro JJC Close-Up 49mm"},"content":{"rendered":"<p>El kit de filtros macro para primeros planos de la serie JJC F-CK se presta bien a la fotograf\u00eda de primeros planos, le permite crear efectos macro y lo lleva al misterioso mundo micro. El filtro adopta vidrio \u00f3ptico de alta calidad con rectificaci\u00f3n fina, lo que permite una buena calidad de imagen y una alta nitidez. El marco est\u00e1 hecho de aleaci\u00f3n de aluminio de primera calidad con un acabado mate antideslumbrante en el interior para evitar que la luz par\u00e1sita entre en el borde del filtro. Este filtro se puede utilizar para fotografiar flores, insectos, joyas, gotas de agua, etc. El kit de filtros de primer plano de la serie JJC F-CK incluye filtros de 4 piezas de diferentes dioptr\u00edas (+2, +4, +8, +10), con diferentes tama\u00f1os de rosca disponibles de 40,5 a 77 mm, para satisfacer sus necesidades. Se incluye una bolsa protectora de filtro gratuita en el paquete para proteger el filtro de impactos y ara\u00f1azos.     <\/p>\n<ul>\n<li>Adecuado para primeros planos y crea efectos macro<\/li>\n<li>Para fotografiar flores, insectos, joyas, gotas de agua, etc.<\/li>\n<li>Vidrio \u00f3ptico premium<\/li>\n<li>Marco de aleaci\u00f3n de aluminio de alta calidad<\/li>\n<li>Viene con una bolsa de filtro protectora<\/li>\n<li>Incluye filtros de 4 piezas de diferentes dioptr\u00edas (+2, +4, +8, +10)<\/li>\n<li>Diferentes tama\u00f1os de rosca disponibles de 40,5 a 77 mm<\/li>\n<\/ul>\n<p><strong>En la caja<\/strong><\/p>\n<ul>\n<li>Filtro macro de primer plano de 49 mm +2<\/li>\n<li>Filtro macro de primer plano de 49 mm +4<\/li>\n<li>Filtro macro de primer plano de 49 mm +8<\/li>\n<li>Filtro macro de primer plano de 49 mm +10<\/li>\n<li>Monedero<\/li>\n<\/ul>\n","protected":false},"excerpt":{"rendered":"<p>El kit de filtros macro para primeros planos de la serie JJC F-CK se presta bien a la fotograf\u00eda de<\/p>\n","protected":false},"featured_media":44480,"comment_status":"closed","ping_status":"open","template":"","meta":{"_acf_changed":false},"product_brand":[2547],"product_cat":[972],"product_tag":[],"class_list":{"0":"post-72838","1":"product","2":"type-product","3":"status-publish","4":"has-post-thumbnail","6":"product_brand-jjc-es","7":"product_cat-fotografia-macro-es","9":"first","10":"instock","11":"taxable","12":"shipping-taxable","13":"purchasable","14":"product-type-simple"},"bundled_by":[],"bundle_stock_status":"instock","bundle_stock_quantity":1,"bundle_virtual":false,"bundle_layout":"","bundle_add_to_cart_form_location":"","bundle_editable_in_cart":false,"bundle_sold_individually_context":"","bundle_item_grouping":"","bundle_min_size":"","bundle_max_size":"","bundle_price":[],"bundled_items":[],"bundle_sell_ids":[],"acf":[],"_links":{"self":[{"href":"https:\/\/hi-techwonder.com\/es\/wp-json\/wp\/v2\/product\/72838","targetHints":{"allow":["GET"]}}],"collection":[{"href":"https:\/\/hi-techwonder.com\/es\/wp-json\/wp\/v2\/product"}],"about":[{"href":"https:\/\/hi-techwonder.com\/es\/wp-json\/wp\/v2\/types\/product"}],"replies":[{"embeddable":true,"href":"https:\/\/hi-techwonder.com\/es\/wp-json\/wp\/v2\/comments?post=72838"}],"wp:featuredmedia":[{"embeddable":true,"href":"https:\/\/hi-techwonder.com\/es\/wp-json\/wp\/v2\/media\/44480"}],"wp:attachment":[{"href":"https:\/\/hi-techwonder.com\/es\/wp-json\/wp\/v2\/media?parent=72838"}],"wp:term":[{"taxonomy":"product_brand","embeddable":true,"href":"https:\/\/hi-techwonder.com\/es\/wp-json\/wp\/v2\/product_brand?post=72838"},{"taxonomy":"product_cat","embeddable":true,"href":"https:\/\/hi-techwonder.com\/es\/wp-json\/wp\/v2\/product_cat?post=72838"},{"taxonomy":"product_tag","embeddable":true,"href":"https:\/\/hi-techwonder.com\/es\/wp-json\/wp\/v2\/product_tag?post=72838"}],"curies":[{"name":"wp","href":"https:\/\/api.w.org\/{rel}","templated":true}]}}