{"id":72844,"date":"2025-07-29T08:53:36","date_gmt":"2025-07-29T08:53:36","guid":{"rendered":"https:\/\/fv6qoy3ls0.wpdns.site\/produto\/cable-c-remoto-jjc-jf-g-de-canon\/"},"modified":"2026-01-31T02:53:44","modified_gmt":"2026-01-31T02:53:44","slug":"jjc-cable-c-remoto-jjc-jf-g-de-canon","status":"publish","type":"product","link":"https:\/\/hi-techwonder.com\/es\/producto\/jjc-cable-c-remoto-jjc-jf-g-de-canon\/","title":{"rendered":"Cable C remoto JJC JF-G de Canon"},"content":{"rendered":"<p><strong>C JJC JF-G Cable remoto Canon<\/strong><\/p>\n<p>El cable remoto JJC JF-G C reemplaza el cable RS-60E3 de Canon. Mediante el uso de este cable remoto adicional, el disparador de flash inal\u00e1mbrico JJC JF-G 3 en 1 se puede utilizar como un control remoto inal\u00e1mbrico con el que se puede disparar la c\u00e1mara desde una distancia de hasta 100 metros. &nbsp;<\/p>\n<p><strong>Adecuado para, entre otras cosas:<\/strong><\/p>\n<ul>\n<li>C\u00e1mara remota para iPhone JJC ES-898<\/li>\n<li>JJC JF-220U Disparador de flash de estudio inal\u00e1mbrico<\/li>\n<li>JJC JF-G1 Disparador de flash inal\u00e1mbrico 3 en 1<\/li>\n<li>JJC JF-G1P Disparador de flash inal\u00e1mbrico 3 en 1<\/li>\n<li>JJC JF-G1S Disparador de flash inal\u00e1mbrico<\/li>\n<li>JJC JF-G2 Disparador de flash inal\u00e1mbrico 3 en 1<\/li>\n<li>JJC JF-G2P Disparador de flash inal\u00e1mbrico 3 en 1<\/li>\n<li>JJC JF-G2S Disparador de flash inal\u00e1mbrico<\/li>\n<li>JJC JF-U1 Disparador de flash inal\u00e1mbrico<\/li>\n<li>JJC JF-U2 Disparador de flash inal\u00e1mbrico<\/li>\n<li>Control remoto infrarrojo y temporizador JJC MT-636<\/li>\n<li>Empu\u00f1adura de pistola con empu\u00f1adura remota JJC &#8211; HR<\/li>\n<li>Temporizador remoto inal\u00e1mbrico multifuncional JJC WT-868<\/li>\n<\/ul>\n","protected":false},"excerpt":{"rendered":"<p>C JJC JF-G Cable remoto Canon El cable remoto JJC JF-G C reemplaza el cable RS-60E3 de Canon. Mediante el<\/p>\n","protected":false},"featured_media":42432,"comment_status":"closed","ping_status":"open","template":"","meta":{"_acf_changed":false},"product_brand":[2547],"product_cat":[919],"product_tag":[],"class_list":{"0":"post-72844","1":"product","2":"type-product","3":"status-publish","4":"has-post-thumbnail","6":"product_brand-jjc-es","7":"product_cat-disparadores-es","9":"first","10":"instock","11":"taxable","12":"shipping-taxable","13":"purchasable","14":"product-type-simple"},"bundled_by":[],"bundle_stock_status":"instock","bundle_stock_quantity":2,"bundle_virtual":false,"bundle_layout":"","bundle_add_to_cart_form_location":"","bundle_editable_in_cart":false,"bundle_sold_individually_context":"","bundle_item_grouping":"","bundle_min_size":"","bundle_max_size":"","bundle_price":[],"bundled_items":[],"bundle_sell_ids":[],"acf":[],"_links":{"self":[{"href":"https:\/\/hi-techwonder.com\/es\/wp-json\/wp\/v2\/product\/72844","targetHints":{"allow":["GET"]}}],"collection":[{"href":"https:\/\/hi-techwonder.com\/es\/wp-json\/wp\/v2\/product"}],"about":[{"href":"https:\/\/hi-techwonder.com\/es\/wp-json\/wp\/v2\/types\/product"}],"replies":[{"embeddable":true,"href":"https:\/\/hi-techwonder.com\/es\/wp-json\/wp\/v2\/comments?post=72844"}],"wp:featuredmedia":[{"embeddable":true,"href":"https:\/\/hi-techwonder.com\/es\/wp-json\/wp\/v2\/media\/42432"}],"wp:attachment":[{"href":"https:\/\/hi-techwonder.com\/es\/wp-json\/wp\/v2\/media?parent=72844"}],"wp:term":[{"taxonomy":"product_brand","embeddable":true,"href":"https:\/\/hi-techwonder.com\/es\/wp-json\/wp\/v2\/product_brand?post=72844"},{"taxonomy":"product_cat","embeddable":true,"href":"https:\/\/hi-techwonder.com\/es\/wp-json\/wp\/v2\/product_cat?post=72844"},{"taxonomy":"product_tag","embeddable":true,"href":"https:\/\/hi-techwonder.com\/es\/wp-json\/wp\/v2\/product_tag?post=72844"}],"curies":[{"name":"wp","href":"https:\/\/api.w.org\/{rel}","templated":true}]}}