{"id":72849,"date":"2025-07-29T09:18:23","date_gmt":"2025-07-29T09:18:23","guid":{"rendered":"https:\/\/fv6qoy3ls0.wpdns.site\/produto\/parasol-jjc-similar-a-canon-ew-73e\/"},"modified":"2026-01-31T02:27:26","modified_gmt":"2026-01-31T02:27:26","slug":"jjc-parasol-jjc-similar-a-canon-ew-73e","status":"publish","type":"product","link":"https:\/\/hi-techwonder.com\/es\/producto\/jjc-parasol-jjc-similar-a-canon-ew-73e\/","title":{"rendered":"Parasol JJC similar a Canon EW-73E"},"content":{"rendered":"<div><b>&nbsp;Parasol JJC LH-73E similar al Canon EW-73E<\/b><\/div>\n<div><b><br \/><\/b><\/div>\n<\/p>\n<ul><\/ul>\n<div>El parasol JJC LH-73E ha sido especialmente dise\u00f1ado para su uso con los objetivos RF 15-30mm f\/4.5-6.3 IS STM y RF 16-28mm f\/2.8 IS STM de Canon, como alternativa al modelo EW-73E de Canon. Su funci\u00f3n principal es evitar que la luz par\u00e1sita no deseada entre en la lente, prolongando y sombreando el extremo de la lente. Ha sido dise\u00f1ado para adaptarse perfectamente a la distancia focal espec\u00edfica de las lentes para las que est\u00e1 indicado.  <\/div>\n<div>El interior de la sombrilla tiene un acabado mate antideslumbrante, lo que ayuda a reducir a\u00fan m\u00e1s los reflejos no deseados. No se produce vi\u00f1eteado cuando se monta el parasol. Adem\u00e1s, proporciona protecci\u00f3n adicional contra impactos accidentales.  <\/div>\n<div>Este modelo tambi\u00e9n se puede montar al rev\u00e9s en la lente, lo que facilita un almacenamiento m\u00e1s pr\u00e1ctico y compacto.<\/div>\n<div>El parasol es compatible con filtros de 67 mm de di\u00e1metro (?67 mm) y la tapa original de Canon.<\/div>\n<div><\/div>\n<\/p>\n<ul><\/ul>\n<\/p>\n<div><b>Productos destacados:<\/b><\/div>\n<\/p>\n<ul><\/ul>\n<ul>\n<li>Compatible con los objetivos RF 15-30mm f\/4.5-6.3 IS STM y RF 16-28mm f\/2.8 IS STM de Canon.<\/li>\n<li>Evita que entre luz par\u00e1sita, lo que puede afectar a la calidad de la imagen.<\/li>\n<li>Interior con acabado mate antirreflectante, que reduce los reflejos de la lente.<\/li>\n<li>No causa vi\u00f1eteado con la sombrilla montada.<\/li>\n<li>Protege la lente de golpes accidentales y condiciones clim\u00e1ticas adversas.<\/li>\n<li>Se puede colocar boca abajo para facilitar el transporte y el almacenamiento.<\/li>\n<li>Compatible con filtros de 67 mm y la tapa original de Canon.<\/li>\n<\/ul>\n<div><\/div>\n<div><b>Compatibilidad:<\/b><\/div>\n<ul>\n<li>Canon RF 15-30mm f\/4.5-6.3 IS STM<\/li>\n<li>Canon RF 16-28mm f\/2.8<\/li>\n<\/ul>\n<div><\/div>\n<div><b>Caracter\u00edsticas t\u00e9cnicas:<\/b><\/div>\n<ul>\n<li>Modelo JJC: LH-73C<\/li>\n<li>Tipo de montaje: bayoneta<\/li>\n<li>Material: pl\u00e1stico ABS<\/li>\n<li>Dimensiones del producto: \u00f894 x 35 mm<\/li>\n<li>Dimensiones del paquete: 103 x 103 x 55 mm<\/li>\n<li>Peso: 17,5 g<\/li>\n<\/ul>\n","protected":false},"excerpt":{"rendered":"<p>&nbsp;Parasol JJC LH-73E similar al Canon EW-73E El parasol JJC LH-73E ha sido especialmente dise\u00f1ado para su uso con los<\/p>\n","protected":false},"featured_media":47284,"comment_status":"closed","ping_status":"open","template":"","meta":{"_acf_changed":false},"product_brand":[2547],"product_cat":[1039],"product_tag":[],"class_list":{"0":"post-72849","1":"product","2":"type-product","3":"status-publish","4":"has-post-thumbnail","6":"product_brand-jjc-es","7":"product_cat-parasoles","9":"first","10":"instock","11":"taxable","12":"shipping-taxable","13":"purchasable","14":"product-type-simple"},"bundled_by":[],"bundle_stock_status":"instock","bundle_stock_quantity":3,"bundle_virtual":false,"bundle_layout":"","bundle_add_to_cart_form_location":"","bundle_editable_in_cart":false,"bundle_sold_individually_context":"","bundle_item_grouping":"","bundle_min_size":"","bundle_max_size":"","bundle_price":[],"bundled_items":[],"bundle_sell_ids":[],"acf":[],"_links":{"self":[{"href":"https:\/\/hi-techwonder.com\/es\/wp-json\/wp\/v2\/product\/72849","targetHints":{"allow":["GET"]}}],"collection":[{"href":"https:\/\/hi-techwonder.com\/es\/wp-json\/wp\/v2\/product"}],"about":[{"href":"https:\/\/hi-techwonder.com\/es\/wp-json\/wp\/v2\/types\/product"}],"replies":[{"embeddable":true,"href":"https:\/\/hi-techwonder.com\/es\/wp-json\/wp\/v2\/comments?post=72849"}],"wp:featuredmedia":[{"embeddable":true,"href":"https:\/\/hi-techwonder.com\/es\/wp-json\/wp\/v2\/media\/47284"}],"wp:attachment":[{"href":"https:\/\/hi-techwonder.com\/es\/wp-json\/wp\/v2\/media?parent=72849"}],"wp:term":[{"taxonomy":"product_brand","embeddable":true,"href":"https:\/\/hi-techwonder.com\/es\/wp-json\/wp\/v2\/product_brand?post=72849"},{"taxonomy":"product_cat","embeddable":true,"href":"https:\/\/hi-techwonder.com\/es\/wp-json\/wp\/v2\/product_cat?post=72849"},{"taxonomy":"product_tag","embeddable":true,"href":"https:\/\/hi-techwonder.com\/es\/wp-json\/wp\/v2\/product_tag?post=72849"}],"curies":[{"name":"wp","href":"https:\/\/api.w.org\/{rel}","templated":true}]}}