{"id":72856,"date":"2025-07-29T09:18:23","date_gmt":"2025-07-29T09:18:23","guid":{"rendered":"https:\/\/fv6qoy3ls0.wpdns.site\/produto\/parasol-jjc-ew-65c-para-canon\/"},"modified":"2026-01-31T02:27:23","modified_gmt":"2026-01-31T02:27:23","slug":"jjc-parasol-jjc-ew-65c-para-canon","status":"publish","type":"product","link":"https:\/\/hi-techwonder.com\/es\/producto\/jjc-parasol-jjc-ew-65c-para-canon\/","title":{"rendered":"Parasol JJC EW-65C para Canon"},"content":{"rendered":"<h2 data-start=\"0\" data-end=\"40\"><strong data-start=\"0\" data-end=\"34\">Parasol JJC EW-65C para Canon<\/strong><\/h2>\n<h3 data-start=\"42\" data-end=\"67\"><strong data-start=\"46\" data-end=\"65\">Funciones<\/strong><\/h3>\n<ul data-start=\"68\" data-end=\"635\">\n<li data-start=\"68\" data-end=\"194\"><strong data-start=\"70\" data-end=\"90\">Compatibilidad:<\/strong> Dise\u00f1ado para objetivos Canon espec\u00edficos*, se ajusta a la parte frontal para bloquear la luz no deseada.<\/li>\n<li data-start=\"195\" data-end=\"314\"><strong data-start=\"197\" data-end=\"218\">Funci\u00f3n principal:<\/strong> Minimiza los reflejos y los efectos de destellos, proporcionando im\u00e1genes con mayor contraste y saturaci\u00f3n.<\/li>\n<li data-start=\"315\" data-end=\"439\"><strong data-start=\"317\" data-end=\"342\">Construcci\u00f3n duradera:<\/strong> Material duradero para una mayor protecci\u00f3n de la lente contra impactos ligeros y toques accidentales.<\/li>\n<li data-start=\"440\" data-end=\"529\"><strong data-start=\"442\" data-end=\"461\">Ajuste r\u00e1pido:<\/strong> Sistema de montaje tipo bayoneta para una c\u00f3moda fijaci\u00f3n y extracci\u00f3n.<\/li>\n<li data-start=\"530\" data-end=\"635\"><strong data-start=\"532\" data-end=\"552\">Dise\u00f1o compacto:<\/strong> Se puede invertir sobre el objetivo para facilitar el transporte y el almacenamiento.<\/li>\n<\/ul>\n<p data-start=\"637\" data-end=\"703\">*La compatibilidad se confirmar\u00e1 en funci\u00f3n del objetivo Canon utilizado.<\/p>\n<hr data-start=\"705\" data-end=\"708\">\n<h3 data-start=\"710\" data-end=\"741\"><strong data-start=\"714\" data-end=\"739\">Contenido del paquete<\/strong><\/h3>\n<ul data-start=\"742\" data-end=\"785\">\n<li data-start=\"742\" data-end=\"785\"><strong data-start=\"744\" data-end=\"752\">1Un.<\/strong>  Parasol JJC EW-65C para Canon<\/li>\n<\/ul>\n<p data-start=\"787\" data-end=\"843\"><em data-start=\"787\" data-end=\"843\">(El objetivo y otros accesorios se venden por separado).<\/em><\/p>\n<hr data-start=\"845\" data-end=\"848\">\n<h3 data-start=\"850\" data-end=\"879\"><strong data-start=\"854\" data-end=\"877\">Descripci\u00f3n detallada<\/strong><\/h3>\n<p data-start=\"880\" data-end=\"1207\">El <strong data-start=\"882\" data-end=\"905\">parasol JJC EW-65C<\/strong> est\u00e1 dise\u00f1ado para mejorar la calidad de las im\u00e1genes al reducir significativamente los reflejos no deseados (destellos) y el efecto de deslumbramiento causado por fuentes de luz directas o laterales. Adem\u00e1s de mejorar el contraste y la reproducci\u00f3n del color, protege la lente del polvo, los impactos de la luz y el contacto accidental. <\/p>\n<p data-start=\"1209\" data-end=\"1436\">Este accesorio est\u00e1 fabricado en material de alta durabilidad, lo que garantiza resistencia y un ajuste firme en la lente. El dise\u00f1o permite colocar el parasol invertido sobre el objetivo, ahorrando espacio a la hora de transportarlo. <\/p>\n<hr data-start=\"1438\" data-end=\"1441\">\n<h3 data-start=\"1443\" data-end=\"1476\"><strong data-start=\"1447\" data-end=\"1474\">Especificaciones t\u00e9cnicas<\/strong><\/h3>\n<ul data-start=\"1477\" data-end=\"1669\">\n<li data-start=\"1477\" data-end=\"1499\"><strong data-start=\"1479\" data-end=\"1490\">Modelo:<\/strong> EW-65C<\/li>\n<li data-start=\"1500\" data-end=\"1548\"><strong data-start=\"1502\" data-end=\"1523\">Tipo de sombrilla:<\/strong> Montura de bayoneta<\/li>\n<li data-start=\"1549\" data-end=\"1595\"><strong data-start=\"1551\" data-end=\"1564\">Material:<\/strong> Pl\u00e1stico de alta resistencia<\/li>\n<li data-start=\"1596\" data-end=\"1650\"><strong data-start=\"1598\" data-end=\"1618\">Compatibilidad:<\/strong> Objetivos Canon seleccionados*<\/li>\n<li data-start=\"1651\" data-end=\"1669\"><strong data-start=\"1653\" data-end=\"1661\">Color:<\/strong> Negro<\/li>\n<\/ul>\n<p data-start=\"1671\" data-end=\"1768\"><em data-start=\"1671\" data-end=\"1768\">(Compruebe la compatibilidad del modelo de lente con el fabricante o en el manual del producto).<\/em><\/p>\n<hr data-start=\"1770\" data-end=\"1773\">\n<h3 data-start=\"1775\" data-end=\"1807\"><strong data-start=\"1779\" data-end=\"1805\">Dimensiones del paquete<\/strong><\/h3>\n<p data-start=\"1808\" data-end=\"1906\"><em data-start=\"1808\" data-end=\"1906\">(Informaci\u00f3n no proporcionada por el fabricante. Consulte fuentes oficiales para obtener detalles exactos).<\/em><\/p>\n<hr data-start=\"1908\" data-end=\"1911\">\n<h3 data-start=\"1913\" data-end=\"1945\"><strong data-start=\"1917\" data-end=\"1943\">Informaci\u00f3n adicional<\/strong><\/h3>\n<p data-start=\"1946\" data-end=\"2085\">Nota: Im\u00e1genes ilustrativas. Equipo adicional no incluido. Consulte el contenido y las especificaciones del paquete para obtener m\u00e1s detalles.  <\/p>\n","protected":false},"excerpt":{"rendered":"<p>Parasol JJC EW-65C para Canon Funciones Compatibilidad: Dise\u00f1ado para objetivos Canon espec\u00edficos*, se ajusta a la parte frontal para bloquear<\/p>\n","protected":false},"featured_media":47275,"comment_status":"closed","ping_status":"open","template":"","meta":{"_acf_changed":false},"product_brand":[2547],"product_cat":[1039],"product_tag":[],"class_list":{"0":"post-72856","1":"product","2":"type-product","3":"status-publish","4":"has-post-thumbnail","6":"product_brand-jjc-es","7":"product_cat-parasoles","9":"first","10":"instock","11":"taxable","12":"shipping-taxable","13":"purchasable","14":"product-type-simple"},"bundled_by":[],"bundle_stock_status":"instock","bundle_stock_quantity":1,"bundle_virtual":false,"bundle_layout":"","bundle_add_to_cart_form_location":"","bundle_editable_in_cart":false,"bundle_sold_individually_context":"","bundle_item_grouping":"","bundle_min_size":"","bundle_max_size":"","bundle_price":[],"bundled_items":[],"bundle_sell_ids":[],"acf":[],"_links":{"self":[{"href":"https:\/\/hi-techwonder.com\/es\/wp-json\/wp\/v2\/product\/72856","targetHints":{"allow":["GET"]}}],"collection":[{"href":"https:\/\/hi-techwonder.com\/es\/wp-json\/wp\/v2\/product"}],"about":[{"href":"https:\/\/hi-techwonder.com\/es\/wp-json\/wp\/v2\/types\/product"}],"replies":[{"embeddable":true,"href":"https:\/\/hi-techwonder.com\/es\/wp-json\/wp\/v2\/comments?post=72856"}],"wp:featuredmedia":[{"embeddable":true,"href":"https:\/\/hi-techwonder.com\/es\/wp-json\/wp\/v2\/media\/47275"}],"wp:attachment":[{"href":"https:\/\/hi-techwonder.com\/es\/wp-json\/wp\/v2\/media?parent=72856"}],"wp:term":[{"taxonomy":"product_brand","embeddable":true,"href":"https:\/\/hi-techwonder.com\/es\/wp-json\/wp\/v2\/product_brand?post=72856"},{"taxonomy":"product_cat","embeddable":true,"href":"https:\/\/hi-techwonder.com\/es\/wp-json\/wp\/v2\/product_cat?post=72856"},{"taxonomy":"product_tag","embeddable":true,"href":"https:\/\/hi-techwonder.com\/es\/wp-json\/wp\/v2\/product_tag?post=72856"}],"curies":[{"name":"wp","href":"https:\/\/api.w.org\/{rel}","templated":true}]}}