{"id":72858,"date":"2025-07-29T09:18:05","date_gmt":"2025-07-29T09:18:05","guid":{"rendered":"https:\/\/fv6qoy3ls0.wpdns.site\/produto\/parasol-jjc-similar-al-et-65b-de-canon\/"},"modified":"2026-01-31T02:28:01","modified_gmt":"2026-01-31T02:28:01","slug":"jjc-parasol-jjc-similar-al-et-65b-de-canon","status":"publish","type":"product","link":"https:\/\/hi-techwonder.com\/es\/producto\/jjc-parasol-jjc-similar-al-et-65b-de-canon\/","title":{"rendered":"Parasol JJC similar al ET-65B de Canon"},"content":{"rendered":"<p style=\"text-align: justify\"><strong>Parasol JJC similar al ET-65B de Canon<\/strong><\/p>\n<p style=\"text-align: justify\"><strong>Funciones:<\/strong><\/p>\n<ul>\n<li style=\"text-align: justify\">Este parasol Canon ET-65B est\u00e1 dise\u00f1ado principalmente para evitar que la luz par\u00e1sita no deseada entre en el objetivo, extendiendo y sombreando el extremo del objetivo. Debido a que el extremo de la lente est\u00e1 extendido, obtiene el beneficio adicional de una protecci\u00f3n adicional contra impactos accidentales. Este parasol est\u00e1 dise\u00f1ado espec\u00edficamente para su uso con los objetivos EF 70-300mm f\/4.5-5.6 DO IS USM y EF 70-300mm f\/4-5.6 IS USM.  <\/li>\n<\/ul>\n<p style=\"text-align: justify\"><strong>Lentes \/ objetivos compatibles:<\/strong><\/p>\n<ul>\n<li style=\"text-align: justify\">EF 70-300 mm f\/4,5-5,6 DO IS USM<\/li>\n<li style=\"text-align: justify\">EF 70-300 mm f\/4-5,6 IS USM<\/li>\n<\/ul>\n","protected":false},"excerpt":{"rendered":"<p>Parasol JJC similar al ET-65B de Canon Funciones: Este parasol Canon ET-65B est\u00e1 dise\u00f1ado principalmente para evitar que la luz<\/p>\n","protected":false},"featured_media":47219,"comment_status":"closed","ping_status":"open","template":"","meta":{"_acf_changed":false},"product_brand":[2547],"product_cat":[1039],"product_tag":[],"class_list":{"0":"post-72858","1":"product","2":"type-product","3":"status-publish","4":"has-post-thumbnail","6":"product_brand-jjc-es","7":"product_cat-parasoles","9":"first","10":"instock","11":"taxable","12":"shipping-taxable","13":"purchasable","14":"product-type-simple"},"bundled_by":[],"bundle_stock_status":"instock","bundle_stock_quantity":1,"bundle_virtual":false,"bundle_layout":"","bundle_add_to_cart_form_location":"","bundle_editable_in_cart":false,"bundle_sold_individually_context":"","bundle_item_grouping":"","bundle_min_size":"","bundle_max_size":"","bundle_price":[],"bundled_items":[],"bundle_sell_ids":[],"acf":[],"_links":{"self":[{"href":"https:\/\/hi-techwonder.com\/es\/wp-json\/wp\/v2\/product\/72858","targetHints":{"allow":["GET"]}}],"collection":[{"href":"https:\/\/hi-techwonder.com\/es\/wp-json\/wp\/v2\/product"}],"about":[{"href":"https:\/\/hi-techwonder.com\/es\/wp-json\/wp\/v2\/types\/product"}],"replies":[{"embeddable":true,"href":"https:\/\/hi-techwonder.com\/es\/wp-json\/wp\/v2\/comments?post=72858"}],"wp:featuredmedia":[{"embeddable":true,"href":"https:\/\/hi-techwonder.com\/es\/wp-json\/wp\/v2\/media\/47219"}],"wp:attachment":[{"href":"https:\/\/hi-techwonder.com\/es\/wp-json\/wp\/v2\/media?parent=72858"}],"wp:term":[{"taxonomy":"product_brand","embeddable":true,"href":"https:\/\/hi-techwonder.com\/es\/wp-json\/wp\/v2\/product_brand?post=72858"},{"taxonomy":"product_cat","embeddable":true,"href":"https:\/\/hi-techwonder.com\/es\/wp-json\/wp\/v2\/product_cat?post=72858"},{"taxonomy":"product_tag","embeddable":true,"href":"https:\/\/hi-techwonder.com\/es\/wp-json\/wp\/v2\/product_tag?post=72858"}],"curies":[{"name":"wp","href":"https:\/\/api.w.org\/{rel}","templated":true}]}}