{"id":72859,"date":"2025-07-29T08:54:06","date_gmt":"2025-07-29T08:54:06","guid":{"rendered":"https:\/\/fv6qoy3ls0.wpdns.site\/produto\/ocular-jjc-accesorio-de-goma-sony-fda-ep18\/"},"modified":"2026-01-31T02:53:05","modified_gmt":"2026-01-31T02:53:05","slug":"jjc-ocular-jjc-accesorio-de-goma-sony-fda-ep18","status":"publish","type":"product","link":"https:\/\/hi-techwonder.com\/es\/producto\/jjc-ocular-jjc-accesorio-de-goma-sony-fda-ep18\/","title":{"rendered":"Ocular JJC \/ Accesorio de goma Sony FDA-EP18"},"content":{"rendered":"<p><strong>Ocular JJC \/ Accesorio de goma similar a Sony FDA-EP18<\/strong><br \/>Este ocular est\u00e1 hecho de silicona suave y duradera, por lo que permite una visualizaci\u00f3n m\u00e1s c\u00f3moda a trav\u00e9s del visor de la c\u00e1mara.<br \/>Tambi\u00e9n puede evitar ara\u00f1azos y da\u00f1os en las gafas. Adem\u00e1s, la forma de c\u00fapula del ocular lo hace m\u00e1s c\u00f3modo a la vista, protege la luz para que no entre en el visor y provoque destellos.<br \/>Se puede montar f\u00e1cilmente en el ocular. Reemplaza a Sony FDA-EP18.  <\/p>\n<p><strong>Compatible con:<\/strong><\/p>\n<ul>\n<li>Sony a7, a7 II, a7 III, a7R, a7R II, a7R III, a7S, a7S II, a9, a58 y a99 II<\/li>\n<\/ul>\n<p><strong>Contenido del paquete:<\/strong><\/p>\n<ul>\n<li>1 x Ocular JJC \/ Accesorio de goma similar a Sony FDA-EP18<\/li>\n<\/ul>\n","protected":false},"excerpt":{"rendered":"<p>Ocular JJC \/ Accesorio de goma similar a Sony FDA-EP18Este ocular est\u00e1 hecho de silicona suave y duradera, por lo<\/p>\n","protected":false},"featured_media":42506,"comment_status":"closed","ping_status":"open","template":"","meta":{"_acf_changed":false},"product_brand":[2547],"product_cat":[921],"product_tag":[],"class_list":{"0":"post-72859","1":"product","2":"type-product","3":"status-publish","4":"has-post-thumbnail","6":"product_brand-jjc-es","7":"product_cat-oculares-es","9":"first","10":"instock","11":"taxable","12":"shipping-taxable","13":"purchasable","14":"product-type-simple"},"bundled_by":[],"bundle_stock_status":"instock","bundle_stock_quantity":1,"bundle_virtual":false,"bundle_layout":"","bundle_add_to_cart_form_location":"","bundle_editable_in_cart":false,"bundle_sold_individually_context":"","bundle_item_grouping":"","bundle_min_size":"","bundle_max_size":"","bundle_price":[],"bundled_items":[],"bundle_sell_ids":[],"acf":[],"_links":{"self":[{"href":"https:\/\/hi-techwonder.com\/es\/wp-json\/wp\/v2\/product\/72859","targetHints":{"allow":["GET"]}}],"collection":[{"href":"https:\/\/hi-techwonder.com\/es\/wp-json\/wp\/v2\/product"}],"about":[{"href":"https:\/\/hi-techwonder.com\/es\/wp-json\/wp\/v2\/types\/product"}],"replies":[{"embeddable":true,"href":"https:\/\/hi-techwonder.com\/es\/wp-json\/wp\/v2\/comments?post=72859"}],"wp:featuredmedia":[{"embeddable":true,"href":"https:\/\/hi-techwonder.com\/es\/wp-json\/wp\/v2\/media\/42506"}],"wp:attachment":[{"href":"https:\/\/hi-techwonder.com\/es\/wp-json\/wp\/v2\/media?parent=72859"}],"wp:term":[{"taxonomy":"product_brand","embeddable":true,"href":"https:\/\/hi-techwonder.com\/es\/wp-json\/wp\/v2\/product_brand?post=72859"},{"taxonomy":"product_cat","embeddable":true,"href":"https:\/\/hi-techwonder.com\/es\/wp-json\/wp\/v2\/product_cat?post=72859"},{"taxonomy":"product_tag","embeddable":true,"href":"https:\/\/hi-techwonder.com\/es\/wp-json\/wp\/v2\/product_tag?post=72859"}],"curies":[{"name":"wp","href":"https:\/\/api.w.org\/{rel}","templated":true}]}}