{"id":72861,"date":"2025-07-29T08:54:14","date_gmt":"2025-07-29T08:54:14","guid":{"rendered":"https:\/\/fv6qoy3ls0.wpdns.site\/produto\/ocular-accesorio-de-goma-jjc-nikon-dk-28\/"},"modified":"2026-01-31T02:53:02","modified_gmt":"2026-01-31T02:53:02","slug":"jjc-ocular-accesorio-de-goma-jjc-nikon-dk-28","status":"publish","type":"product","link":"https:\/\/hi-techwonder.com\/es\/producto\/jjc-ocular-accesorio-de-goma-jjc-nikon-dk-28\/","title":{"rendered":"Ocular \/ Accesorio de goma JJC Nikon DK-28"},"content":{"rendered":"<p>Este ocular est\u00e1 hecho de silicona suave y duradera, por lo que permite una visualizaci\u00f3n m\u00e1s c\u00f3moda a trav\u00e9s del visor de la c\u00e1mara.<\/p>\n<p>Tambi\u00e9n puede evitar ara\u00f1azos y da\u00f1os en las gafas. Adem\u00e1s, la forma de c\u00fapula del ocular lo hace m\u00e1s c\u00f3modo a la vista, protege la luz para que no entre en el visor y provoque destellos. <\/p>\n<p>Se puede montar f\u00e1cilmente en el ocular. Reemplaza al Nikon DK-28. <\/p>\n<p><strong>Compatible con:<\/strong><\/p>\n<ul>\n<li>Nikon D7500<\/li>\n<\/ul>\n","protected":false},"excerpt":{"rendered":"<p>Este ocular est\u00e1 hecho de silicona suave y duradera, por lo que permite una visualizaci\u00f3n m\u00e1s c\u00f3moda a trav\u00e9s del<\/p>\n","protected":false},"featured_media":42515,"comment_status":"closed","ping_status":"open","template":"","meta":{"_acf_changed":false},"product_brand":[2547],"product_cat":[921],"product_tag":[],"class_list":{"0":"post-72861","1":"product","2":"type-product","3":"status-publish","4":"has-post-thumbnail","6":"product_brand-jjc-es","7":"product_cat-oculares-es","9":"first","10":"instock","11":"taxable","12":"shipping-taxable","13":"purchasable","14":"product-type-simple"},"bundled_by":[],"bundle_stock_status":"instock","bundle_stock_quantity":2,"bundle_virtual":false,"bundle_layout":"","bundle_add_to_cart_form_location":"","bundle_editable_in_cart":false,"bundle_sold_individually_context":"","bundle_item_grouping":"","bundle_min_size":"","bundle_max_size":"","bundle_price":[],"bundled_items":[],"bundle_sell_ids":[],"acf":[],"_links":{"self":[{"href":"https:\/\/hi-techwonder.com\/es\/wp-json\/wp\/v2\/product\/72861","targetHints":{"allow":["GET"]}}],"collection":[{"href":"https:\/\/hi-techwonder.com\/es\/wp-json\/wp\/v2\/product"}],"about":[{"href":"https:\/\/hi-techwonder.com\/es\/wp-json\/wp\/v2\/types\/product"}],"replies":[{"embeddable":true,"href":"https:\/\/hi-techwonder.com\/es\/wp-json\/wp\/v2\/comments?post=72861"}],"wp:featuredmedia":[{"embeddable":true,"href":"https:\/\/hi-techwonder.com\/es\/wp-json\/wp\/v2\/media\/42515"}],"wp:attachment":[{"href":"https:\/\/hi-techwonder.com\/es\/wp-json\/wp\/v2\/media?parent=72861"}],"wp:term":[{"taxonomy":"product_brand","embeddable":true,"href":"https:\/\/hi-techwonder.com\/es\/wp-json\/wp\/v2\/product_brand?post=72861"},{"taxonomy":"product_cat","embeddable":true,"href":"https:\/\/hi-techwonder.com\/es\/wp-json\/wp\/v2\/product_cat?post=72861"},{"taxonomy":"product_tag","embeddable":true,"href":"https:\/\/hi-techwonder.com\/es\/wp-json\/wp\/v2\/product_tag?post=72861"}],"curies":[{"name":"wp","href":"https:\/\/api.w.org\/{rel}","templated":true}]}}