{"id":72869,"date":"2025-07-29T10:29:09","date_gmt":"2025-07-29T10:29:09","guid":{"rendered":"https:\/\/fv6qoy3ls0.wpdns.site\/produto\/joby-griptight-micro-soporte-para-tableta\/"},"modified":"2026-01-09T10:34:50","modified_gmt":"2026-01-09T10:34:50","slug":"joby-griptight-micro-soporte-para-tableta","status":"publish","type":"product","link":"https:\/\/hi-techwonder.com\/es\/producto\/joby-griptight-micro-soporte-para-tableta\/","title":{"rendered":"JOBY Griptight Micro Soporte para tableta"},"content":{"rendered":"<p><strong>JOBY Griptight Micro Soporte para tableta<\/strong><\/p>\n<p>El GRIPTIGHT MICRO STAND de Joby, para tabletas peque\u00f1as, es resistente e independiente en el campo. Con patas de aleaci\u00f3n de zinc y una r\u00f3tula resistente, el GripTight Micro Stand es s\u00faper ligero y compacto, solo 127 mm cuando est\u00e1 plegado. <\/p>\n<p>Con soportes ajustables, el Micro Stand es compatible con tabletas, como iPad mini y otras, con o sin funda. Los agarres se pueden ajustar entre 96 y 140 mm, lo que proporciona un agarre seguro para su tableta. <\/p>\n<p>La mini r\u00f3tula le permite girar su tableta 360\u00b0 en cualquier direcci\u00f3n.<\/p>\n<p>El GripTight Micro Stand es plegable, lo que lo hace ultra peque\u00f1o.<\/p>\n<p><strong>Contenido de la caja:<\/strong><\/p>\n<p>1x Micro tr\u00edpode GRIPTIGHT para tableta S<\/p>\n","protected":false},"excerpt":{"rendered":"<p>JOBY Griptight Micro Soporte para tableta El GRIPTIGHT MICRO STAND de Joby, para tabletas peque\u00f1as, es resistente e independiente en<\/p>\n","protected":false},"featured_media":63989,"comment_status":"closed","ping_status":"open","template":"","meta":{"_acf_changed":false},"product_brand":[2639],"product_cat":[1085],"product_tag":[],"class_list":{"0":"post-72869","1":"product","2":"type-product","3":"status-publish","4":"has-post-thumbnail","6":"product_brand-joby-es","7":"product_cat-para-smartphones-es","9":"first","10":"instock","11":"taxable","12":"shipping-taxable","13":"purchasable","14":"product-type-simple"},"bundled_by":[],"bundle_stock_status":"instock","bundle_stock_quantity":3,"bundle_virtual":false,"bundle_layout":"","bundle_add_to_cart_form_location":"","bundle_editable_in_cart":false,"bundle_sold_individually_context":"","bundle_item_grouping":"","bundle_min_size":"","bundle_max_size":"","bundle_price":[],"bundled_items":[],"bundle_sell_ids":[],"acf":[],"_links":{"self":[{"href":"https:\/\/hi-techwonder.com\/es\/wp-json\/wp\/v2\/product\/72869","targetHints":{"allow":["GET"]}}],"collection":[{"href":"https:\/\/hi-techwonder.com\/es\/wp-json\/wp\/v2\/product"}],"about":[{"href":"https:\/\/hi-techwonder.com\/es\/wp-json\/wp\/v2\/types\/product"}],"replies":[{"embeddable":true,"href":"https:\/\/hi-techwonder.com\/es\/wp-json\/wp\/v2\/comments?post=72869"}],"wp:featuredmedia":[{"embeddable":true,"href":"https:\/\/hi-techwonder.com\/es\/wp-json\/wp\/v2\/media\/63989"}],"wp:attachment":[{"href":"https:\/\/hi-techwonder.com\/es\/wp-json\/wp\/v2\/media?parent=72869"}],"wp:term":[{"taxonomy":"product_brand","embeddable":true,"href":"https:\/\/hi-techwonder.com\/es\/wp-json\/wp\/v2\/product_brand?post=72869"},{"taxonomy":"product_cat","embeddable":true,"href":"https:\/\/hi-techwonder.com\/es\/wp-json\/wp\/v2\/product_cat?post=72869"},{"taxonomy":"product_tag","embeddable":true,"href":"https:\/\/hi-techwonder.com\/es\/wp-json\/wp\/v2\/product_tag?post=72869"}],"curies":[{"name":"wp","href":"https:\/\/api.w.org\/{rel}","templated":true}]}}