{"id":72875,"date":"2025-07-29T08:53:36","date_gmt":"2025-07-29T08:53:36","guid":{"rendered":"https:\/\/fv6qoy3ls0.wpdns.site\/produto\/jjc-sr-p2-panasonic-disparador-inalambrico-dmw-rs2\/"},"modified":"2025-07-29T08:53:36","modified_gmt":"2025-07-29T08:53:36","slug":"jjc-sr-p2-panasonic-disparador-inalambrico-dmw-rs2","status":"publish","type":"product","link":"https:\/\/hi-techwonder.com\/es\/producto\/jjc-sr-p2-panasonic-disparador-inalambrico-dmw-rs2\/","title":{"rendered":"JJC SR-P2 Panasonic Disparador inal\u00e1mbrico (DMW-RS2)"},"content":{"rendered":"<p style=\"-webkit-tap-highlight-color: rgba(0, 0, 0, 0); box-sizing: border-box; color: #666666; font-family: Arial, Helvetica, sans-serif; font-size: 13px; margin: 0px; padding: 6px 0px; letter-spacing: 0.007px; background-color: #ffffff;\">Disparador inal\u00e1mbrico JJC &#8211; SR-P2<br style=\"-webkit-tap-highlight-color: rgba(0, 0, 0, 0); box-sizing: border-box;\">El mando a distancia con cable JJC SR-P2 est\u00e1 especialmente dise\u00f1ado para su uso con c\u00e1maras Panasonic equipadas con una conexi\u00f3n remota. El control remoto tiene un bot\u00f3n de disparo, bloqueo y funci\u00f3n de grabaci\u00f3n de video. El uso del SR-P2 ayuda a evitar el movimiento no deseado de la c\u00e1mara.  <\/p>\n<p style=\"-webkit-tap-highlight-color: rgba(0, 0, 0, 0); box-sizing: border-box; color: #666666; font-family: Arial, Helvetica, sans-serif; font-size: 13px; margin: 0px; padding: 6px 0px; letter-spacing: 0.007px; background-color: #ffffff;\">Compacto y c\u00f3modo de llevar<br style=\"-webkit-tap-highlight-color: rgba(0, 0, 0, 0); box-sizing: border-box;\">El dise\u00f1o delgado y liviano hace que este control remoto sea f\u00e1cil de transportar. El dise\u00f1o ergon\u00f3mico proporciona un agarre c\u00f3modo. Viene con un clip extra\u00edble para usar en un tr\u00edpode. El mando a distancia viene con un cable de conexi\u00f3n de 1 metro de largo y un cable de extensi\u00f3n de 2 metros de largo, lo que hace que la distancia m\u00e1xima de trabajo sea de 3 metros. El JJC SR-P2 es un buen reemplazo para el Panasonic DMW-RS2.    <\/p>\n<p style=\"-webkit-tap-highlight-color: rgba(0, 0, 0, 0); box-sizing: border-box; color: #666666; font-family: Arial, Helvetica, sans-serif; font-size: 13px; margin: 0px; padding: 6px 0px; letter-spacing: 0.007px; background-color: #ffffff;\"><strong style=\"-webkit-tap-highlight-color: rgba(0, 0, 0, 0); box-sizing: border-box;\">Contenido de la caja:<\/strong><br style=\"-webkit-tap-highlight-color: rgba(0, 0, 0, 0); box-sizing: border-box;\">1x cable de conexi\u00f3n (1 m)<br style=\"-webkit-tap-highlight-color: rgba(0, 0, 0, 0); box-sizing: border-box;\">1x cable de extensi\u00f3n (2 m)<br style=\"-webkit-tap-highlight-color: rgba(0, 0, 0, 0); box-sizing: border-box;\">1x clip extra\u00edble<br style=\"-webkit-tap-highlight-color: rgba(0, 0, 0, 0); box-sizing: border-box;\">1x Bolsa<\/p>\n","protected":false},"excerpt":{"rendered":"<p>Disparador inal\u00e1mbrico JJC &#8211; SR-P2El mando a distancia con cable JJC SR-P2 est\u00e1 especialmente dise\u00f1ado para su uso con c\u00e1maras<\/p>\n","protected":false},"featured_media":42419,"comment_status":"closed","ping_status":"open","template":"","meta":{"_acf_changed":false},"product_brand":[2547],"product_cat":[919],"product_tag":[],"class_list":{"0":"post-72875","1":"product","2":"type-product","3":"status-publish","4":"has-post-thumbnail","6":"product_brand-jjc-es","7":"product_cat-disparadores-es","9":"first","10":"onbackorder","11":"taxable","12":"shipping-taxable","13":"purchasable","14":"product-type-simple"},"bundled_by":[],"bundle_stock_status":"onbackorder","bundle_stock_quantity":0,"bundle_virtual":false,"bundle_layout":"","bundle_add_to_cart_form_location":"","bundle_editable_in_cart":false,"bundle_sold_individually_context":"","bundle_item_grouping":"","bundle_min_size":"","bundle_max_size":"","bundle_price":[],"bundled_items":[],"bundle_sell_ids":[],"acf":[],"_links":{"self":[{"href":"https:\/\/hi-techwonder.com\/es\/wp-json\/wp\/v2\/product\/72875","targetHints":{"allow":["GET"]}}],"collection":[{"href":"https:\/\/hi-techwonder.com\/es\/wp-json\/wp\/v2\/product"}],"about":[{"href":"https:\/\/hi-techwonder.com\/es\/wp-json\/wp\/v2\/types\/product"}],"replies":[{"embeddable":true,"href":"https:\/\/hi-techwonder.com\/es\/wp-json\/wp\/v2\/comments?post=72875"}],"wp:featuredmedia":[{"embeddable":true,"href":"https:\/\/hi-techwonder.com\/es\/wp-json\/wp\/v2\/media\/42419"}],"wp:attachment":[{"href":"https:\/\/hi-techwonder.com\/es\/wp-json\/wp\/v2\/media?parent=72875"}],"wp:term":[{"taxonomy":"product_brand","embeddable":true,"href":"https:\/\/hi-techwonder.com\/es\/wp-json\/wp\/v2\/product_brand?post=72875"},{"taxonomy":"product_cat","embeddable":true,"href":"https:\/\/hi-techwonder.com\/es\/wp-json\/wp\/v2\/product_cat?post=72875"},{"taxonomy":"product_tag","embeddable":true,"href":"https:\/\/hi-techwonder.com\/es\/wp-json\/wp\/v2\/product_tag?post=72875"}],"curies":[{"name":"wp","href":"https:\/\/api.w.org\/{rel}","templated":true}]}}