{"id":72878,"date":"2025-07-29T08:55:59","date_gmt":"2025-07-29T08:55:59","guid":{"rendered":"https:\/\/fv6qoy3ls0.wpdns.site\/produto\/jjc-ri-s-cubiertas-de-lluvia-s-paquete-de-2\/"},"modified":"2026-01-22T11:12:03","modified_gmt":"2026-01-22T11:12:03","slug":"jjc-ri-s-cubiertas-de-lluvia-s-paquete-de-2","status":"publish","type":"product","link":"https:\/\/hi-techwonder.com\/es\/producto\/jjc-ri-s-cubiertas-de-lluvia-s-paquete-de-2\/","title":{"rendered":"JJC RI-S Cubiertas de lluvia S (Paquete de 2)"},"content":{"rendered":"<p><strong>JJC RI-S Cubiertas de lluvia S (Paquete de 2)<\/strong><\/p>\n<p><strong>Funciones:<\/strong><\/p>\n<ul>\n<li>2 piezas de funda para la lluvia en cada paquete<\/li>\n<li>Protege su c\u00e1mara y lente de manera efectiva contra la lluvia, la nieve, el polvo, el barro, etc.&nbsp;<\/li>\n<li>Dise\u00f1o totalmente transparente<\/li>\n<li>Acceso completo a los controles de su c\u00e1mara y a la pantalla LCD<\/li>\n<li>El parasol y el tr\u00edpode se pueden usar con este parasol<\/li>\n<li>La funda ajustable le permite ajustar la cubierta para que se ajuste a su lente<\/li>\n<li>Ligero y port\u00e1til<\/li>\n<\/ul>\n<p>JJC RI-S incluye dos piezas de cubierta para la lluvia, para uso de DSLR o Mirrorless con lentes de hasta 28 cm de largo y 17 cm de ancho, especialmente para DSLR o peque\u00f1as Mirrorless con lentes principales. Protege su c\u00e1mara y lente de la lluvia, la nieve, el polvo, el barro, etc. Esta cubierta para la lluvia presenta un dise\u00f1o totalmente transparente, lo que le permite acceder a los controles de la c\u00e1mara y la pantalla LCD de manera conveniente.  <\/p>\n<p><strong>Le permite conectar su c\u00e1mara a un tr\u00edpode.<\/strong><\/p>\n<p><img loading=\"lazy\" decoding=\"async\" src=\"https:\/\/jjc-cc.oss-us-east-1.aliyuncs.com\/uploads\/20220803\/e8b4f9360b1067fbb69455445534cdd1.jpg\" width=\"400\" height=\"371\" alt=\"\"><\/p>\n<p><strong>La funda ajustable le permite ajustar la cubierta para que se adapte a su lente, incluso con un parasol.<\/strong><\/p>\n<p><img loading=\"lazy\" decoding=\"async\" src=\"https:\/\/jjc-cc.oss-us-east-1.aliyuncs.com\/uploads\/20220803\/cb69554e8c28bba80f886174aa31d628.jpg\" width=\"400\" height=\"372\" alt=\"\"><\/p>\n<p>Compatible con c\u00e1maras y objetivos de hasta 28 cm de largo y 17 cm de ancho.<\/p>\n","protected":false},"excerpt":{"rendered":"<p>JJC RI-S Cubiertas de lluvia S (Paquete de 2) Funciones: 2 piezas de funda para la lluvia en cada paquete<\/p>\n","protected":false},"featured_media":42934,"comment_status":"closed","ping_status":"closed","template":"","meta":{"_acf_changed":false},"product_brand":[2547],"product_cat":[1069],"product_tag":[],"class_list":{"0":"post-72878","1":"product","2":"type-product","3":"status-publish","4":"has-post-thumbnail","6":"product_brand-jjc-es","7":"product_cat-fundas-de-lluvia","9":"first","10":"instock","11":"taxable","12":"shipping-taxable","13":"purchasable","14":"product-type-simple"},"bundled_by":[],"bundle_stock_status":"instock","bundle_stock_quantity":6,"bundle_virtual":false,"bundle_layout":"","bundle_add_to_cart_form_location":"","bundle_editable_in_cart":false,"bundle_sold_individually_context":"","bundle_item_grouping":"","bundle_min_size":"","bundle_max_size":"","bundle_price":[],"bundled_items":[],"bundle_sell_ids":[],"acf":[],"_links":{"self":[{"href":"https:\/\/hi-techwonder.com\/es\/wp-json\/wp\/v2\/product\/72878","targetHints":{"allow":["GET"]}}],"collection":[{"href":"https:\/\/hi-techwonder.com\/es\/wp-json\/wp\/v2\/product"}],"about":[{"href":"https:\/\/hi-techwonder.com\/es\/wp-json\/wp\/v2\/types\/product"}],"replies":[{"embeddable":true,"href":"https:\/\/hi-techwonder.com\/es\/wp-json\/wp\/v2\/comments?post=72878"}],"wp:featuredmedia":[{"embeddable":true,"href":"https:\/\/hi-techwonder.com\/es\/wp-json\/wp\/v2\/media\/42934"}],"wp:attachment":[{"href":"https:\/\/hi-techwonder.com\/es\/wp-json\/wp\/v2\/media?parent=72878"}],"wp:term":[{"taxonomy":"product_brand","embeddable":true,"href":"https:\/\/hi-techwonder.com\/es\/wp-json\/wp\/v2\/product_brand?post=72878"},{"taxonomy":"product_cat","embeddable":true,"href":"https:\/\/hi-techwonder.com\/es\/wp-json\/wp\/v2\/product_cat?post=72878"},{"taxonomy":"product_tag","embeddable":true,"href":"https:\/\/hi-techwonder.com\/es\/wp-json\/wp\/v2\/product_tag?post=72878"}],"curies":[{"name":"wp","href":"https:\/\/api.w.org\/{rel}","templated":true}]}}