{"id":72879,"date":"2025-07-29T10:25:01","date_gmt":"2025-07-29T10:25:01","guid":{"rendered":"https:\/\/fv6qoy3ls0.wpdns.site\/produto\/monopie-compacto-2-en-1-joby\/"},"modified":"2026-01-31T01:36:15","modified_gmt":"2026-01-31T01:36:15","slug":"joby-monopie-compacto-2-en-1-joby","status":"publish","type":"product","link":"https:\/\/hi-techwonder.com\/es\/producto\/joby-monopie-compacto-2-en-1-joby\/","title":{"rendered":"Monopie compacto 2 en 1 JOBY"},"content":{"rendered":"<p><strong>Monop\u00e9 &#8211; JOBY Monopie compacto 2 en 1<\/strong><\/p>\n<p><strong>Funciones:<\/strong><\/p>\n<ul>\n<li>Dise\u00f1ado para c\u00e1maras compactas, sin espejo o con c\u00e1maras de acci\u00f3n<\/li>\n<li>M\u00faltiples configuraciones con soportes en ambos extremos<\/li>\n<li>Incluye mini cabezal de ca\u00f1a y adaptador para Action Cam (tipo Gopro)<\/li>\n<li>Capacidad de peso de 1 kg<\/li>\n<\/ul>\n<p><strong>Contenido del paquete:<\/strong><\/p>\n<ul>\n<li>Monopie<\/li>\n<li>Mini cabeza esf\u00e9rica<\/li>\n<li>Adaptador de c\u00e1mara de acci\u00f3n&nbsp;<\/li>\n<\/ul>\n<p>El monopie JOBY Compact 2 en 1 es la varita m\u00e1gica de los creadores de contenido. Con los puntos de contacto JOBY en esta herramienta inteligente, puede obtener excelentes resultados con una c\u00e1mara compacta, sin espejo o de acci\u00f3n. <\/p>\n<p>Junto con la cl\u00e1sica funci\u00f3n de monopie con pie de goma extra\u00edble, puede usar la cabeza de bola incluida para hacer un palo para selfies.<\/p>\n<p>Tambi\u00e9n incluye un adaptador para que puedas montar tu Action Cam.<\/p>\n<p>Construido en aluminio y tecnopol\u00edmero y con un dise\u00f1o de 4 secciones, la combinaci\u00f3n perfecta de resistencia.<\/p>\n<p>Con una capacidad de hasta 1 kg, este monopie JOBY est\u00e1 listo para tus aventuras.<\/p>\n<p><strong>Caracter\u00edsticas t\u00e9cnicas:<\/strong><\/p>\n<ul>\n<li>Montaje en tr\u00edpode: 1\/4&#8243;<\/li>\n<li>Color: Negro\/Rojo<\/li>\n<li>Color principal: Negro<\/li>\n<li>Enlace f\u00e1cil: No<\/li>\n<li>Inclinaci\u00f3n frontal: +90\u00b0\/-20\u00b0<\/li>\n<li>Tipo de cabeza: Cabeza de varilla<\/li>\n<li>Liberaci\u00f3n r\u00e1pida: No<\/li>\n<li>Di\u00e1metro del disco superior: 23 mm<\/li>\n<li>Control de fricci\u00f3n: No<\/li>\n<li>Secciones de piernas: 4<\/li>\n<li>Capacidad de carga: 1 kg<\/li>\n<li>Dimensiones: 4,15 x 4,15 x 44 cm<\/li>\n<li>Material: Aluminio, Caucho, Acero, Pl\u00e1stico<\/li>\n<li>Peso: 0,28 kg<\/li>\n<\/ul>\n","protected":false},"excerpt":{"rendered":"<p>Monop\u00e9 &#8211; JOBY Monopie compacto 2 en 1 Funciones: Dise\u00f1ado para c\u00e1maras compactas, sin espejo o con c\u00e1maras de acci\u00f3n<\/p>\n","protected":false},"featured_media":63002,"comment_status":"closed","ping_status":"open","template":"","meta":{"_acf_changed":false},"product_brand":[2639],"product_cat":[1080],"product_tag":[],"class_list":{"0":"post-72879","1":"product","2":"type-product","3":"status-publish","4":"has-post-thumbnail","6":"product_brand-joby-es","7":"product_cat-monopies","9":"first","10":"instock","11":"taxable","12":"shipping-taxable","13":"purchasable","14":"product-type-simple"},"bundled_by":[],"bundle_stock_status":"instock","bundle_stock_quantity":1,"bundle_virtual":false,"bundle_layout":"","bundle_add_to_cart_form_location":"","bundle_editable_in_cart":false,"bundle_sold_individually_context":"","bundle_item_grouping":"","bundle_min_size":"","bundle_max_size":"","bundle_price":[],"bundled_items":[],"bundle_sell_ids":[],"acf":[],"_links":{"self":[{"href":"https:\/\/hi-techwonder.com\/es\/wp-json\/wp\/v2\/product\/72879","targetHints":{"allow":["GET"]}}],"collection":[{"href":"https:\/\/hi-techwonder.com\/es\/wp-json\/wp\/v2\/product"}],"about":[{"href":"https:\/\/hi-techwonder.com\/es\/wp-json\/wp\/v2\/types\/product"}],"replies":[{"embeddable":true,"href":"https:\/\/hi-techwonder.com\/es\/wp-json\/wp\/v2\/comments?post=72879"}],"wp:featuredmedia":[{"embeddable":true,"href":"https:\/\/hi-techwonder.com\/es\/wp-json\/wp\/v2\/media\/63002"}],"wp:attachment":[{"href":"https:\/\/hi-techwonder.com\/es\/wp-json\/wp\/v2\/media?parent=72879"}],"wp:term":[{"taxonomy":"product_brand","embeddable":true,"href":"https:\/\/hi-techwonder.com\/es\/wp-json\/wp\/v2\/product_brand?post=72879"},{"taxonomy":"product_cat","embeddable":true,"href":"https:\/\/hi-techwonder.com\/es\/wp-json\/wp\/v2\/product_cat?post=72879"},{"taxonomy":"product_tag","embeddable":true,"href":"https:\/\/hi-techwonder.com\/es\/wp-json\/wp\/v2\/product_tag?post=72879"}],"curies":[{"name":"wp","href":"https:\/\/api.w.org\/{rel}","templated":true}]}}