{"id":72880,"date":"2025-07-29T08:55:59","date_gmt":"2025-07-29T08:55:59","guid":{"rendered":"https:\/\/fv6qoy3ls0.wpdns.site\/produto\/jjc-ri-5-cubiertas-de-lluvia-l-paquete-de-2\/"},"modified":"2026-01-27T15:47:32","modified_gmt":"2026-01-27T15:47:32","slug":"jjc-ri-5-cubiertas-de-lluvia-l-paquete-de-2","status":"publish","type":"product","link":"https:\/\/hi-techwonder.com\/es\/producto\/jjc-ri-5-cubiertas-de-lluvia-l-paquete-de-2\/","title":{"rendered":"JJC RI-5 Cubiertas de lluvia L (Paquete de 2)"},"content":{"rendered":"<p style=\"text-align: justify;\"><span style=\"color: #000000;\">Cubierta protectora, dise\u00f1ada para proteger la c\u00e1mara y el objetivo de las condiciones clim\u00e1ticas adversas.<\/span><\/p>\n<p><span style=\"color: #000000;\">Los controles de la c\u00e1mara y el objetivo se pueden manejar f\u00e1cilmente a trav\u00e9s del parasol.<\/span><\/p>\n<p><span style=\"color: #000000;\">&nbsp;<\/span><\/p>\n<p><strong><span style=\"font-size: small;\"><span style=\"color: #000000;\">Compatible con c\u00e1maras y objetivos de hasta 45 cm y 17,7 cm de di\u00e1metro<\/span><\/strong><\/span><\/p>\n<p><span style=\"color: #000000;\">&nbsp;<\/span><\/p>\n<p><strong><span style=\"font-size: small;\"><span style=\"color: #000000;\">Contenido del paquete:<\/span><\/strong><\/span><\/p>\n<p><strong><span style=\"color: #000000;\">&nbsp;<\/span><\/strong>2x Funda para la lluvia talla L (RI-5)<\/p>\n","protected":false},"excerpt":{"rendered":"<p>Cubierta protectora, dise\u00f1ada para proteger la c\u00e1mara y el objetivo de las condiciones clim\u00e1ticas adversas. Los controles de la c\u00e1mara<\/p>\n","protected":false},"featured_media":42931,"comment_status":"closed","ping_status":"closed","template":"","meta":{"_acf_changed":false},"product_brand":[2547],"product_cat":[1069],"product_tag":[],"class_list":{"0":"post-72880","1":"product","2":"type-product","3":"status-publish","4":"has-post-thumbnail","6":"product_brand-jjc-es","7":"product_cat-fundas-de-lluvia","9":"first","10":"instock","11":"taxable","12":"shipping-taxable","13":"purchasable","14":"product-type-simple"},"bundled_by":[],"bundle_stock_status":"instock","bundle_stock_quantity":8,"bundle_virtual":false,"bundle_layout":"","bundle_add_to_cart_form_location":"","bundle_editable_in_cart":false,"bundle_sold_individually_context":"","bundle_item_grouping":"","bundle_min_size":"","bundle_max_size":"","bundle_price":[],"bundled_items":[],"bundle_sell_ids":[],"acf":[],"_links":{"self":[{"href":"https:\/\/hi-techwonder.com\/es\/wp-json\/wp\/v2\/product\/72880","targetHints":{"allow":["GET"]}}],"collection":[{"href":"https:\/\/hi-techwonder.com\/es\/wp-json\/wp\/v2\/product"}],"about":[{"href":"https:\/\/hi-techwonder.com\/es\/wp-json\/wp\/v2\/types\/product"}],"replies":[{"embeddable":true,"href":"https:\/\/hi-techwonder.com\/es\/wp-json\/wp\/v2\/comments?post=72880"}],"wp:featuredmedia":[{"embeddable":true,"href":"https:\/\/hi-techwonder.com\/es\/wp-json\/wp\/v2\/media\/42931"}],"wp:attachment":[{"href":"https:\/\/hi-techwonder.com\/es\/wp-json\/wp\/v2\/media?parent=72880"}],"wp:term":[{"taxonomy":"product_brand","embeddable":true,"href":"https:\/\/hi-techwonder.com\/es\/wp-json\/wp\/v2\/product_brand?post=72880"},{"taxonomy":"product_cat","embeddable":true,"href":"https:\/\/hi-techwonder.com\/es\/wp-json\/wp\/v2\/product_cat?post=72880"},{"taxonomy":"product_tag","embeddable":true,"href":"https:\/\/hi-techwonder.com\/es\/wp-json\/wp\/v2\/product_tag?post=72880"}],"curies":[{"name":"wp","href":"https:\/\/api.w.org\/{rel}","templated":true}]}}