{"id":72888,"date":"2025-07-29T09:18:13","date_gmt":"2025-07-29T09:18:13","guid":{"rendered":"https:\/\/fv6qoy3ls0.wpdns.site\/produto\/parasol-jjc-similar-a-olympus-lh-55b-negro\/"},"modified":"2026-01-31T02:27:31","modified_gmt":"2026-01-31T02:27:31","slug":"jjc-parasol-jjc-similar-a-olympus-lh-55b-negro","status":"publish","type":"product","link":"https:\/\/hi-techwonder.com\/es\/producto\/jjc-parasol-jjc-similar-a-olympus-lh-55b-negro\/","title":{"rendered":"Parasol JJC similar a Olympus LH-55B &#8211; Negro"},"content":{"rendered":"<p>Este parasol es un accesorio esencial para proteger su lente de da\u00f1os y suciedad, as\u00ed como para evitar que entre luz no deseada. Construcci\u00f3n de aluminio de calidad. <\/p>\n<p>Compatible con el objetivo Olympus M.Zuiko Digital ED 9-18mm f\/4.0 -5.6 \/ OLYMPUS M.ZUIKO DIGITAL ED 12-50mm 1:3.5-6.3 EZ<\/p>\n","protected":false},"excerpt":{"rendered":"<p>Este parasol es un accesorio esencial para proteger su lente de da\u00f1os y suciedad, as\u00ed como para evitar que entre<\/p>\n","protected":false},"featured_media":47237,"comment_status":"closed","ping_status":"open","template":"","meta":{"_acf_changed":false},"product_brand":[2547],"product_cat":[1039],"product_tag":[],"class_list":{"0":"post-72888","1":"product","2":"type-product","3":"status-publish","4":"has-post-thumbnail","6":"product_brand-jjc-es","7":"product_cat-parasoles","9":"first","10":"onbackorder","11":"taxable","12":"shipping-taxable","13":"purchasable","14":"product-type-simple"},"bundled_by":[],"bundle_stock_status":"onbackorder","bundle_stock_quantity":0,"bundle_virtual":false,"bundle_layout":"","bundle_add_to_cart_form_location":"","bundle_editable_in_cart":false,"bundle_sold_individually_context":"","bundle_item_grouping":"","bundle_min_size":"","bundle_max_size":"","bundle_price":[],"bundled_items":[],"bundle_sell_ids":[],"acf":[],"_links":{"self":[{"href":"https:\/\/hi-techwonder.com\/es\/wp-json\/wp\/v2\/product\/72888","targetHints":{"allow":["GET"]}}],"collection":[{"href":"https:\/\/hi-techwonder.com\/es\/wp-json\/wp\/v2\/product"}],"about":[{"href":"https:\/\/hi-techwonder.com\/es\/wp-json\/wp\/v2\/types\/product"}],"replies":[{"embeddable":true,"href":"https:\/\/hi-techwonder.com\/es\/wp-json\/wp\/v2\/comments?post=72888"}],"wp:featuredmedia":[{"embeddable":true,"href":"https:\/\/hi-techwonder.com\/es\/wp-json\/wp\/v2\/media\/47237"}],"wp:attachment":[{"href":"https:\/\/hi-techwonder.com\/es\/wp-json\/wp\/v2\/media?parent=72888"}],"wp:term":[{"taxonomy":"product_brand","embeddable":true,"href":"https:\/\/hi-techwonder.com\/es\/wp-json\/wp\/v2\/product_brand?post=72888"},{"taxonomy":"product_cat","embeddable":true,"href":"https:\/\/hi-techwonder.com\/es\/wp-json\/wp\/v2\/product_cat?post=72888"},{"taxonomy":"product_tag","embeddable":true,"href":"https:\/\/hi-techwonder.com\/es\/wp-json\/wp\/v2\/product_tag?post=72888"}],"curies":[{"name":"wp","href":"https:\/\/api.w.org\/{rel}","templated":true}]}}