{"id":72890,"date":"2025-07-28T23:57:31","date_gmt":"2025-07-28T23:57:31","guid":{"rendered":"https:\/\/fv6qoy3ls0.wpdns.site\/produto\/kf-concept-13-116-correa-de-muneca\/"},"modified":"2026-02-03T16:26:10","modified_gmt":"2026-02-03T16:26:10","slug":"kf-concept-13-116-correa-de-muneca","status":"publish","type":"product","link":"https:\/\/hi-techwonder.com\/es\/producto\/kf-concept-13-116-correa-de-muneca\/","title":{"rendered":"K&amp;F CONCEPT 13.116 Correa de mu\u00f1eca"},"content":{"rendered":"<h3>Correa de mu\u00f1eca K&amp;F CONCEPT<\/h3>\n<p><iframe loading=\"lazy\" src=\"https:\/\/www.youtube.com\/embed\/f0rf3THLNzQ\" width=\"560\" height=\"314\" allowfullscreen=\"allowfullscreen\"><\/iframe><\/p>\n<p>La correa de mu\u00f1eca para c\u00e1mara K&amp;F Concept est\u00e1 hecha de material de cintur\u00f3n de seguridad de nailon duradero, resistente a la intemperie, antibacteriano y resistente al moho. Esta correa es ergon\u00f3mica y la longitud se puede ajustar con una mano. Una hebilla de seguridad mantiene la correa segura en su mu\u00f1eca. Este cintur\u00f3n cuenta con una hebilla invisible de la marca Duraflex, fabricada en nylon y con un mecanismo de bloqueo \u00fanico para evitar ca\u00eddas accidentales. El lazo est\u00e1 hecho de un cord\u00f3n de triple capa que indica cu\u00e1ndo es el momento de reemplazarlo. Puede soportar un peso de carga de hasta 36 kg. Ajustable en longitud, de 7,5 a 16,5 cm, con 2 cm de ancho.      <\/p>\n<p><em>Encaje de triple capa<\/em><\/p>\n<p>El lazo de este cintur\u00f3n est\u00e1 hecho de un cord\u00f3n de tres capas que tiene una capa exterior negra, una capa interior amarilla y un n\u00facleo rojo. Cuando el n\u00facleo rojo est\u00e1 expuesto, es hora de volver a colocar el lazo en su cintur\u00f3n. <\/p>\n","protected":false},"excerpt":{"rendered":"<p>Correa de mu\u00f1eca K&amp;F CONCEPT La correa de mu\u00f1eca para c\u00e1mara K&amp;F Concept est\u00e1 hecha de material de cintur\u00f3n de<\/p>\n","protected":false},"featured_media":30929,"comment_status":"closed","ping_status":"closed","template":"","meta":{"_acf_changed":false},"product_brand":[2562],"product_cat":[903],"product_tag":[],"class_list":{"0":"post-72890","1":"product","2":"type-product","3":"status-publish","4":"has-post-thumbnail","6":"product_brand-kf-concept-es","7":"product_cat-correas-y-tirantes","8":"pa_cor-gris","9":"pa_cor-marron","11":"first","12":"instock","13":"taxable","14":"shipping-taxable","15":"purchasable","16":"product-type-simple"},"bundled_by":[],"bundle_stock_status":"instock","bundle_stock_quantity":1,"bundle_virtual":false,"bundle_layout":"","bundle_add_to_cart_form_location":"","bundle_editable_in_cart":false,"bundle_sold_individually_context":"","bundle_item_grouping":"","bundle_min_size":"","bundle_max_size":"","bundle_price":[],"bundled_items":[],"bundle_sell_ids":[],"acf":[],"_links":{"self":[{"href":"https:\/\/hi-techwonder.com\/es\/wp-json\/wp\/v2\/product\/72890","targetHints":{"allow":["GET"]}}],"collection":[{"href":"https:\/\/hi-techwonder.com\/es\/wp-json\/wp\/v2\/product"}],"about":[{"href":"https:\/\/hi-techwonder.com\/es\/wp-json\/wp\/v2\/types\/product"}],"replies":[{"embeddable":true,"href":"https:\/\/hi-techwonder.com\/es\/wp-json\/wp\/v2\/comments?post=72890"}],"wp:featuredmedia":[{"embeddable":true,"href":"https:\/\/hi-techwonder.com\/es\/wp-json\/wp\/v2\/media\/30929"}],"wp:attachment":[{"href":"https:\/\/hi-techwonder.com\/es\/wp-json\/wp\/v2\/media?parent=72890"}],"wp:term":[{"taxonomy":"product_brand","embeddable":true,"href":"https:\/\/hi-techwonder.com\/es\/wp-json\/wp\/v2\/product_brand?post=72890"},{"taxonomy":"product_cat","embeddable":true,"href":"https:\/\/hi-techwonder.com\/es\/wp-json\/wp\/v2\/product_cat?post=72890"},{"taxonomy":"product_tag","embeddable":true,"href":"https:\/\/hi-techwonder.com\/es\/wp-json\/wp\/v2\/product_tag?post=72890"}],"curies":[{"name":"wp","href":"https:\/\/api.w.org\/{rel}","templated":true}]}}