{"id":72893,"date":"2025-07-29T00:07:39","date_gmt":"2025-07-29T00:07:39","guid":{"rendered":"https:\/\/fv6qoy3ls0.wpdns.site\/produto\/kf-concept-13-151-mochila-18l-negro\/"},"modified":"2026-04-20T17:56:42","modified_gmt":"2026-04-20T16:56:42","slug":"kf-concept-13-151-mochila-18l-negro","status":"publish","type":"product","link":"https:\/\/hi-techwonder.com\/es\/producto\/kf-concept-13-151-mochila-18l-negro\/","title":{"rendered":"K&amp;F CONCEPT 13.151 Mochila 18L Negro"},"content":{"rendered":"<p><strong>KF13.151 Mochila 18L, Negro<\/strong><\/p>\n<p>Mochila discreta con un dise\u00f1o minimalista.<\/p>\n<p><strong>Caracter\u00edsticas principales:<\/strong><\/p>\n<ul>\n<li>Tiene capacidad para 2 c\u00e1maras, 4 lentes y varios accesorios.<\/li>\n<li>Divisor para un port\u00e1til de hasta 15,6&#8243;.<\/li>\n<li>Con capacidad para tr\u00edpode.<\/li>\n<li>Exterior impermeable.<\/li>\n<li>Tirantes anchos que aportan m\u00e1s comodidad.<\/li>\n<li>Impermeable.<\/li>\n<\/ul>\n<p><strong>Dimensiones:<\/strong><\/p>\n<p>Exterior &#8211; 43x29x15cm<\/p>\n<p>Interiores &#8211; 40x26x13cm<\/p>\n","protected":false},"excerpt":{"rendered":"<p>KF13.151 Mochila 18L, Negro Mochila discreta con un dise\u00f1o minimalista. Caracter\u00edsticas principales: Tiene capacidad para 2 c\u00e1maras, 4 lentes y<\/p>\n","protected":false},"featured_media":34110,"comment_status":"closed","ping_status":"open","template":"","meta":{"_acf_changed":false},"product_brand":[2562],"product_cat":[907],"product_tag":[],"class_list":{"0":"post-72893","1":"product","2":"type-product","3":"status-publish","4":"has-post-thumbnail","6":"product_brand-kf-concept-es","7":"product_cat-mochilas-es","9":"first","10":"instock","11":"taxable","12":"shipping-taxable","13":"purchasable","14":"product-type-simple"},"bundled_by":[],"bundle_stock_status":"instock","bundle_stock_quantity":1,"bundle_virtual":false,"bundle_layout":"","bundle_add_to_cart_form_location":"","bundle_editable_in_cart":false,"bundle_sold_individually_context":"","bundle_item_grouping":"","bundle_min_size":"","bundle_max_size":"","bundle_price":[],"bundled_items":[],"bundle_sell_ids":[],"acf":[],"_links":{"self":[{"href":"https:\/\/hi-techwonder.com\/es\/wp-json\/wp\/v2\/product\/72893","targetHints":{"allow":["GET"]}}],"collection":[{"href":"https:\/\/hi-techwonder.com\/es\/wp-json\/wp\/v2\/product"}],"about":[{"href":"https:\/\/hi-techwonder.com\/es\/wp-json\/wp\/v2\/types\/product"}],"replies":[{"embeddable":true,"href":"https:\/\/hi-techwonder.com\/es\/wp-json\/wp\/v2\/comments?post=72893"}],"wp:featuredmedia":[{"embeddable":true,"href":"https:\/\/hi-techwonder.com\/es\/wp-json\/wp\/v2\/media\/34110"}],"wp:attachment":[{"href":"https:\/\/hi-techwonder.com\/es\/wp-json\/wp\/v2\/media?parent=72893"}],"wp:term":[{"taxonomy":"product_brand","embeddable":true,"href":"https:\/\/hi-techwonder.com\/es\/wp-json\/wp\/v2\/product_brand?post=72893"},{"taxonomy":"product_cat","embeddable":true,"href":"https:\/\/hi-techwonder.com\/es\/wp-json\/wp\/v2\/product_cat?post=72893"},{"taxonomy":"product_tag","embeddable":true,"href":"https:\/\/hi-techwonder.com\/es\/wp-json\/wp\/v2\/product_tag?post=72893"}],"curies":[{"name":"wp","href":"https:\/\/api.w.org\/{rel}","templated":true}]}}