{"id":72894,"date":"2025-07-29T00:07:18","date_gmt":"2025-07-29T00:07:18","guid":{"rendered":"https:\/\/fv6qoy3ls0.wpdns.site\/produto\/kf-concept-13-107-mochila-profesional-para-camara-33l\/"},"modified":"2025-07-29T00:07:18","modified_gmt":"2025-07-29T00:07:18","slug":"kf-concept-13-107-mochila-profesional-para-camara-33l","status":"publish","type":"product","link":"https:\/\/hi-techwonder.com\/es\/producto\/kf-concept-13-107-mochila-profesional-para-camara-33l\/","title":{"rendered":"K&amp;F CONCEPT 13.107 Mochila Profesional para C\u00e1mara 33L"},"content":{"rendered":"<p><strong>Funciones<\/strong><\/p>\n<p>Mochila de gran capacidad (33L), con dos compartimentos (superior e inferior), para diversos equipos (hasta dos c\u00e1maras multilente, port\u00e1til de 17&#8243; (43,18cm) y iPad de 11&#8243; (27,94cm) smartphone, cargadores, etc.) y objetos personales o pertenencias. Ideal para viajar, hacer senderismo, etc.<\/p>\n<p>Fabricado en poli\u00e9ster, es impermeable e incluye una funda para la lluvia.<\/p>\n<p>La parte delantera tiene un acolchado moldeado por compresi\u00f3n de EVA, fuerte, duradero y resistente a los impactos, amortiguando cualquier golpe contra el equipo.<\/p>\n<p>La suspensi\u00f3n externa puede contener un tr\u00edpode de hasta 60 cm y el mango puede equiparse con bastones de trekking.<\/p>\n<p>El sistema transportador puede soportar 3 niveles de ajuste de altura (L, M, S), por lo que es adecuado para personas con diferentes alturas y morfolog\u00eda diversa, reduciendo efectivamente la sensaci\u00f3n de peso, ventilaci\u00f3n y disipaci\u00f3n de calor. Las manijas se pueden ajustar. La almohadilla de la cintura puede estrechar el contacto con el cuerpo y proteger la cintura.  <\/p>\n<p><strong>Funciones:<\/strong><\/p>\n<ul>\n<li>Colores: Negro y Gris<\/li>\n<li>Opciones de transporte: Mochila<\/li>\n<li>Correa de soporte de c\u00e1mara: S\u00ed<\/li>\n<li>Compartimentos para c\u00e1maras: 2<\/li>\n<li>Compartimentos para lentes: 6<\/li>\n<li>Tama\u00f1o de la pantalla del compartimento del port\u00e1til: 17&#8243;<\/li>\n<li>Dimensiones externas (cm): 54x34x24 (21.2&#8243;x13.3&#8243;x9.4&#8243;)<\/li>\n<li>Material: Poli\u00e9ster<\/li>\n<li>Tipo de cierre: Hebilla<\/li>\n<li>&#8211; Chubasquero: S\u00ed<\/li>\n<li>Volumen interior m\u00e1ximo: 32L<\/li>\n<li>Peso: 2,9 kg<\/li>\n<\/ul>\n","protected":false},"excerpt":{"rendered":"<p>Funciones Mochila de gran capacidad (33L), con dos compartimentos (superior e inferior), para diversos equipos (hasta dos c\u00e1maras multilente, port\u00e1til<\/p>\n","protected":false},"featured_media":33976,"comment_status":"closed","ping_status":"open","template":"","meta":{"_acf_changed":false},"product_brand":[2562],"product_cat":[907],"product_tag":[],"class_list":{"0":"post-72894","1":"product","2":"type-product","3":"status-publish","4":"has-post-thumbnail","6":"product_brand-kf-concept-es","7":"product_cat-mochilas-es","9":"first","10":"outofstock","11":"taxable","12":"shipping-taxable","13":"purchasable","14":"product-type-simple"},"bundled_by":[],"bundle_stock_status":"outofstock","bundle_stock_quantity":0,"bundle_virtual":false,"bundle_layout":"","bundle_add_to_cart_form_location":"","bundle_editable_in_cart":false,"bundle_sold_individually_context":"","bundle_item_grouping":"","bundle_min_size":"","bundle_max_size":"","bundle_price":[],"bundled_items":[],"bundle_sell_ids":[],"acf":[],"_links":{"self":[{"href":"https:\/\/hi-techwonder.com\/es\/wp-json\/wp\/v2\/product\/72894","targetHints":{"allow":["GET"]}}],"collection":[{"href":"https:\/\/hi-techwonder.com\/es\/wp-json\/wp\/v2\/product"}],"about":[{"href":"https:\/\/hi-techwonder.com\/es\/wp-json\/wp\/v2\/types\/product"}],"replies":[{"embeddable":true,"href":"https:\/\/hi-techwonder.com\/es\/wp-json\/wp\/v2\/comments?post=72894"}],"wp:featuredmedia":[{"embeddable":true,"href":"https:\/\/hi-techwonder.com\/es\/wp-json\/wp\/v2\/media\/33976"}],"wp:attachment":[{"href":"https:\/\/hi-techwonder.com\/es\/wp-json\/wp\/v2\/media?parent=72894"}],"wp:term":[{"taxonomy":"product_brand","embeddable":true,"href":"https:\/\/hi-techwonder.com\/es\/wp-json\/wp\/v2\/product_brand?post=72894"},{"taxonomy":"product_cat","embeddable":true,"href":"https:\/\/hi-techwonder.com\/es\/wp-json\/wp\/v2\/product_cat?post=72894"},{"taxonomy":"product_tag","embeddable":true,"href":"https:\/\/hi-techwonder.com\/es\/wp-json\/wp\/v2\/product_tag?post=72894"}],"curies":[{"name":"wp","href":"https:\/\/api.w.org\/{rel}","templated":true}]}}