{"id":72895,"date":"2025-07-29T00:17:08","date_gmt":"2025-07-29T00:17:08","guid":{"rendered":"https:\/\/fv6qoy3ls0.wpdns.site\/produto\/kf-concept-13-130-bolsa-de-almacenamiento-4l-negro\/"},"modified":"2026-03-09T14:18:48","modified_gmt":"2026-03-09T14:18:48","slug":"kf-concept-13-130-bolsa-de-almacenamiento-4l-negro","status":"publish","type":"product","link":"https:\/\/hi-techwonder.com\/es\/producto\/kf-concept-13-130-bolsa-de-almacenamiento-4l-negro\/","title":{"rendered":"K&amp;F CONCEPT 13.130 Bolsa de almacenamiento 4L Negro"},"content":{"rendered":"<p><strong>Caracter\u00edsticas principales:<\/strong><\/p>\n<ul>\n<li>23 compartimentos de almacenamiento para art\u00edculos peque\u00f1os.<\/li>\n<li>Hecho de nylon impermeable.<\/li>\n<li>Resistente a las manchas y f\u00e1cil de limpiar.<\/li>\n<li>Tejido interior suave y antiara\u00f1azos.<\/li>\n<li>Resistente a ca\u00eddas y golpes.<\/li>\n<li>Con asa.<\/li>\n<\/ul>\n<p>La bolsa de almacenamiento negra K&amp;F Concept 4L cuenta con hasta 23 compartimentos para almacenar y organizar ordenadamente tus art\u00edculos tecnol\u00f3gicos como tel\u00e9fono, cargadores, cables, memorias USB y m\u00e1s. Tambi\u00e9n puede guardar art\u00edculos personales como llaves y tarjetas bancarias. La bolsa tiene una amplia abertura que le permite ubicar f\u00e1cilmente los art\u00edculos y retirarlos o almacenarlos. Se puede colocar en una bolsa m\u00e1s grande o en su equipaje, sin ocupar demasiado espacio, lo que lo convierte en un gran compa\u00f1ero de viaje. Hecho de nailon impermeable, con costuras reforzadas de alta resistencia y cierre antirrobo, esta bolsa mantendr\u00e1 sus art\u00edculos seguros y protegidos.    <\/p>\n<p>Dimensiones: 26,5x10x16,5cm<\/p>\n<p>Dimensiones interiores: 27x10x16cm<\/p>\n","protected":false},"excerpt":{"rendered":"<p>Caracter\u00edsticas principales: 23 compartimentos de almacenamiento para art\u00edculos peque\u00f1os. Hecho de nylon impermeable. Resistente a las manchas y f\u00e1cil de<\/p>\n","protected":false},"featured_media":37137,"comment_status":"closed","ping_status":"open","template":"","meta":{"_acf_changed":false},"product_brand":[2562],"product_cat":[908],"product_tag":[],"class_list":{"0":"post-72895","1":"product","2":"type-product","3":"status-publish","4":"has-post-thumbnail","6":"product_brand-kf-concept-es","7":"product_cat-organizadores-es","9":"first","10":"outofstock","11":"taxable","12":"shipping-taxable","13":"purchasable","14":"product-type-simple"},"bundled_by":[],"bundle_stock_status":"outofstock","bundle_stock_quantity":null,"bundle_virtual":false,"bundle_layout":"","bundle_add_to_cart_form_location":"","bundle_editable_in_cart":false,"bundle_sold_individually_context":"","bundle_item_grouping":"","bundle_min_size":"","bundle_max_size":"","bundle_price":[],"bundled_items":[],"bundle_sell_ids":[],"acf":[],"_links":{"self":[{"href":"https:\/\/hi-techwonder.com\/es\/wp-json\/wp\/v2\/product\/72895","targetHints":{"allow":["GET"]}}],"collection":[{"href":"https:\/\/hi-techwonder.com\/es\/wp-json\/wp\/v2\/product"}],"about":[{"href":"https:\/\/hi-techwonder.com\/es\/wp-json\/wp\/v2\/types\/product"}],"replies":[{"embeddable":true,"href":"https:\/\/hi-techwonder.com\/es\/wp-json\/wp\/v2\/comments?post=72895"}],"wp:featuredmedia":[{"embeddable":true,"href":"https:\/\/hi-techwonder.com\/es\/wp-json\/wp\/v2\/media\/37137"}],"wp:attachment":[{"href":"https:\/\/hi-techwonder.com\/es\/wp-json\/wp\/v2\/media?parent=72895"}],"wp:term":[{"taxonomy":"product_brand","embeddable":true,"href":"https:\/\/hi-techwonder.com\/es\/wp-json\/wp\/v2\/product_brand?post=72895"},{"taxonomy":"product_cat","embeddable":true,"href":"https:\/\/hi-techwonder.com\/es\/wp-json\/wp\/v2\/product_cat?post=72895"},{"taxonomy":"product_tag","embeddable":true,"href":"https:\/\/hi-techwonder.com\/es\/wp-json\/wp\/v2\/product_tag?post=72895"}],"curies":[{"name":"wp","href":"https:\/\/api.w.org\/{rel}","templated":true}]}}