{"id":72896,"date":"2025-07-29T00:07:18","date_gmt":"2025-07-29T00:07:18","guid":{"rendered":"https:\/\/fv6qoy3ls0.wpdns.site\/produto\/kf-concept-13-105-mochila-multifuncional-para-camara-25l\/"},"modified":"2025-07-29T00:07:18","modified_gmt":"2025-07-29T00:07:18","slug":"kf-concept-13-105-mochila-multifuncional-para-camara-25l","status":"publish","type":"product","link":"https:\/\/hi-techwonder.com\/es\/producto\/kf-concept-13-105-mochila-multifuncional-para-camara-25l\/","title":{"rendered":"K&amp;F CONCEPT 13.105 Mochila multifuncional para c\u00e1mara 25L"},"content":{"rendered":"<p><strong>Funciones<\/strong><\/p>\n<p>Mochila de gran capacidad, que puede contener hasta 2 c\u00e1maras, 4 lentes, PC de 15.6&#8243;, tableta de 10.5&#8243;, tr\u00edpode y otros elementos esenciales. En la capa superior suspendida, se pueden almacenar objetos personales, ropa, etc. <\/p>\n<p>Gracias a los divisores acolchados personalizados extra\u00edbles, es posible organizar el espacio disponible seg\u00fan el tama\u00f1o de la c\u00e1mara y los accesorios que desee transportar, de forma segura. Los m\u00faltiples puntos de acceso (acceso lateral izquierdo\/derecho y acceso frontal) permiten un acceso r\u00e1pido y f\u00e1cil al equipo. &nbsp;<\/p>\n<p>La hebilla m\u00f3vil (patentada) de esta mochila se puede girar hacia la izquierda y hacia la derecha 45\u00b0 para adaptarse a diferentes formas de cuerpo; La correa de hombro desmontable se puede usar de tal manera que convierta esta mochila en una bolsa de hombro o una mochila para c\u00e1mara.<\/p>\n<p>La estructura flexible en forma de H le permite soportar mejor el peso.&nbsp;&nbsp;<\/p>\n<p>Fabricado con materiales de alta calidad, es resistente al agua y una cubierta adicional para la lluvia lo mantiene seco.<\/p>\n<p>El panel de malla de aire acolchado y un dise\u00f1o ergon\u00f3mico aumentan el flujo de aire durante el senderismo o el viaje y distribuyen el peso de manera uniforme para mayor comodidad y ahorro de energ\u00eda.<\/p>\n<p><strong>Caracter\u00edsticas t\u00e9cnicas:&nbsp;<\/strong><\/p>\n<table style=\"border-collapse: collapse; width: 100%; height: 179.166px;\" border=\"1\">\n<tbody>\n<tr style=\"height: 22.3958px;\">\n<td style=\"width: 49.9764%; height: 22.3958px;\">Correa de soporte de<\/td>\n<p> c\u00e1mara<\/p>\n<td style=\"width: 49.9764%; height: 22.3958px;\">S\u00ed<\/td>\n<\/tr>\n<tr style=\"height: 22.3958px;\">\n<td style=\"width: 49.9764%; height: 22.3958px;\">Compartimentos de<\/td>\n<p> c\u00e1mara<\/p>\n<td style=\"width: 49.9764%; height: 22.3958px;\">n\u00famero ar\u00e1bigo<\/td>\n<\/tr>\n<tr style=\"height: 22.3958px;\">\n<td style=\"width: 49.9764%; height: 22.3958px;\">Carcasas de lentes<\/td>\n<td style=\"width: 49.9764%; height: 22.3958px;\">Varios<\/td>\n<\/tr>\n<tr style=\"height: 22.3958px;\">\n<td style=\"width: 49.9764%; height: 22.3958px;\">Dimensiones externas<\/td>\n<td style=\"width: 49.9764%; height: 22.3958px;\">30x24x45cm (17,3 x 11,6 x 9,4&#8243;)<\/td>\n<\/tr>\n<tr style=\"height: 22.3958px;\">\n<td style=\"width: 49.9764%; height: 22.3958px;\">Material exterior<\/td>\n<td style=\"width: 49.9764%; height: 22.3958px;\">poli\u00e9ster<\/td>\n<\/tr>\n<tr style=\"height: 22.3958px;\">\n<td style=\"width: 49.9764%; height: 22.3958px;\">Tipo de cierre<\/td>\n<td style=\"width: 49.9764%; height: 22.3958px;\">hebilla de metal<\/td>\n<\/tr>\n<tr style=\"height: 22.3958px;\">\n<td style=\"width: 49.9764%; height: 22.3958px;\">Impermeable<\/td>\n<td style=\"width: 49.9764%; height: 22.3958px;\">S\u00ed<\/td>\n<\/tr>\n<tr style=\"height: 22.3958px;\">\n<td style=\"width: 49.9764%; height: 22.3958px;\">Volumen m\u00e1ximo<\/td>\n<td style=\"width: 49.9764%; height: 22.3958px;\">25L<\/td>\n<\/tr>\n<tr>\n<td style=\"width: 49.9764%;\">Peso<\/td>\n<td style=\"width: 49.9764%;\">2kg.<\/td>\n<\/tr>\n<\/tbody>\n<\/table>\n","protected":false},"excerpt":{"rendered":"<p>Funciones Mochila de gran capacidad, que puede contener hasta 2 c\u00e1maras, 4 lentes, PC de 15.6&#8243;, tableta de 10.5&#8243;, tr\u00edpode<\/p>\n","protected":false},"featured_media":33961,"comment_status":"closed","ping_status":"open","template":"","meta":{"_acf_changed":false},"product_brand":[2562],"product_cat":[907],"product_tag":[],"class_list":{"0":"post-72896","1":"product","2":"type-product","3":"status-publish","4":"has-post-thumbnail","6":"product_brand-kf-concept-es","7":"product_cat-mochilas-es","9":"first","10":"instock","11":"taxable","12":"shipping-taxable","13":"purchasable","14":"product-type-simple"},"bundled_by":[],"bundle_stock_status":"instock","bundle_stock_quantity":2,"bundle_virtual":false,"bundle_layout":"","bundle_add_to_cart_form_location":"","bundle_editable_in_cart":false,"bundle_sold_individually_context":"","bundle_item_grouping":"","bundle_min_size":"","bundle_max_size":"","bundle_price":[],"bundled_items":[],"bundle_sell_ids":[],"acf":[],"_links":{"self":[{"href":"https:\/\/hi-techwonder.com\/es\/wp-json\/wp\/v2\/product\/72896","targetHints":{"allow":["GET"]}}],"collection":[{"href":"https:\/\/hi-techwonder.com\/es\/wp-json\/wp\/v2\/product"}],"about":[{"href":"https:\/\/hi-techwonder.com\/es\/wp-json\/wp\/v2\/types\/product"}],"replies":[{"embeddable":true,"href":"https:\/\/hi-techwonder.com\/es\/wp-json\/wp\/v2\/comments?post=72896"}],"wp:featuredmedia":[{"embeddable":true,"href":"https:\/\/hi-techwonder.com\/es\/wp-json\/wp\/v2\/media\/33961"}],"wp:attachment":[{"href":"https:\/\/hi-techwonder.com\/es\/wp-json\/wp\/v2\/media?parent=72896"}],"wp:term":[{"taxonomy":"product_brand","embeddable":true,"href":"https:\/\/hi-techwonder.com\/es\/wp-json\/wp\/v2\/product_brand?post=72896"},{"taxonomy":"product_cat","embeddable":true,"href":"https:\/\/hi-techwonder.com\/es\/wp-json\/wp\/v2\/product_cat?post=72896"},{"taxonomy":"product_tag","embeddable":true,"href":"https:\/\/hi-techwonder.com\/es\/wp-json\/wp\/v2\/product_tag?post=72896"}],"curies":[{"name":"wp","href":"https:\/\/api.w.org\/{rel}","templated":true}]}}