{"id":72897,"date":"2025-07-29T00:07:39","date_gmt":"2025-07-29T00:07:39","guid":{"rendered":"https:\/\/fv6qoy3ls0.wpdns.site\/produto\/kf-concept-13-128v4-mochila-25l-negro\/"},"modified":"2025-11-25T12:21:06","modified_gmt":"2025-11-25T12:21:06","slug":"kf-concept-13-128v4-mochila-25l-negro","status":"publish","type":"product","link":"https:\/\/hi-techwonder.com\/es\/producto\/kf-concept-13-128v4-mochila-25l-negro\/","title":{"rendered":"K&amp;F CONCEPT 13.128V4 Mochila 25L. negro"},"content":{"rendered":"<p><strong>KF13.128V4 Mochila 25L, Negro<\/strong><\/p>\n<p><strong>Funciones:<\/strong><\/p>\n<ul>\n<li>Mochila fotogr\u00e1fica vers\u00e1til, organizaci\u00f3n interior de espacios en 5:5 y 2:8, para diferentes necesidades.&nbsp;<\/li>\n<li>Barras de refuerzo de fibra de soporte interno ocultas para mayor estabilidad y para evitar el aplastamiento del equipo.<\/li>\n<li>Expansi\u00f3n del ancho delantero, compartimento estabilizador independiente integrado, expansi\u00f3n de soporte para aumentar la capacidad en 2-3L.<\/li>\n<li>Dise\u00f1o de doble compartimento con apertura superior y lateral, lo que hace que el acceso al equipo sea r\u00e1pido y f\u00e1cil.<\/li>\n<li>Compartimento independiente para computadora de 16 pulgadas (m\u00e1ximo 360 * 260 * 20 mm).<\/li>\n<\/ul>\n","protected":false},"excerpt":{"rendered":"<p>KF13.128V4 Mochila 25L, Negro Funciones: Mochila fotogr\u00e1fica vers\u00e1til, organizaci\u00f3n interior de espacios en 5:5 y 2:8, para diferentes necesidades.&nbsp; Barras<\/p>\n","protected":false},"featured_media":34057,"comment_status":"closed","ping_status":"open","template":"","meta":{"_acf_changed":false},"product_brand":[2562],"product_cat":[907],"product_tag":[],"class_list":{"0":"post-72897","1":"product","2":"type-product","3":"status-publish","4":"has-post-thumbnail","6":"product_brand-kf-concept-es","7":"product_cat-mochilas-es","9":"first","10":"instock","11":"taxable","12":"shipping-taxable","13":"purchasable","14":"product-type-simple"},"bundled_by":[],"bundle_stock_status":"instock","bundle_stock_quantity":1,"bundle_virtual":false,"bundle_layout":"","bundle_add_to_cart_form_location":"","bundle_editable_in_cart":false,"bundle_sold_individually_context":"","bundle_item_grouping":"","bundle_min_size":"","bundle_max_size":"","bundle_price":[],"bundled_items":[],"bundle_sell_ids":[],"acf":[],"_links":{"self":[{"href":"https:\/\/hi-techwonder.com\/es\/wp-json\/wp\/v2\/product\/72897","targetHints":{"allow":["GET"]}}],"collection":[{"href":"https:\/\/hi-techwonder.com\/es\/wp-json\/wp\/v2\/product"}],"about":[{"href":"https:\/\/hi-techwonder.com\/es\/wp-json\/wp\/v2\/types\/product"}],"replies":[{"embeddable":true,"href":"https:\/\/hi-techwonder.com\/es\/wp-json\/wp\/v2\/comments?post=72897"}],"wp:featuredmedia":[{"embeddable":true,"href":"https:\/\/hi-techwonder.com\/es\/wp-json\/wp\/v2\/media\/34057"}],"wp:attachment":[{"href":"https:\/\/hi-techwonder.com\/es\/wp-json\/wp\/v2\/media?parent=72897"}],"wp:term":[{"taxonomy":"product_brand","embeddable":true,"href":"https:\/\/hi-techwonder.com\/es\/wp-json\/wp\/v2\/product_brand?post=72897"},{"taxonomy":"product_cat","embeddable":true,"href":"https:\/\/hi-techwonder.com\/es\/wp-json\/wp\/v2\/product_cat?post=72897"},{"taxonomy":"product_tag","embeddable":true,"href":"https:\/\/hi-techwonder.com\/es\/wp-json\/wp\/v2\/product_tag?post=72897"}],"curies":[{"name":"wp","href":"https:\/\/api.w.org\/{rel}","templated":true}]}}