{"id":72898,"date":"2025-07-29T00:07:30","date_gmt":"2025-07-29T00:07:30","guid":{"rendered":"https:\/\/fv6qoy3ls0.wpdns.site\/produto\/kf-concept-13-098v2-beta-22l-mochila-multifuncional\/"},"modified":"2025-11-19T18:17:27","modified_gmt":"2025-11-19T18:17:27","slug":"kf-concept-13-098v2-beta-22l-mochila-multifuncional","status":"publish","type":"product","link":"https:\/\/hi-techwonder.com\/es\/producto\/kf-concept-13-098v2-beta-22l-mochila-multifuncional\/","title":{"rendered":"K&amp;F CONCEPT 13.098V2 Beta 22L Mochila Multifuncional"},"content":{"rendered":"<h3>K&amp;F CONCEPT 13.098V2 Beta 22L Mochila Multifuncional<\/h3>\n<p><strong>En la caja:<\/strong><\/p>\n<ul>\n<li>Mochila multifuncional Beta 22L<\/li>\n<li>Cubierta antilluvia<\/li>\n<li>Separadores de compartimentos<\/li>\n<\/ul>\n<p>La mochila K&amp;F Concept Beta 22L es una mochila para c\u00e1mara profesional con una capacidad de 22L, que contiene compartimentos de almacenamiento superior e inferior, y capacidad para una c\u00e1mara multilente, con acceso de apertura frontal. Fabricado con el nuevo material 1000D Kenila, garantiza un grado 5 de impermeabilidad, con la funda para la lluvia incluida. <\/p>\n<p>Las dos carcasas moldeadas por compresi\u00f3n de EVA superior e inferior en el panel frontal son fuertes, duraderas y resistentes a los impactos. Los compartimentos superior e inferior est\u00e1n divididos, el compartimento inferior es el compartimento de la c\u00e1mara, el compartimento superior es el compartimento de art\u00edculos (ropa, drones, etc.) y el compartimento superior es para bater\u00edas, tarjetas de memoria y el compartimento del cable de datos. Los compartimentos superior e inferior se pueden utilizar con comunicaci\u00f3n entre ellos, o totalmente separados. Dispone de varios compartimentos individuales para transportar port\u00e1tiles de hasta 15,6&#8243;, iPad 11&#8243;, tel\u00e9fono m\u00f3vil, cargadores y cables de carga, as\u00ed como ropa h\u00fameda y seca.   &nbsp;<\/p>\n<p>Dispone de un sistema de suspensi\u00f3n externo para tr\u00edpode, de hasta 50cm. La mochila se puede llevar en ambos hombros o en la mano, con la correa de silicona, y el sistema de hombros se adapta a diferentes formas del cuerpo. Cuenta con un cintur\u00f3n de ajuste del centro de gravedad, para reducir la sensaci\u00f3n de peso en la espalda, maximizando la comodidad en el transporte. Tambi\u00e9n tiene buena ventilaci\u00f3n y disipaci\u00f3n de calor. La hebilla del pecho se puede ajustar verticalmente para aumentar su contacto con el cuerpo.    <\/p>\n<p>La boca de la mochila est\u00e1 dise\u00f1ada con cierres de cable y doble hebilla para aumentar su seguridad antirrobo. Con un dise\u00f1o de cierre y anillo de tracci\u00f3n SBS, es duradero y f\u00e1cil de operar. Hay una hebilla de carrito que se puede insertar en la maleta.  <\/p>\n<p>Dimensiones externas: 45 x 30 x 19 cm<\/p>\n","protected":false},"excerpt":{"rendered":"<p>K&amp;F CONCEPT 13.098V2 Beta 22L Mochila Multifuncional En la caja: Mochila multifuncional Beta 22L Cubierta antilluvia Separadores de compartimentos La<\/p>\n","protected":false},"featured_media":34022,"comment_status":"closed","ping_status":"open","template":"","meta":{"_acf_changed":false},"product_brand":[2562],"product_cat":[907],"product_tag":[],"class_list":{"0":"post-72898","1":"product","2":"type-product","3":"status-publish","4":"has-post-thumbnail","6":"product_brand-kf-concept-es","7":"product_cat-mochilas-es","9":"first","10":"outofstock","11":"taxable","12":"shipping-taxable","13":"purchasable","14":"product-type-simple"},"bundled_by":[],"bundle_stock_status":"outofstock","bundle_stock_quantity":null,"bundle_virtual":false,"bundle_layout":"","bundle_add_to_cart_form_location":"","bundle_editable_in_cart":false,"bundle_sold_individually_context":"","bundle_item_grouping":"","bundle_min_size":"","bundle_max_size":"","bundle_price":[],"bundled_items":[],"bundle_sell_ids":[],"acf":[],"_links":{"self":[{"href":"https:\/\/hi-techwonder.com\/es\/wp-json\/wp\/v2\/product\/72898","targetHints":{"allow":["GET"]}}],"collection":[{"href":"https:\/\/hi-techwonder.com\/es\/wp-json\/wp\/v2\/product"}],"about":[{"href":"https:\/\/hi-techwonder.com\/es\/wp-json\/wp\/v2\/types\/product"}],"replies":[{"embeddable":true,"href":"https:\/\/hi-techwonder.com\/es\/wp-json\/wp\/v2\/comments?post=72898"}],"wp:featuredmedia":[{"embeddable":true,"href":"https:\/\/hi-techwonder.com\/es\/wp-json\/wp\/v2\/media\/34022"}],"wp:attachment":[{"href":"https:\/\/hi-techwonder.com\/es\/wp-json\/wp\/v2\/media?parent=72898"}],"wp:term":[{"taxonomy":"product_brand","embeddable":true,"href":"https:\/\/hi-techwonder.com\/es\/wp-json\/wp\/v2\/product_brand?post=72898"},{"taxonomy":"product_cat","embeddable":true,"href":"https:\/\/hi-techwonder.com\/es\/wp-json\/wp\/v2\/product_cat?post=72898"},{"taxonomy":"product_tag","embeddable":true,"href":"https:\/\/hi-techwonder.com\/es\/wp-json\/wp\/v2\/product_tag?post=72898"}],"curies":[{"name":"wp","href":"https:\/\/api.w.org\/{rel}","templated":true}]}}