{"id":72902,"date":"2025-07-29T00:07:18","date_gmt":"2025-07-29T00:07:18","guid":{"rendered":"https:\/\/fv6qoy3ls0.wpdns.site\/produto\/kf-concept-13-087av5-mochila-profesional-para-camara-negro-gris\/"},"modified":"2025-11-10T18:01:34","modified_gmt":"2025-11-10T18:01:34","slug":"kf-concept-13-087av5-mochila-profesional-para-camara-negro-gris","status":"publish","type":"product","link":"https:\/\/hi-techwonder.com\/es\/producto\/kf-concept-13-087av5-mochila-profesional-para-camara-negro-gris\/","title":{"rendered":"K&amp;F CONCEPT 13.087AV5 Mochila Profesional para C\u00e1mara Negro-Gris"},"content":{"rendered":"<p><strong>K&amp;F 13.087AV5 Mochila para c\u00e1mara profesional<\/strong><\/p>\n<p><strong>Descripci\u00f3n:<\/strong><\/p>\n<ul>\n<li>Mochila de gran capacidad, aprox. 20L. En el compartimento superior puede guardar varios art\u00edculos personales (ropa, billetera, tel\u00e9fono inteligente, etc.). Tambi\u00e9n tiene un compartimento para PC de hasta 0,40 cm (15,6 pulgadas). En el compartimento inferior puedes guardar una c\u00e1mara + cuatro lentes, un tr\u00edpode y otros accesorios, como filtros, bater\u00edas, tarjetas de memoria, un dron, etc.    <\/li>\n<li>Gracias a un dise\u00f1o profesional, todos los compartimentos le permiten organizar su equipo con claridad.&nbsp;<\/li>\n<li>El acceso lateral r\u00e1pido le permite llegar al equipo r\u00e1pidamente.&nbsp;<\/li>\n<li>Todas las partes de sutura de la bolsa de la c\u00e1mara est\u00e1n reforzadas.<\/li>\n<li>Capacidad de carga de hasta 21 kg.&nbsp;<\/li>\n<li>Fabricado con nailon 900D de alta densidad, que repele el agua y es resistente al desgarro, costuras fuertemente reforzadas y cierres antirrobo.&nbsp;<\/li>\n<li>Robusto y duradero, tablero de PE + divisor de espuma EPE, fuerte y s\u00f3lido, alivio de golpes y descompresi\u00f3n, para proteger bien su equipo.<\/li>\n<li>Correas de malla de aire transpirables y espalda ergon\u00f3mica bien acolchada y c\u00f3moda.&nbsp;<\/li>\n<li>Cintur\u00f3n de pecho ajustable, mantiene las correas ajustadas en los hombros para reducir la incomodidad del peso.<\/li>\n<li>Dise\u00f1ado para fot\u00f3grafos: Bolsillos internos especiales para guardar accesorios m\u00e1s peque\u00f1os como filtros, anillos adaptadores, etc. Bolsillo frontal oculto para el almacenamiento diario de accesorios. &nbsp;<\/li>\n<li>En los bolsillos laterales puedes guardar una botella de agua o un paraguas.<\/li>\n<\/ul>\n<p><strong>Funciones:<\/strong><\/p>\n<div class=\"tx-module-tab\" style=\"box-sizing: border-box; height: 50px; line-height: 50px; white-space: nowrap; margin-bottom: 15px; display: flex; justify-content: space-between; color: #474747; font-family: Montserrat, sans-serif; font-size: 14px;\">\n<div class=\"name\" style=\"box-sizing: border-box; color: #303030; font-size: 20px; font-weight: bold;\">&nbsp;<\/div>\n<div class=\"line\" style=\"box-sizing: border-box; clear: both;\">&nbsp;<\/div>\n<\/div>\n<div class=\"tx-desc\" style=\"box-sizing: border-box; color: #474747; font-family: Montserrat, sans-serif; font-size: 14px;\">\n<table class=\"table table-bordered\" style=\"border-spacing: 0px; width: 1142.19px; max-width: 100%; margin-bottom: 20px; border: 1px solid #dddddd; border-radius: 0px; height: 231.313px;\">\n<thead style=\"box-sizing: border-box;\">\n<tr style=\"box-sizing: border-box; height: 21.8958px;\">\n<th style=\"box-sizing: border-box; padding: 15px 10px; text-align: left; text-transform: uppercase; color: #000000; font-size: 13px; background-color: #fafafa; line-height: 1.42857; vertical-align: bottom; border-top: 0px; border-bottom: none #dddddd; border-right: 1px solid #dddddd; border-left: 1px solid #dddddd; border-image: initial; border-radius: 0px; height: 21.8958px;\" colspan=\"2\">COMPARTIMENTO PARA BOLSAS<\/th>\n<\/tr>\n<\/thead>\n<tbody style=\"box-sizing: border-box;\">\n<tr style=\"box-sizing: border-box; height: 52.3542px;\">\n<td style=\"box-sizing: border-box; padding: 15px 10px; border: 1px solid #dddddd; line-height: 1.42857; vertical-align: middle; width: 570.594px; height: 52.3542px;\">Correa de soporte de<\/td>\n<p> c\u00e1mara<\/p>\n<td style=\"box-sizing: border-box; padding: 15px 10px; border: 1px solid #dddddd; line-height: 1.42857; vertical-align: middle; height: 52.3542px;\">S\u00ed<\/td>\n<\/tr>\n<tr style=\"box-sizing: border-box; height: 52.3542px;\">\n<td style=\"box-sizing: border-box; padding: 15px 10px; border: 1px solid #dddddd; line-height: 1.42857; vertical-align: middle; width: 570.594px; height: 52.3542px;\">Carcasa de la c\u00e1mara<\/td>\n<td style=\"box-sizing: border-box; padding: 15px 10px; border: 1px solid #dddddd; line-height: 1.42857; vertical-align: middle; height: 52.3542px;\">1<\/td>\n<\/tr>\n<tr style=\"box-sizing: border-box; height: 52.3542px;\">\n<td style=\"box-sizing: border-box; padding: 15px 10px; border: 1px solid #dddddd; line-height: 1.42857; vertical-align: middle; width: 570.594px; height: 52.3542px;\">Carcasa de<\/td>\n<p> la lente<\/p>\n<td style=\"box-sizing: border-box; padding: 15px 10px; border: 1px solid #dddddd; line-height: 1.42857; vertical-align: middle; height: 52.3542px;\">4<\/td>\n<\/tr>\n<tr style=\"box-sizing: border-box; height: 52.3542px;\">\n<td style=\"box-sizing: border-box; padding: 15px 10px; border: 1px solid #dddddd; line-height: 1.42857; vertical-align: middle; border-radius: 0px; width: 570.594px; height: 52.3542px;\">Tama\u00f1o de la pantalla del compartimento<\/td>\n<p> del port\u00e1til <\/p>\n<td style=\"box-sizing: border-box; padding: 15px 10px; border: 1px solid #dddddd; line-height: 1.42857; vertical-align: middle; height: 52.3542px;\">0,40 cm (15,6 pulgadas)<\/td>\n<\/tr>\n<\/tbody>\n<\/table>\n<table class=\"table table-bordered\" style=\"border-spacing: 0px; width: 1142.19px; max-width: 100%; margin-bottom: 20px; border: 1px solid #dddddd; border-radius: 0px;\">\n<thead style=\"box-sizing: border-box;\">\n<tr style=\"box-sizing: border-box;\">\n<th style=\"box-sizing: border-box; padding: 15px 10px; text-align: left; text-transform: uppercase; color: #000000; font-size: 13px; background-color: #fafafa; line-height: 1.42857; vertical-align: bottom; border-top: 0px; border-bottom: none #dddddd; border-right: 1px solid #dddddd; border-left: 1px solid #dddddd; border-image: initial; border-radius: 0px;\" colspan=\"2\">BOLSA EXTERIOR<\/th>\n<\/tr>\n<\/thead>\n<tbody style=\"box-sizing: border-box;\">\n<tr style=\"box-sizing: border-box;\">\n<td style=\"box-sizing: border-box; padding: 15px 10px; border: 1px solid #dddddd; line-height: 1.42857; vertical-align: middle; width: 570.594px;\">Color<\/td>\n<p> exterior<\/p>\n<td style=\"box-sizing: border-box; padding: 15px 10px; border: 1px solid #dddddd; line-height: 1.42857; vertical-align: middle;\">Negro + Gris intenso<\/td>\n<\/tr>\n<tr style=\"box-sizing: border-box;\">\n<td style=\"box-sizing: border-box; padding: 15px 10px; border: 1px solid #dddddd; line-height: 1.42857; vertical-align: middle; width: 570.594px;\">Dimensiones<\/td>\n<p> exteriores<\/p>\n<td style=\"box-sizing: border-box; padding: 15px 10px; border: 1px solid #dddddd; line-height: 1.42857; vertical-align: middle;\">30x18x44cm<\/td>\n<\/tr>\n<tr style=\"box-sizing: border-box;\">\n<td style=\"box-sizing: border-box; padding: 15px 10px; border: 1px solid #dddddd; line-height: 1.42857; vertical-align: middle; width: 570.594px;\">Material<\/td>\n<p> externo<\/p>\n<td style=\"box-sizing: border-box; padding: 15px 10px; border: 1px solid #dddddd; line-height: 1.42857; vertical-align: middle;\">Poli\u00e9ster<\/td>\n<\/tr>\n<tr style=\"box-sizing: border-box;\">\n<td style=\"box-sizing: border-box; padding: 15px 10px; border: 1px solid #dddddd; line-height: 1.42857; vertical-align: middle; width: 570.594px;\">Tipo de cierre<\/td>\n<td style=\"box-sizing: border-box; padding: 15px 10px; border: 1px solid #dddddd; line-height: 1.42857; vertical-align: middle;\">Hebilla<\/td>\n<\/tr>\n<tr style=\"box-sizing: border-box;\">\n<td style=\"box-sizing: border-box; padding: 15px 10px; border: 1px solid #dddddd; line-height: 1.42857; vertical-align: middle; border-radius: 0px; width: 570.594px;\">Impermeable<\/td>\n<td style=\"box-sizing: border-box; padding: 15px 10px; border: 1px solid #dddddd; line-height: 1.42857; vertical-align: middle;\">S\u00ed<\/td>\n<\/tr>\n<\/tbody>\n<\/table>\n<table class=\"table table-bordered\" style=\"border-spacing: 0px; width: 1142.19px; max-width: 100%; margin-bottom: 20px; border: 1px solid #dddddd; border-radius: 0px;\">\n<thead style=\"box-sizing: border-box;\">\n<tr style=\"box-sizing: border-box;\">\n<th style=\"box-sizing: border-box; padding: 15px 10px; text-align: left; text-transform: uppercase; color: #000000; font-size: 13px; background-color: #fafafa; line-height: 1.42857; vertical-align: bottom; border-top: 0px; border-bottom: none #dddddd; border-right: 1px solid #dddddd; border-left: 1px solid #dddddd; border-image: initial; border-radius: 0px;\" colspan=\"2\">INTERIOR DE LA BOLSA<\/th>\n<\/tr>\n<\/thead>\n<tbody style=\"box-sizing: border-box;\">\n<tr style=\"box-sizing: border-box;\">\n<td style=\"box-sizing: border-box; padding: 15px 10px; border: 1px solid #dddddd; line-height: 1.42857; vertical-align: middle; width: 570.594px;\">Volumen m\u00e1ximo<\/td>\n<td style=\"box-sizing: border-box; padding: 15px 10px; border: 1px solid #dddddd; line-height: 1.42857; vertical-align: middle;\">20L<\/td>\n<\/tr>\n<tr style=\"box-sizing: border-box;\">\n<td style=\"box-sizing: border-box; padding: 15px 10px; border: 1px solid #dddddd; line-height: 1.42857; vertical-align: middle; border-radius: 0px; width: 570.594px;\">Peso<\/td>\n<td style=\"box-sizing: border-box; padding: 15px 10px; border: 1px solid #dddddd; line-height: 1.42857; vertical-align: middle;\">1,7 kg<\/td>\n<\/tr>\n<\/tbody>\n<\/table>\n<\/div>\n","protected":false},"excerpt":{"rendered":"<p>K&amp;F 13.087AV5 Mochila para c\u00e1mara profesional Descripci\u00f3n: Mochila de gran capacidad, aprox. 20L. En el compartimento superior puede guardar varios<\/p>\n","protected":false},"featured_media":33931,"comment_status":"closed","ping_status":"open","template":"","meta":{"_acf_changed":false},"product_brand":[2562],"product_cat":[907],"product_tag":[],"class_list":{"0":"post-72902","1":"product","2":"type-product","3":"status-publish","4":"has-post-thumbnail","6":"product_brand-kf-concept-es","7":"product_cat-mochilas-es","9":"first","10":"instock","11":"taxable","12":"shipping-taxable","13":"purchasable","14":"product-type-simple"},"bundled_by":[],"bundle_stock_status":"instock","bundle_stock_quantity":1,"bundle_virtual":false,"bundle_layout":"","bundle_add_to_cart_form_location":"","bundle_editable_in_cart":false,"bundle_sold_individually_context":"","bundle_item_grouping":"","bundle_min_size":"","bundle_max_size":"","bundle_price":[],"bundled_items":[],"bundle_sell_ids":[],"acf":[],"_links":{"self":[{"href":"https:\/\/hi-techwonder.com\/es\/wp-json\/wp\/v2\/product\/72902","targetHints":{"allow":["GET"]}}],"collection":[{"href":"https:\/\/hi-techwonder.com\/es\/wp-json\/wp\/v2\/product"}],"about":[{"href":"https:\/\/hi-techwonder.com\/es\/wp-json\/wp\/v2\/types\/product"}],"replies":[{"embeddable":true,"href":"https:\/\/hi-techwonder.com\/es\/wp-json\/wp\/v2\/comments?post=72902"}],"wp:featuredmedia":[{"embeddable":true,"href":"https:\/\/hi-techwonder.com\/es\/wp-json\/wp\/v2\/media\/33931"}],"wp:attachment":[{"href":"https:\/\/hi-techwonder.com\/es\/wp-json\/wp\/v2\/media?parent=72902"}],"wp:term":[{"taxonomy":"product_brand","embeddable":true,"href":"https:\/\/hi-techwonder.com\/es\/wp-json\/wp\/v2\/product_brand?post=72902"},{"taxonomy":"product_cat","embeddable":true,"href":"https:\/\/hi-techwonder.com\/es\/wp-json\/wp\/v2\/product_cat?post=72902"},{"taxonomy":"product_tag","embeddable":true,"href":"https:\/\/hi-techwonder.com\/es\/wp-json\/wp\/v2\/product_tag?post=72902"}],"curies":[{"name":"wp","href":"https:\/\/api.w.org\/{rel}","templated":true}]}}