{"id":72906,"date":"2025-07-29T00:07:39","date_gmt":"2025-07-29T00:07:39","guid":{"rendered":"https:\/\/fv6qoy3ls0.wpdns.site\/produto\/kf-concept-13-066v12-mochila-negra\/"},"modified":"2025-11-03T12:03:20","modified_gmt":"2025-11-03T12:03:20","slug":"kf-concept-13-066v12-mochila-negra","status":"publish","type":"product","link":"https:\/\/hi-techwonder.com\/es\/producto\/kf-concept-13-066v12-mochila-negra\/","title":{"rendered":"K&amp;F CONCEPT 13.066V12 Mochila negra"},"content":{"rendered":"<p><strong>KF13.066V12 Mochila Negra<\/strong><\/p>\n<p>Esta mochila tiene capacidad para 1 c\u00e1mara + 3 lentes + iPad de 7 a 11\u00bb+ Tr\u00edpode y otros art\u00edculos esenciales para las fotos.<\/p>\n<p>Hecho de poli\u00e9ster 600D resistente al agua y al desgarro; Revestimiento gris 210; Tablero de PE + divisor de espuma EPE, fuerte y s\u00f3lido, alivio de golpes y descompresi\u00f3n.<\/p>\n<p>El acceso trasero profesional garantiza la seguridad de su equipo, antirrobo; El acceso lateral r\u00e1pido a la derecha permite un f\u00e1cil acceso al equipo sin soltar la mochila.<\/p>\n<p>Malla de aire transpirable, correa de hombro y espalda agrandadas y engrosadas; El cintur\u00f3n de pecho ajustable mantiene las correas ajustadas en los hombros, reduce el peso y es c\u00f3modo en viajes largos.<\/p>\n<p>Funda para la lluvia incluida, antisuciedad y antipolvo, para una mayor protecci\u00f3n del equipo.<\/p>\n<p><strong>Dimensiones exteriores: 44x29x17cm<\/strong><\/p>\n","protected":false},"excerpt":{"rendered":"<p>KF13.066V12 Mochila Negra Esta mochila tiene capacidad para 1 c\u00e1mara + 3 lentes + iPad de 7 a 11\u00bb+ Tr\u00edpode<\/p>\n","protected":false},"featured_media":34093,"comment_status":"closed","ping_status":"open","template":"","meta":{"_acf_changed":false},"product_brand":[2562],"product_cat":[907],"product_tag":[],"class_list":{"0":"post-72906","1":"product","2":"type-product","3":"status-publish","4":"has-post-thumbnail","6":"product_brand-kf-concept-es","7":"product_cat-mochilas-es","9":"first","10":"instock","11":"taxable","12":"shipping-taxable","13":"purchasable","14":"product-type-simple"},"bundled_by":[],"bundle_stock_status":"instock","bundle_stock_quantity":1,"bundle_virtual":false,"bundle_layout":"","bundle_add_to_cart_form_location":"","bundle_editable_in_cart":false,"bundle_sold_individually_context":"","bundle_item_grouping":"","bundle_min_size":"","bundle_max_size":"","bundle_price":[],"bundled_items":[],"bundle_sell_ids":[],"acf":[],"_links":{"self":[{"href":"https:\/\/hi-techwonder.com\/es\/wp-json\/wp\/v2\/product\/72906","targetHints":{"allow":["GET"]}}],"collection":[{"href":"https:\/\/hi-techwonder.com\/es\/wp-json\/wp\/v2\/product"}],"about":[{"href":"https:\/\/hi-techwonder.com\/es\/wp-json\/wp\/v2\/types\/product"}],"replies":[{"embeddable":true,"href":"https:\/\/hi-techwonder.com\/es\/wp-json\/wp\/v2\/comments?post=72906"}],"wp:featuredmedia":[{"embeddable":true,"href":"https:\/\/hi-techwonder.com\/es\/wp-json\/wp\/v2\/media\/34093"}],"wp:attachment":[{"href":"https:\/\/hi-techwonder.com\/es\/wp-json\/wp\/v2\/media?parent=72906"}],"wp:term":[{"taxonomy":"product_brand","embeddable":true,"href":"https:\/\/hi-techwonder.com\/es\/wp-json\/wp\/v2\/product_brand?post=72906"},{"taxonomy":"product_cat","embeddable":true,"href":"https:\/\/hi-techwonder.com\/es\/wp-json\/wp\/v2\/product_cat?post=72906"},{"taxonomy":"product_tag","embeddable":true,"href":"https:\/\/hi-techwonder.com\/es\/wp-json\/wp\/v2\/product_tag?post=72906"}],"curies":[{"name":"wp","href":"https:\/\/api.w.org\/{rel}","templated":true}]}}