{"id":72908,"date":"2025-07-28T23:31:21","date_gmt":"2025-07-28T23:31:21","guid":{"rendered":"https:\/\/fv6qoy3ls0.wpdns.site\/produto\/jupio-cargador-socket-para-bateria-canon-lp-e8\/"},"modified":"2025-11-27T15:05:02","modified_gmt":"2025-11-27T15:05:02","slug":"jupio-cargador-socket-para-bateria-canon-lp-e8","status":"publish","type":"product","link":"https:\/\/hi-techwonder.com\/es\/producto\/jupio-cargador-socket-para-bateria-canon-lp-e8\/","title":{"rendered":"JUPIO Cargador Socket para Bater\u00eda Canon LP-E8"},"content":{"rendered":"<p style=\"text-align: justify;\"><span style=\"font-size: small;\">Esta placa enchufable se utiliza para cargar los modelos de bater\u00eda que se enumeran a continuaci\u00f3n a trav\u00e9s del <a href=\"https:\/\/www.hi-techwonder.com\/jupio-carregador-universal-conversivel\">cargador enchufable convertible universal Jupio<\/a>. Para hacer esto, coloque el enchufe en el cargador, con\u00e9ctelo a la red el\u00e9ctrica y luego coloque la bater\u00eda en la base. <\/span><\/p>\n<p style=\"text-align: justify;\"><span style=\"font-size: small;\"> <\/span><\/p>\n<p style=\"text-align: justify;\"><span style=\"font-size: small;\"> <\/span><\/p>\n<p style=\"text-align: justify;\"><span style=\"font-size: small;\"> <\/span><\/p>\n<p style=\"text-align: justify;\"><span style=\"font-size: small;\">&nbsp;<\/span><\/p>\n<p style=\"text-align: justify;\"><span style=\"font-size: small;\"> <\/span><\/p>\n<p style=\"text-align: justify;\"><span style=\"font-size: small;\"> <\/span><\/p>\n<p style=\"text-align: justify;\"><span style=\"font-size: small;\"> <\/span><\/p>\n<p style=\"text-align: justify;\"><span style=\"font-size: small;\"><span style=\"text-decoration: underline;\"><strong>Esta placa de clip es adecuada para las siguientes bater\u00edas<\/strong>:<br \/><\/span><\/span><\/p>\n<p style=\"text-align: justify;\"><span style=\"font-size: small;\"> <\/span><\/p>\n<p style=\"text-align: justify;\"><span style=\"font-size: small;\"> <\/span><\/p>\n<p style=\"text-align: justify;\"><span style=\"font-size: small;\"> <\/span><\/p>\n<ul style=\"text-align: justify;\">\n<li><span style=\"font-size: small;\">Canon LP-E8<br \/><\/span><\/li>\n<\/ul>\n<p style=\"text-align: justify;\"><span style=\"font-size: small;\"> <\/span><\/p>\n<p style=\"text-align: justify;\"><span style=\"font-size: small;\"> <\/span><\/p>\n<p style=\"text-align: justify;\"><span style=\"font-size: small;\"> <\/span><\/p>\n<p style=\"text-align: justify;\"><span style=\"font-size: small;\"><br \/><\/span> <span style=\"font-size: small;\"><span style=\"text-decoration: underline;\"><strong>Nota<\/strong>: Atenci\u00f3n, ya que la placa de montaje es espec\u00edfica para los modelos de bater\u00eda indicados anteriormente, \u00a1no funciona para otros modelos!<br \/><\/span><\/span> <span style=\"font-size: small;\"><br \/><span style=\"text-decoration: underline;\"><strong>Contenido del paquete<\/strong>:<br \/><\/span><\/span><\/p>\n<p style=\"text-align: justify;\"><span style=\"font-size: small;\"> <\/span><\/p>\n<p style=\"text-align: justify;\"><span style=\"font-size: small;\"> <\/span><\/p>\n<p style=\"text-align: justify;\"><span style=\"font-size: small;\"> <\/span><\/p>\n<ul style=\"text-align: justify;\">\n<li style=\"text-align: justify;\"><span style=\"font-size: small;\">1x Enchufe de cargador Jupio para bater\u00edas Canon LP-E8<\/span><\/li>\n<\/ul>\n","protected":false},"excerpt":{"rendered":"<p>Esta placa enchufable se utiliza para cargar los modelos de bater\u00eda que se enumeran a continuaci\u00f3n a trav\u00e9s del cargador<\/p>\n","protected":false},"featured_media":23259,"comment_status":"closed","ping_status":"closed","template":"","meta":{"_acf_changed":false},"product_brand":[2571],"product_cat":[867],"product_tag":[],"class_list":{"0":"post-72908","1":"product","2":"type-product","3":"status-publish","4":"has-post-thumbnail","6":"product_brand-jupio-es","7":"product_cat-canon-cargadores","9":"first","10":"instock","11":"taxable","12":"shipping-taxable","13":"purchasable","14":"product-type-simple"},"bundled_by":[],"bundle_stock_status":"instock","bundle_stock_quantity":1,"bundle_virtual":false,"bundle_layout":"","bundle_add_to_cart_form_location":"","bundle_editable_in_cart":false,"bundle_sold_individually_context":"","bundle_item_grouping":"","bundle_min_size":"","bundle_max_size":"","bundle_price":[],"bundled_items":[],"bundle_sell_ids":[],"acf":[],"_links":{"self":[{"href":"https:\/\/hi-techwonder.com\/es\/wp-json\/wp\/v2\/product\/72908","targetHints":{"allow":["GET"]}}],"collection":[{"href":"https:\/\/hi-techwonder.com\/es\/wp-json\/wp\/v2\/product"}],"about":[{"href":"https:\/\/hi-techwonder.com\/es\/wp-json\/wp\/v2\/types\/product"}],"replies":[{"embeddable":true,"href":"https:\/\/hi-techwonder.com\/es\/wp-json\/wp\/v2\/comments?post=72908"}],"wp:featuredmedia":[{"embeddable":true,"href":"https:\/\/hi-techwonder.com\/es\/wp-json\/wp\/v2\/media\/23259"}],"wp:attachment":[{"href":"https:\/\/hi-techwonder.com\/es\/wp-json\/wp\/v2\/media?parent=72908"}],"wp:term":[{"taxonomy":"product_brand","embeddable":true,"href":"https:\/\/hi-techwonder.com\/es\/wp-json\/wp\/v2\/product_brand?post=72908"},{"taxonomy":"product_cat","embeddable":true,"href":"https:\/\/hi-techwonder.com\/es\/wp-json\/wp\/v2\/product_cat?post=72908"},{"taxonomy":"product_tag","embeddable":true,"href":"https:\/\/hi-techwonder.com\/es\/wp-json\/wp\/v2\/product_tag?post=72908"}],"curies":[{"name":"wp","href":"https:\/\/api.w.org\/{rel}","templated":true}]}}