{"id":72938,"date":"2025-07-29T09:09:48","date_gmt":"2025-07-29T09:09:48","guid":{"rendered":"https:\/\/fv6qoy3ls0.wpdns.site\/produto\/filtro-nd-mc-variable-kf-concept-nd8-2000-3-11-paradas-37mm\/"},"modified":"2026-04-22T17:30:22","modified_gmt":"2026-04-22T16:30:22","slug":"kf-concept-filtro-nd-mc-variable-kf-concept-nd8-2000-3-11-paradas-37mm","status":"publish","type":"product","link":"https:\/\/hi-techwonder.com\/es\/producto\/kf-concept-filtro-nd-mc-variable-kf-concept-nd8-2000-3-11-paradas-37mm\/","title":{"rendered":"Filtro ND MC variable K&amp;F CONCEPT ND8-2000 (3-11 paradas) 37mm"},"content":{"rendered":"<p><strong>K&amp;F CONCEPT Filtro ND MC variable ND8-2000 (3-11 paradas) (A)-Series 37mm<\/strong><\/p>\n<p><strong>Contenido del paquete:<\/strong><\/p>\n<ul>\n<li>1 filtro ND variable ND8-2000 de 37 mm<\/li>\n<\/ul>\n<p><strong>Funciones:<\/strong><\/p>\n<ul>\n<li>Filtro circular de densidad neutra variable<\/li>\n<li>Filtro ND8-2000 variable, reduce la entrada de luz de 3 a 11 paradas<\/li>\n<li>Permite una apertura m\u00e1s amplia<\/li>\n<li>Mayor control sobre los ajustes de exposici\u00f3n<\/li>\n<li>Recubrimiento multicapa<\/li>\n<li>Revestimiento antiincrustante<\/li>\n<li>Anillo de marco de aluminio ultrafino<\/li>\n<li>Repelente al agua, f\u00e1cil de mantener limpio el filtro<\/li>\n<\/ul>\n<p><strong>ND8-ND2000<\/strong><\/p>\n<p>Fabricado con vidrio de \u00faltima generaci\u00f3n de Japan Optics, cuenta con un anillo giratorio que var\u00eda la limitaci\u00f3n de la cantidad de luz, de 3 a 11 puntos, sin afectar el balance de color.<\/p>\n<p><strong>Revestimiento verde multirresistente<\/strong><\/p>\n<p>Su revestimiento verde de 18 capas ayuda a repeler el agua y el polvo, as\u00ed como a reducir la cantidad de luz que llega al sensor de la c\u00e1mara, lo que le brinda la oportunidad de experimentar con diferentes posibilidades creativas.<\/p>\n<p><strong>Ultra<\/strong><\/p>\n<p>El marco del filtro es s\u00faper liviano y mide solo 7,5 mm, lo que ayuda a evitar vi\u00f1eteados no deseados.<\/p>\n<p>Los filtros ND permiten utilizar velocidades de obturaci\u00f3n lentas en entornos luminosos, para suavizar el movimiento, en sujetos como cascadas, proporcionando un efecto suave como la seda al agua, las nubes, etc.<\/p>\n<p>Reduce la cantidad de luz que ingresa a la lente al reducir la velocidad de obturaci\u00f3n de la c\u00e1mara.<\/p>\n<p>\u00datil para situaciones en las que es necesario crear desenfoque de movimiento o se deben usar grandes aperturas con flash para evitar la sobreexposici\u00f3n.<\/p>\n<p>Este filtro es compatible con todos los objetivos de 37 mm. Verifique y confirme el tama\u00f1o de rosca de la lente de su c\u00e1mara, generalmente etiquetado en el cilindro de la lente o impreso en el interior de la tapa de la lente. <\/p>\n<p><strong>Caracter\u00edsticas t\u00e9cnicas:<\/strong><\/p>\n<table border=\"0\" width=\"480\" cellspacing=\"0\" cellpadding=\"2\">\n<colgroup>\n<col width=\"223\">\n<col width=\"249\"><\/colgroup>\n<tbody>\n<tr>\n<td width=\"223\"><span style=\"color: #666666\"><span style=\"font-size: medium\">Marca<\/span><\/span><\/td>\n<td width=\"249\"><span style=\"color: #666666\"><span style=\"font-size: medium\">Concepto K&amp;F<\/span><\/span><\/td>\n<\/tr>\n<tr>\n<td width=\"223\"><span style=\"color: #666666\"><span style=\"font-size: medium\">Referencia de<\/span><\/span><\/td>\n<p> marca<\/p>\n<td width=\"249\"><span style=\"color: #666666\">KF01.1349<\/span><\/td>\n<\/tr>\n<tr>\n<td width=\"223\"><span style=\"color: #666666\"><span style=\"font-size: medium\">Tipo<\/span><\/span><\/td>\n<p> de filtro<\/p>\n<td width=\"249\"><span style=\"color: #666666\"><span style=\"font-size: medium\">ND variable<\/span><\/span><\/td>\n<\/tr>\n<tr>\n<td width=\"223\"><span style=\"color: #666666\"><span style=\"font-size: medium\">Paradas<\/span><\/span><\/td>\n<td width=\"249\"><span style=\"color: #666666\"><span style=\"font-size: medium\">3 a 11 paradas<\/span><\/span><\/td>\n<\/tr>\n<tr>\n<td width=\"223\"><span style=\"color: #666666\"><span style=\"font-size: medium\">Formato<\/span><\/span><\/td>\n<td width=\"249\"><span style=\"color: #666666\"><span style=\"font-size: medium\">Circular<\/span><\/span><\/td>\n<\/tr>\n<tr>\n<td width=\"223\"><span style=\"color: #666666\"><span style=\"font-size: medium\">Di\u00e1metro<\/span><\/span><\/td>\n<td width=\"249\"><span style=\"color: #666666\">37 mil\u00edmetros<\/span><\/td>\n<\/tr>\n<tr>\n<td width=\"223\"><span style=\"color: #666666\"><span style=\"font-size: medium\">Rotativo<\/span><\/span><\/td>\n<td width=\"249\"><span style=\"color: #666666\"><span style=\"font-size: medium\">S\u00ed, roscado<\/span><\/span><\/td>\n<\/tr>\n<tr>\n<td width=\"223\"><span style=\"color: #666666\"><span style=\"font-size: medium\">Espesor del<\/span><\/span><\/td>\n<p> filtro<\/p>\n<td width=\"249\"><span style=\"color: #666666\"><span style=\"font-size: medium\">7,5 mil\u00edmetros<\/span><\/span><\/td>\n<\/tr>\n<tr>\n<td width=\"223\"><span style=\"color: #666666\"><span style=\"font-size: medium\">Material<\/span><\/span><\/td>\n<p> filtrante<\/p>\n<td width=\"249\"><span style=\"color: #666666\"><span style=\"font-size: medium\">Vidrio<\/span><\/span><\/td>\n<\/tr>\n<tr>\n<td width=\"223\"><span style=\"color: #666666\"><span style=\"font-size: medium\">Material del anillo<\/span><\/span><\/td>\n<td width=\"249\"><span style=\"color: #666666\"><span style=\"font-size: medium\">Aluminio<br \/><\/span><\/span><\/td>\n<\/tr>\n<\/tbody>\n<\/table>\n","protected":false},"excerpt":{"rendered":"<p>K&amp;F CONCEPT Filtro ND MC variable ND8-2000 (3-11 paradas) (A)-Series 37mm Contenido del paquete: 1 filtro ND variable ND8-2000 de<\/p>\n","protected":false},"featured_media":45523,"comment_status":"closed","ping_status":"closed","template":"","meta":{"_acf_changed":false},"product_brand":[2562],"product_cat":[1047],"product_tag":[],"class_list":{"0":"post-72938","1":"product","2":"type-product","3":"status-publish","4":"has-post-thumbnail","6":"product_brand-kf-concept-es","7":"product_cat-densidad-neutra-nd","8":"pa_diametro-37mm-es","10":"first","11":"instock","12":"taxable","13":"shipping-taxable","14":"purchasable","15":"product-type-simple"},"bundled_by":[],"bundle_stock_status":"instock","bundle_stock_quantity":4,"bundle_virtual":false,"bundle_layout":"","bundle_add_to_cart_form_location":"","bundle_editable_in_cart":false,"bundle_sold_individually_context":"","bundle_item_grouping":"","bundle_min_size":"","bundle_max_size":"","bundle_price":[],"bundled_items":[],"bundle_sell_ids":[],"acf":[],"_links":{"self":[{"href":"https:\/\/hi-techwonder.com\/es\/wp-json\/wp\/v2\/product\/72938","targetHints":{"allow":["GET"]}}],"collection":[{"href":"https:\/\/hi-techwonder.com\/es\/wp-json\/wp\/v2\/product"}],"about":[{"href":"https:\/\/hi-techwonder.com\/es\/wp-json\/wp\/v2\/types\/product"}],"replies":[{"embeddable":true,"href":"https:\/\/hi-techwonder.com\/es\/wp-json\/wp\/v2\/comments?post=72938"}],"wp:featuredmedia":[{"embeddable":true,"href":"https:\/\/hi-techwonder.com\/es\/wp-json\/wp\/v2\/media\/45523"}],"wp:attachment":[{"href":"https:\/\/hi-techwonder.com\/es\/wp-json\/wp\/v2\/media?parent=72938"}],"wp:term":[{"taxonomy":"product_brand","embeddable":true,"href":"https:\/\/hi-techwonder.com\/es\/wp-json\/wp\/v2\/product_brand?post=72938"},{"taxonomy":"product_cat","embeddable":true,"href":"https:\/\/hi-techwonder.com\/es\/wp-json\/wp\/v2\/product_cat?post=72938"},{"taxonomy":"product_tag","embeddable":true,"href":"https:\/\/hi-techwonder.com\/es\/wp-json\/wp\/v2\/product_tag?post=72938"}],"curies":[{"name":"wp","href":"https:\/\/api.w.org\/{rel}","templated":true}]}}