{"id":72948,"date":"2025-07-29T10:03:49","date_gmt":"2025-07-29T10:03:49","guid":{"rendered":"https:\/\/fv6qoy3ls0.wpdns.site\/produto\/iluminador-led-rgb-kf-concept\/"},"modified":"2026-01-31T01:49:25","modified_gmt":"2026-01-31T01:49:25","slug":"kf-concept-iluminador-led-rgb-kf-concept","status":"publish","type":"product","link":"https:\/\/hi-techwonder.com\/es\/producto\/kf-concept-iluminador-led-rgb-kf-concept\/","title":{"rendered":"Iluminador LED RGB K&amp;F CONCEPT"},"content":{"rendered":"<p><strong>T\u00edtulo:<\/strong> Iluminador LED RGB K&amp;F CONCEPT \u2013 Versatilidad y precisi\u00f3n en iluminaci\u00f3n de fotos y videos<\/p>\n<hr>\n<p><strong>Funciones<\/strong><\/p>\n<ul>\n<li><strong>Dise\u00f1o profesional<\/strong>: Equipado con 60 LED de alta calidad, incluidos 20 LED blancos, 20 LED de luz c\u00e1lida y 20 LED RGB. Con un CRI de 96+, proporciona una reproducci\u00f3n de color realista, ideal para selfies, vlogs, retratos, bodegones, fiestas y m\u00e1s. <\/li>\n<li><strong>Dos modos de iluminaci\u00f3n<\/strong>:\n<ul>\n<li><strong>Modo CCT<\/strong>: ajuste de temperatura de color de 2500K a 9900K y control continuo de brillo de 1-100%.<\/li>\n<li><strong>Modo HSI<\/strong>: Ajuste de tono de 0\u00b0 a 360\u00b0 y control de saturaci\u00f3n para crear efectos variados.<\/li>\n<\/ul>\n<\/li>\n<li><strong>21 modos de efectos de iluminaci\u00f3n<\/strong>: Permite simular diferentes atm\u00f3sferas y escenarios, aportando creatividad y diversi\u00f3n a la iluminaci\u00f3n de v\u00eddeos y fotograf\u00edas.<\/li>\n<li><strong>Pantalla LCD integrada<\/strong>: muestra claramente los par\u00e1metros actuales, lo que facilita ajustes precisos durante el uso.<\/li>\n<li><strong>M\u00faltiples m\u00e9todos de instalaci\u00f3n<\/strong>:\n<ul>\n<li>Dos orificios para tornillos de 1\/4&#8243; para montar en soportes de luz.<\/li>\n<li>Compatible con adaptadores de zapata fr\u00eda para instalaci\u00f3n directa en c\u00e1maras.<\/li>\n<li>Base magn\u00e9tica para fijaci\u00f3n en superficies met\u00e1licas.<\/li>\n<li>Orificio para el cable, lo que le permite colgarlo en su mu\u00f1eca o guardarlo convenientemente.<\/li>\n<\/ul>\n<\/li>\n<\/ul>\n<hr>\n<p><strong>Contenido del paquete<\/strong><\/p>\n<ul>\n<li>1 Un. Iluminador LED RGB K&amp;F CONCEPT &#8211; Negro <\/li>\n<\/ul>\n<hr>\n<p><strong>Especificaciones t\u00e9cnicas<\/strong><\/p>\n<ul>\n<li><strong>Amperaje<\/strong>: 2000mAh<\/li>\n<li><strong>Ajuste de brillo<\/strong>: continuo 0-100%<\/li>\n<li><strong>\u00cdndice de reproducci\u00f3n crom\u00e1tica (CRI):<\/strong> 96+<\/li>\n<li><strong>N\u00famero de LED:<\/strong> 60 (20 blancos, 20 de luz c\u00e1lida, 20 RGB)<\/li>\n<li><strong>Temperatura de color<\/strong>: 2500K &#8211; 9900K<\/li>\n<\/ul>\n<hr>\n<p><strong>Informaci\u00f3n adicional<\/strong><br \/>\nNota: Im\u00e1genes ilustrativas. Equipo adicional no incluido. Consulte el contenido y las especificaciones del paquete para obtener m\u00e1s detalles.  <\/p>\n","protected":false},"excerpt":{"rendered":"<p>T\u00edtulo: Iluminador LED RGB K&amp;F CONCEPT \u2013 Versatilidad y precisi\u00f3n en iluminaci\u00f3n de fotos y videos Funciones Dise\u00f1o profesional: Equipado<\/p>\n","protected":false},"featured_media":57827,"comment_status":"closed","ping_status":"open","template":"","meta":{"_acf_changed":false},"product_brand":[2562],"product_cat":[994],"product_tag":[],"class_list":{"0":"post-72948","1":"product","2":"type-product","3":"status-publish","4":"has-post-thumbnail","6":"product_brand-kf-concept-es","7":"product_cat-compactos-es","9":"first","10":"pre-order","11":"taxable","12":"shipping-taxable","13":"purchasable","14":"product-type-simple"},"bundled_by":[],"bundle_stock_status":"pre-order","bundle_stock_quantity":0,"bundle_virtual":false,"bundle_layout":"","bundle_add_to_cart_form_location":"","bundle_editable_in_cart":false,"bundle_sold_individually_context":"","bundle_item_grouping":"","bundle_min_size":"","bundle_max_size":"","bundle_price":[],"bundled_items":[],"bundle_sell_ids":[],"acf":[],"_links":{"self":[{"href":"https:\/\/hi-techwonder.com\/es\/wp-json\/wp\/v2\/product\/72948","targetHints":{"allow":["GET"]}}],"collection":[{"href":"https:\/\/hi-techwonder.com\/es\/wp-json\/wp\/v2\/product"}],"about":[{"href":"https:\/\/hi-techwonder.com\/es\/wp-json\/wp\/v2\/types\/product"}],"replies":[{"embeddable":true,"href":"https:\/\/hi-techwonder.com\/es\/wp-json\/wp\/v2\/comments?post=72948"}],"wp:featuredmedia":[{"embeddable":true,"href":"https:\/\/hi-techwonder.com\/es\/wp-json\/wp\/v2\/media\/57827"}],"wp:attachment":[{"href":"https:\/\/hi-techwonder.com\/es\/wp-json\/wp\/v2\/media?parent=72948"}],"wp:term":[{"taxonomy":"product_brand","embeddable":true,"href":"https:\/\/hi-techwonder.com\/es\/wp-json\/wp\/v2\/product_brand?post=72948"},{"taxonomy":"product_cat","embeddable":true,"href":"https:\/\/hi-techwonder.com\/es\/wp-json\/wp\/v2\/product_cat?post=72948"},{"taxonomy":"product_tag","embeddable":true,"href":"https:\/\/hi-techwonder.com\/es\/wp-json\/wp\/v2\/product_tag?post=72948"}],"curies":[{"name":"wp","href":"https:\/\/api.w.org\/{rel}","templated":true}]}}