{"id":72950,"date":"2025-07-29T10:23:00","date_gmt":"2025-07-29T10:23:00","guid":{"rendered":"https:\/\/fv6qoy3ls0.wpdns.site\/produto\/kf-concept-gd-3w-cabezal-de-3-ejes-de-aluminio\/"},"modified":"2025-07-29T10:23:00","modified_gmt":"2025-07-29T10:23:00","slug":"kf-concept-gd-3w-cabezal-de-3-ejes-de-aluminio","status":"publish","type":"product","link":"https:\/\/hi-techwonder.com\/es\/producto\/kf-concept-gd-3w-cabezal-de-3-ejes-de-aluminio\/","title":{"rendered":"K&amp;F CONCEPT GD-3W Cabezal de 3 ejes de aluminio"},"content":{"rendered":"<h3>K&amp;F CONCEPT GD-3W Cabezal de 3 ejes de aluminio<\/h3>\n<p>El cabezal de aluminio de 3 ejes K&amp;F Concept GD-3W est\u00e1 equipado con perillas microm\u00e9tricas de alta precisi\u00f3n para controlar el movimiento independiente de 3 maneras, con escala de \u00e1ngulo en cada perilla. Esto permite un ajuste fino del engranaje, que asociado a una excelente amortiguaci\u00f3n, asegura la composici\u00f3n de posicionamiento en un solo paso, mejorando la eficiencia del disparo. <\/p>\n<p>Construido con aleaci\u00f3n de aluminio de alta calidad y proceso CNC de precisi\u00f3n, el cuerpo es duradero y preciso de usar, y puede soportar hasta 6 kg de equipo. Es muy compacto y ligero, con solo 115 mm de altura y 140 mm de ancho, y 900 g de peso. <\/p>\n<p>F\u00e1cil, r\u00e1pido, vers\u00e1til, perfecto para capturar la naturaleza, la fotograf\u00eda de cielo estrellado, la fotograf\u00eda comercial, etc., ideal para una variedad de escenas fotogr\u00e1ficas exigentes.<\/p>\n<p>La parte inferior de la cabeza tiene un orificio de tornillo est\u00e1ndar de 3\/8&#8243;, que se puede aplicar ampliamente a varios tr\u00edpodes profesionales; y tambi\u00e9n viene con una placa de liberaci\u00f3n r\u00e1pida de tornillo extra\u00edble de 1\/4 de pulgada, que es adecuada para c\u00e1maras SLR y Mirrorless.<\/p>\n<h2 class=\"western\" style=\"box-sizing: border-box; color: #4b4b4b; font-family: 'open sans', sans-serif; text-align: justify;\">Caracter\u00edsticas t\u00e9cnicas:<\/h2>\n<table style=\"width: 1934.85px; color: #4b4b4b; font-family: 'open sans', sans-serif; font-size: 14.4px; text-align: justify; height: 220px;\" border=\"0\" width=\"100%\" cellspacing=\"0\" cellpadding=\"2\">\n<colgroup style=\"box-sizing: border-box;\">\n<col style=\"box-sizing: border-box;\" width=\"106*\">\n<col style=\"box-sizing: border-box;\" width=\"150*\"><\/colgroup>\n<tbody style=\"box-sizing: border-box;\">\n<tr style=\"box-sizing: border-box; height: 22px;\">\n<td style=\"box-sizing: border-box; height: 22px;\" width=\"42%\">Tipo de cabeza:<\/td>\n<td style=\"box-sizing: border-box; height: 22px;\" width=\"58%\">3 v\u00edas<\/td>\n<\/tr>\n<tr style=\"box-sizing: border-box; height: 22px;\">\n<td style=\"box-sizing: border-box; height: 22px;\" width=\"42%\">Montaje en base:<\/td>\n<td style=\"box-sizing: border-box; height: 22px;\" width=\"58%\">3\/8&#8243;<\/td>\n<\/tr>\n<tr style=\"box-sizing: border-box; height: 22px;\">\n<td style=\"box-sizing: border-box; height: 22px;\" width=\"42%\">Montaje de la c\u00e1mara:<\/td>\n<td style=\"box-sizing: border-box; height: 22px;\" width=\"58%\">1\/4&#8243; Macho<\/td>\n<\/tr>\n<tr style=\"box-sizing: border-box; height: 22px;\">\n<td style=\"box-sizing: border-box; height: 22px;\" width=\"42%\">Tipo de plato:<\/td>\n<td style=\"box-sizing: border-box; height: 22px;\" width=\"58%\">Arca suiza <\/td>\n<\/tr>\n<tr style=\"box-sizing: border-box; height: 22px;\">\n<td style=\"box-sizing: border-box; height: 22px;\" width=\"42%\">Capacidad:<\/td>\n<td style=\"box-sizing: border-box; height: 22px;\" width=\"58%\">6 kg<\/td>\n<\/tr>\n<tr style=\"box-sizing: border-box; height: 22px;\">\n<td style=\"box-sizing: border-box; height: 22px;\" width=\"42%\">N\u00famero de niveles de burbuja:<\/td>\n<td style=\"box-sizing: border-box; height: 22px;\" width=\"58%\">1<\/td>\n<\/tr>\n<tr style=\"box-sizing: border-box; height: 22px;\">\n<td style=\"box-sizing: border-box; height: 22px;\" width=\"42%\">Peso:<\/td>\n<td style=\"box-sizing: border-box; height: 22px;\" width=\"58%\">900 gramos<\/td>\n<\/tr>\n<\/tbody>\n<\/table>\n","protected":false},"excerpt":{"rendered":"<p>K&amp;F CONCEPT GD-3W Cabezal de 3 ejes de aluminio El cabezal de aluminio de 3 ejes K&amp;F Concept GD-3W est\u00e1<\/p>\n","protected":false},"featured_media":62468,"comment_status":"closed","ping_status":"open","template":"","meta":{"_acf_changed":false},"product_brand":[2562],"product_cat":[1074],"product_tag":[],"class_list":{"0":"post-72950","1":"product","2":"type-product","3":"status-publish","4":"has-post-thumbnail","6":"product_brand-kf-concept-es","7":"product_cat-3-way","9":"first","10":"outofstock","11":"taxable","12":"shipping-taxable","13":"purchasable","14":"product-type-simple"},"bundled_by":[],"bundle_stock_status":"outofstock","bundle_stock_quantity":0,"bundle_virtual":false,"bundle_layout":"","bundle_add_to_cart_form_location":"","bundle_editable_in_cart":false,"bundle_sold_individually_context":"","bundle_item_grouping":"","bundle_min_size":"","bundle_max_size":"","bundle_price":[],"bundled_items":[],"bundle_sell_ids":[],"acf":[],"_links":{"self":[{"href":"https:\/\/hi-techwonder.com\/es\/wp-json\/wp\/v2\/product\/72950","targetHints":{"allow":["GET"]}}],"collection":[{"href":"https:\/\/hi-techwonder.com\/es\/wp-json\/wp\/v2\/product"}],"about":[{"href":"https:\/\/hi-techwonder.com\/es\/wp-json\/wp\/v2\/types\/product"}],"replies":[{"embeddable":true,"href":"https:\/\/hi-techwonder.com\/es\/wp-json\/wp\/v2\/comments?post=72950"}],"wp:featuredmedia":[{"embeddable":true,"href":"https:\/\/hi-techwonder.com\/es\/wp-json\/wp\/v2\/media\/62468"}],"wp:attachment":[{"href":"https:\/\/hi-techwonder.com\/es\/wp-json\/wp\/v2\/media?parent=72950"}],"wp:term":[{"taxonomy":"product_brand","embeddable":true,"href":"https:\/\/hi-techwonder.com\/es\/wp-json\/wp\/v2\/product_brand?post=72950"},{"taxonomy":"product_cat","embeddable":true,"href":"https:\/\/hi-techwonder.com\/es\/wp-json\/wp\/v2\/product_cat?post=72950"},{"taxonomy":"product_tag","embeddable":true,"href":"https:\/\/hi-techwonder.com\/es\/wp-json\/wp\/v2\/product_tag?post=72950"}],"curies":[{"name":"wp","href":"https:\/\/api.w.org\/{rel}","templated":true}]}}