{"id":72956,"date":"2025-07-29T10:34:53","date_gmt":"2025-07-29T10:34:53","guid":{"rendered":"https:\/\/fv6qoy3ls0.wpdns.site\/produto\/tripode-kf-concept-k254a3-con-monopie-cabeza-de-varilla\/"},"modified":"2026-02-23T17:37:29","modified_gmt":"2026-02-23T17:37:29","slug":"kf-concept-tripode-kf-concept-k254a3-con-monopie-cabeza-de-varilla","status":"publish","type":"product","link":"https:\/\/hi-techwonder.com\/es\/producto\/kf-concept-tripode-kf-concept-k254a3-con-monopie-cabeza-de-varilla\/","title":{"rendered":"Tr\u00edpode K&amp;F CONCEPT K254A3 (Con Monopie) + Cabeza de Varilla"},"content":{"rendered":"<p><strong>Tr\u00edpode de aleaci\u00f3n de aluminio <\/strong><strong>K&amp;F CONCEPT K254A3 <\/strong><strong>(con monopie)<\/strong><strong> + cabeza de varilla BH-28L<\/strong><\/p>\n<p><strong>KF09.089V1<\/strong><\/p>\n<p><iframe loading=\"lazy\" src=\"https:\/\/www.youtube.com\/embed\/V--VonPGhBs\" width=\"560\" height=\"314\" allowfullscreen=\"allowfullscreen\"><\/iframe><\/p>\n<p><strong>Contenido del paquete:<\/strong><\/p>\n<ul>\n<li>1 x Tr\u00edpode de aleaci\u00f3n de aluminio K254A3 (con monopie)<\/li>\n<li>1 x R\u00f3tula esf\u00e9rica BH-28L<\/li>\n<li>1 x Zapata Arca-Swiss<\/li>\n<li>1 x Llave hexagonal<\/li>\n<li>1 x bolsa de transporte<\/li>\n<\/ul>\n<p><strong>Caracter\u00edsticas t\u00e9cnicas:<\/strong><\/p>\n<table style=\"height: 200px\" border=\"0\" width=\"602\" cellspacing=\"0\" cellpadding=\"2\">\n<colgroup>\n<col style=\"width: 234px\" width=\"231\">\n<col style=\"width: 366px\" width=\"363\"><\/colgroup>\n<tbody>\n<tr style=\"height: 20px\">\n<td style=\"height: 20px\"><span style=\"color: #4d4d4d\">Referencia de marca:<\/span><\/td>\n<td style=\"height: 20px\">KF09.089V1<\/td>\n<\/tr>\n<tr style=\"height: 20px\">\n<td style=\"height: 20px\" width=\"231\"> <span style=\"color: #4d4d4d\">Modelo: <\/span><\/td>\n<td style=\"height: 20px\" width=\"363\">K254A3<\/td>\n<\/tr>\n<tr style=\"height: 20px\">\n<td style=\"height: 20px\" width=\"231\"> <span style=\"color: #4d4d4d\">Material: <\/span><\/td>\n<td style=\"height: 20px\" width=\"363\"> <span style=\"color: #4d4d4d\">Aleaci\u00f3n de aluminio <\/span><\/td>\n<\/tr>\n<tr style=\"height: 20px\">\n<td style=\"height: 20px\" width=\"231\"> <span style=\"color: #4d4d4d\">Tipo de cabeza: <\/span><\/td>\n<td style=\"height: 20px\" width=\"363\"> <span style=\"color: #4d4d4d\">Ball Head &#8211; Zapato Arca-Swiss<\/span><\/td>\n<\/tr>\n<tr style=\"height: 20px\">\n<td style=\"height: 20px\" width=\"231\"> <span style=\"color: #4d4d4d\">Secciones: <\/span><\/td>\n<td style=\"height: 20px\" width=\"363\"> <span style=\"color: #4d4d4d\">4 secciones <\/span><\/td>\n<\/tr>\n<tr style=\"height: 20px\">\n<td style=\"height: 20px\" width=\"231\"> <span style=\"color: #4d4d4d\">Altura m\u00e1xima: <\/span><\/td>\n<td style=\"height: 20px\" width=\"363\">175 cm<\/td>\n<\/tr>\n<tr style=\"height: 20px\">\n<td style=\"height: 20px\"><span style=\"color: #4d4d4d\">Altura<\/span><\/td>\n<p> m\u00ednima<\/p>\n<td style=\"height: 20px\">56 cm<\/td>\n<\/tr>\n<tr style=\"height: 20px\">\n<td style=\"height: 20px\" width=\"231\"> <span style=\"color: #4d4d4d\">Dimensiones contra\u00eddas: <\/span><\/td>\n<td style=\"height: 20px\" width=\"363\"><span style=\"color: #4d4d4d\">44 cm <\/span><\/td>\n<\/tr>\n<tr style=\"height: 20px\">\n<td style=\"height: 20px\" width=\"231\"> <span style=\"color: #4d4d4d\">Capacidad de carga: <\/span><\/td>\n<td style=\"height: 20px\" width=\"363\"> <span style=\"color: #4d4d4d\">10 kg <\/span><\/td>\n<\/tr>\n<tr style=\"height: 20px\">\n<td style=\"height: 20px\" width=\"231\"> <span style=\"color: #4d4d4d\">Peso: <\/span><\/td>\n<td style=\"height: 20px\" width=\"363\">1.500 kg<\/td>\n<\/tr>\n<\/tbody>\n<\/table>\n","protected":false},"excerpt":{"rendered":"<p>Tr\u00edpode de aleaci\u00f3n de aluminio K&amp;F CONCEPT K254A3 (con monopie) + cabeza de varilla BH-28L KF09.089V1 Contenido del paquete: 1<\/p>\n","protected":false},"featured_media":64962,"comment_status":"closed","ping_status":"open","template":"","meta":{"_acf_changed":false},"product_brand":[2562],"product_cat":[1092],"product_tag":[],"class_list":{"0":"post-72956","1":"product","2":"type-product","3":"status-publish","4":"has-post-thumbnail","6":"product_brand-kf-concept-es","7":"product_cat-kits-foto-es","9":"first","10":"outofstock","11":"taxable","12":"shipping-taxable","13":"purchasable","14":"product-type-simple"},"bundled_by":[],"bundle_stock_status":"outofstock","bundle_stock_quantity":null,"bundle_virtual":false,"bundle_layout":"","bundle_add_to_cart_form_location":"","bundle_editable_in_cart":false,"bundle_sold_individually_context":"","bundle_item_grouping":"","bundle_min_size":"","bundle_max_size":"","bundle_price":[],"bundled_items":[],"bundle_sell_ids":[],"acf":[],"_links":{"self":[{"href":"https:\/\/hi-techwonder.com\/es\/wp-json\/wp\/v2\/product\/72956","targetHints":{"allow":["GET"]}}],"collection":[{"href":"https:\/\/hi-techwonder.com\/es\/wp-json\/wp\/v2\/product"}],"about":[{"href":"https:\/\/hi-techwonder.com\/es\/wp-json\/wp\/v2\/types\/product"}],"replies":[{"embeddable":true,"href":"https:\/\/hi-techwonder.com\/es\/wp-json\/wp\/v2\/comments?post=72956"}],"wp:featuredmedia":[{"embeddable":true,"href":"https:\/\/hi-techwonder.com\/es\/wp-json\/wp\/v2\/media\/64962"}],"wp:attachment":[{"href":"https:\/\/hi-techwonder.com\/es\/wp-json\/wp\/v2\/media?parent=72956"}],"wp:term":[{"taxonomy":"product_brand","embeddable":true,"href":"https:\/\/hi-techwonder.com\/es\/wp-json\/wp\/v2\/product_brand?post=72956"},{"taxonomy":"product_cat","embeddable":true,"href":"https:\/\/hi-techwonder.com\/es\/wp-json\/wp\/v2\/product_cat?post=72956"},{"taxonomy":"product_tag","embeddable":true,"href":"https:\/\/hi-techwonder.com\/es\/wp-json\/wp\/v2\/product_tag?post=72956"}],"curies":[{"name":"wp","href":"https:\/\/api.w.org\/{rel}","templated":true}]}}