{"id":72957,"date":"2025-07-29T10:39:33","date_gmt":"2025-07-29T10:39:33","guid":{"rendered":"https:\/\/fv6qoy3ls0.wpdns.site\/produto\/tripode-fotografico-kf-concept-k234a0-cabezal-de-video\/"},"modified":"2026-01-31T01:30:10","modified_gmt":"2026-01-31T01:30:10","slug":"kf-concept-tripode-fotografico-kf-concept-k234a0-cabezal-de-video","status":"publish","type":"product","link":"https:\/\/hi-techwonder.com\/es\/producto\/kf-concept-tripode-fotografico-kf-concept-k234a0-cabezal-de-video\/","title":{"rendered":"Tr\u00edpode fotogr\u00e1fico K&amp;F CONCEPT K234A0 + cabezal de video"},"content":{"rendered":"<p><strong>&nbsp;Tr\u00edpode fotogr\u00e1fico K234A0 + cabezal de video<\/strong><\/p>\n<p><strong><br \/><\/strong><\/p>\n<p><font color=\"#ff9c00\">KF09.115<\/font><\/p>\n<p><b><br \/><\/b><\/p>\n<p><strong>Descripci\u00f3n:<\/strong><\/p>\n<p>Tr\u00edpode ligero y port\u00e1til, ideal para colocarlo en el lateral de una mochila, sin ocupar espacio. Pesa solo 1,26 kg. y mide 45 cm cuando est\u00e1 plegado.  <\/p>\n<p>Satisface diversas necesidades de filmaci\u00f3n, grabaci\u00f3n de video, filmaci\u00f3n con tel\u00e9fonos inteligentes.<\/p>\n<p>Especialmente adecuado para fotograf\u00eda panor\u00e1mica, gracias al soporte giratorio de 360 grados.<\/p>\n<p>Patas de 4 secciones, con un di\u00e1metro de 23 mm, con bloqueo de palanca, que le permiten ajustar la altura de trabajo en segundos.<\/p>\n<p>Son posibles tres tipos de ajuste de \u00e1ngulo para adaptarse a diferentes escenas de disparo.<\/p>\n<p>Funciones:<\/p>\n<table style=\"border-collapse: collapse;width: 100%;height: 201.562px\" border=\"1\">\n<tbody>\n<tr style=\"height: 22.3958px\">\n<td style=\"width: 49.9764%;height: 22.3958px\">Capacidad de carga<\/td>\n<td style=\"width: 49.9764%;height: 22.3958px\">1,26 kg<\/td>\n<\/tr>\n<tr style=\"height: 22.3958px\">\nAltura <\/p>\n<td style=\"width: 49.9764%;height: 22.3958px\">m\u00e1xima de trabajo<\/td>\n<td style=\"width: 49.9764%;height: 22.3958px\">620 mm\/63,8&#8243;<\/td>\n<\/tr>\n<tr style=\"height: 22.3958px\">\n<td style=\"width: 49.9764%;height: 22.3958px\">Altura m\u00e1xima sin columna central<\/td>\n<td style=\"width: 49.9764%;height: 22.3958px\">1190 mm\/46,9&#8243;<\/td>\n<\/tr>\n<tr style=\"height: 22.3958px\">\nAltura <\/p>\n<td style=\"width: 49.9764%;height: 22.3958px\">m\u00ednima de trabajo<\/td>\n<td style=\"width: 49.9764%;height: 22.3958px\">510 mm\/20,1&#8243;<\/td>\n<\/tr>\n<tr style=\"height: 22.3958px\">\n<td style=\"width: 49.9764%;height: 22.3958px\">Longitud de<\/td>\n<p> plegado<\/p>\n<td style=\"width: 49.9764%;height: 22.3958px\">450 mm\/17,7&#8242;<\/td>\n<\/tr>\n<tr style=\"height: 22.3958px\">\n<td style=\"width: 49.9764%;height: 22.3958px\">Peso<\/td>\n<td style=\"width: 49.9764%;height: 22.3958px\">1263 gramos<\/td>\n<\/tr>\n<tr style=\"height: 22.3958px\">\n<td style=\"width: 49.9764%;height: 22.3958px\">Materiales<\/td>\n<td style=\"width: 49.9764%;height: 22.3958px\">Aluminio<\/td>\n<\/tr>\n<tr style=\"height: 22.3958px\">\n<td style=\"width: 49.9764%;height: 22.3958px\">Color<\/td>\n<td style=\"width: 49.9764%;height: 22.3958px\">Negro<\/td>\n<\/tr>\n<tr style=\"height: 22.3958px\">\n<td style=\"width: 49.9764%;height: 22.3958px\">Cabeza de<\/td>\n<p> bola<\/p>\n<td style=\"width: 49.9764%;height: 22.3958px\">Cabezal de v\u00eddeo<\/td>\n<\/tr>\n<tr>\n<td style=\"width: 49.9764%\">Secciones de piernas<\/td>\n<td style=\"width: 49.9764%\">4<\/td>\n<\/tr>\n<tr>\n<td style=\"width: 49.9764%\">Di\u00e1metro de la pierna<\/td>\n<td style=\"width: 49.9764%\">13 mm-23 mm \/ 0,51 \u00ab-0,91\u00bb<\/td>\n<\/tr>\n<tr>\n<td style=\"width: 49.9764%\">Secciones de columna central<\/td>\n<td style=\"width: 49.9764%\">n\u00famero ar\u00e1bigo<\/td>\n<\/tr>\n<\/tbody>\n<\/table>\n","protected":false},"excerpt":{"rendered":"<p>&nbsp;Tr\u00edpode fotogr\u00e1fico K234A0 + cabezal de video KF09.115 Descripci\u00f3n: Tr\u00edpode ligero y port\u00e1til, ideal para colocarlo en el lateral de<\/p>\n","protected":false},"featured_media":65791,"comment_status":"closed","ping_status":"closed","template":"","meta":{"_acf_changed":false},"product_brand":[2562],"product_cat":[1091],"product_tag":[],"class_list":{"0":"post-72957","1":"product","2":"type-product","3":"status-publish","4":"has-post-thumbnail","6":"product_brand-kf-concept-es","7":"product_cat-kits-de-video-es","9":"first","10":"outofstock","11":"taxable","12":"shipping-taxable","13":"purchasable","14":"product-type-simple"},"bundled_by":[],"bundle_stock_status":"outofstock","bundle_stock_quantity":null,"bundle_virtual":false,"bundle_layout":"","bundle_add_to_cart_form_location":"","bundle_editable_in_cart":false,"bundle_sold_individually_context":"","bundle_item_grouping":"","bundle_min_size":"","bundle_max_size":"","bundle_price":[],"bundled_items":[],"bundle_sell_ids":[],"acf":[],"_links":{"self":[{"href":"https:\/\/hi-techwonder.com\/es\/wp-json\/wp\/v2\/product\/72957","targetHints":{"allow":["GET"]}}],"collection":[{"href":"https:\/\/hi-techwonder.com\/es\/wp-json\/wp\/v2\/product"}],"about":[{"href":"https:\/\/hi-techwonder.com\/es\/wp-json\/wp\/v2\/types\/product"}],"replies":[{"embeddable":true,"href":"https:\/\/hi-techwonder.com\/es\/wp-json\/wp\/v2\/comments?post=72957"}],"wp:featuredmedia":[{"embeddable":true,"href":"https:\/\/hi-techwonder.com\/es\/wp-json\/wp\/v2\/media\/65791"}],"wp:attachment":[{"href":"https:\/\/hi-techwonder.com\/es\/wp-json\/wp\/v2\/media?parent=72957"}],"wp:term":[{"taxonomy":"product_brand","embeddable":true,"href":"https:\/\/hi-techwonder.com\/es\/wp-json\/wp\/v2\/product_brand?post=72957"},{"taxonomy":"product_cat","embeddable":true,"href":"https:\/\/hi-techwonder.com\/es\/wp-json\/wp\/v2\/product_cat?post=72957"},{"taxonomy":"product_tag","embeddable":true,"href":"https:\/\/hi-techwonder.com\/es\/wp-json\/wp\/v2\/product_tag?post=72957"}],"curies":[{"name":"wp","href":"https:\/\/api.w.org\/{rel}","templated":true}]}}