{"id":72961,"date":"2025-07-29T10:36:07","date_gmt":"2025-07-29T10:36:07","guid":{"rendered":"https:\/\/fv6qoy3ls0.wpdns.site\/produto\/kf-concept-kf09-112-tripode-con-monopie-rotula\/"},"modified":"2026-01-14T10:19:44","modified_gmt":"2026-01-14T10:19:44","slug":"kf-concept-kf09-112-tripode-con-monopie-rotula","status":"publish","type":"product","link":"https:\/\/hi-techwonder.com\/es\/producto\/kf-concept-kf09-112-tripode-con-monopie-rotula\/","title":{"rendered":"K&amp;F CONCEPT KF09.112 Tr\u00edpode (con monopie) + R\u00f3tula"},"content":{"rendered":"<h3>K&amp;F CONCEPT KF09.112 Tr\u00edpode (con monopie) + R\u00f3tula<\/h3>\n<p><font color=\"#ff9c00\">KF09.112<\/font><\/p>\n<ul>\n<li>La columna central se mueve de 0 a 180 grados, se puede girar 360 \u00b0 horizontalmente para realizar una filmaci\u00f3n panor\u00e1mica.<\/li>\n<li>Las patas de columna de 4 secciones con cierres abatibles de liberaci\u00f3n r\u00e1pida le permiten ajustar la altura de trabajo de 57 cm a 185 cm en segundos; Las patas del tr\u00edpode se pueden ajustar en tres niveles de \u00e1ngulo de apertura para estabilizarse en diferentes terrenos y niveles de pendiente.<\/li>\n<li>Este tr\u00edpode se puede desmontar r\u00e1pidamente con el tornillo del eje central y transformarse en un monopie, proporcionando una forma alternativa de disparar con facilidad.<\/li>\n<li>La r\u00f3tula de 28 mm especialmente dise\u00f1ada puede girar 360\u00b0 y obtener \u00e1ngulos libres, lo que le permite obtener la toma perfecta y un panorama incre\u00edble en todo momento.<\/li>\n<li>Peso del tr\u00edpode de 1,87 kg y peso m\u00e1ximo de carga de 10 kg; Se puede plegar a un tama\u00f1o de almacenamiento compacto de 49 cm y transportarse f\u00e1cilmente con una bolsa.<\/li>\n<\/ul>\n<p><img loading=\"lazy\" decoding=\"async\" src=\"https:\/\/img.kentfaith.com\/catalog\/prod\/KF09.079V1\/KF09.079V1_19.jpg\" alt=\"\" width=\"600\" height=\"580\"><\/p>\n<p>El tr\u00edpode de aluminio K&amp;F Concept KF09.112 T255A3+BH28L se puede desmontar r\u00e1pidamente con el tornillo del eje central y transformarse en un monopie, proporcionando una forma alternativa de disparar con facilidad.<\/p>\n<p>La r\u00f3tula esf\u00e9rica de 28 mm especialmente dise\u00f1ada puede girar 360\u00b0 y lograr \u00e1ngulos libres, lo que le permite obtener la toma perfecta y un gran panorama en todo momento.<\/p>\n<h4>Caracter\u00edsticas t\u00e9cnicas:<\/h4>\n<table class=\"table table-bordered\" style=\"scrollbar-width: thin; scrollbar-color: rgba(0, 0, 0, 0.5) #f5f6f8; border-spacing: 0px; background-color: #ffffff; width: 1360px; max-width: 100%; margin-bottom: 20px; border: 1px solid #dddddd; border-radius: 0px; color: #474747; font-family: Montserrat, sans-serif; font-size: 14px;\">\n<thead style=\"box-sizing: border-box; scrollbar-width: thin; scrollbar-color: rgba(0, 0, 0, 0.5) #f5f6f8;\">\n<tr style=\"box-sizing: border-box; scrollbar-width: thin; scrollbar-color: rgba(0, 0, 0, 0.5) #f5f6f8;\">\n<th style=\"box-sizing: border-box; scrollbar-width: thin; scrollbar-color: rgba(0, 0, 0, 0.5) #f5f6f8; padding: 15px 10px; text-align: left; text-transform: uppercase; color: #000000; font-size: 13px; background-color: #fafafa; line-height: 1.42857; vertical-align: bottom; border-top: 0px; border-bottom: none #dddddd; border-right: 1px solid #dddddd; border-left: 1px solid #dddddd; border-image: initial; border-radius: 0px;\" colspan=\"2\">TR\u00cdPODE GENERAL<\/th>\n<\/tr>\n<\/thead>\n<tbody style=\"box-sizing: border-box; scrollbar-width: thin; scrollbar-color: rgba(0, 0, 0, 0.5) #f5f6f8;\">\n<tr style=\"box-sizing: border-box; scrollbar-width: thin; scrollbar-color: rgba(0, 0, 0, 0.5) #f5f6f8;\">\n<td style=\"box-sizing: border-box; scrollbar-width: thin; scrollbar-color: rgba(0, 0, 0, 0.5) #f5f6f8; padding: 15px 10px; border: 1px solid #dddddd; line-height: 1.42857; vertical-align: middle; width: 679.667px;\">Capacidad de carga<\/td>\n<td style=\"box-sizing: border-box; scrollbar-width: thin; scrollbar-color: rgba(0, 0, 0, 0.5) #f5f6f8; padding: 15px 10px; border: 1px solid #dddddd; line-height: 1.42857; vertical-align: middle;\">10kg<\/td>\n<\/tr>\n<tr style=\"box-sizing: border-box; scrollbar-width: thin; scrollbar-color: rgba(0, 0, 0, 0.5) #f5f6f8;\">\n<td style=\"box-sizing: border-box; scrollbar-width: thin; scrollbar-color: rgba(0, 0, 0, 0.5) #f5f6f8; padding: 15px 10px; border: 1px solid #dddddd; line-height: 1.42857; vertical-align: middle; width: 679.667px;\">Altura m\u00e1xima de trabajo<\/td>\n<td style=\"box-sizing: border-box; scrollbar-width: thin; scrollbar-color: rgba(0, 0, 0, 0.5) #f5f6f8; padding: 15px 10px; border: 1px solid #dddddd; line-height: 1.42857; vertical-align: middle;\">1850 mil\u00edmetros<\/td>\n<\/tr>\n<tr style=\"box-sizing: border-box; scrollbar-width: thin; scrollbar-color: rgba(0, 0, 0, 0.5) #f5f6f8;\">\n<td style=\"box-sizing: border-box; scrollbar-width: thin; scrollbar-color: rgba(0, 0, 0, 0.5) #f5f6f8; padding: 15px 10px; border: 1px solid #dddddd; line-height: 1.42857; vertical-align: middle; width: 679.667px;\">Altura m\u00e1xima sin columna central<\/td>\n<td style=\"box-sizing: border-box; scrollbar-width: thin; scrollbar-color: rgba(0, 0, 0, 0.5) #f5f6f8; padding: 15px 10px; border: 1px solid #dddddd; line-height: 1.42857; vertical-align: middle;\">1410 mil\u00edmetros<\/td>\n<\/tr>\n<tr style=\"box-sizing: border-box; scrollbar-width: thin; scrollbar-color: rgba(0, 0, 0, 0.5) #f5f6f8;\">\n<td style=\"box-sizing: border-box; scrollbar-width: thin; scrollbar-color: rgba(0, 0, 0, 0.5) #f5f6f8; padding: 15px 10px; border: 1px solid #dddddd; line-height: 1.42857; vertical-align: middle; width: 679.667px;\">Altura m\u00ednima de trabajo<\/td>\n<td style=\"box-sizing: border-box; scrollbar-width: thin; scrollbar-color: rgba(0, 0, 0, 0.5) #f5f6f8; padding: 15px 10px; border: 1px solid #dddddd; line-height: 1.42857; vertical-align: middle;\">570 mm<\/td>\n<\/tr>\n<tr style=\"box-sizing: border-box; scrollbar-width: thin; scrollbar-color: rgba(0, 0, 0, 0.5) #f5f6f8;\">\n<td style=\"box-sizing: border-box; scrollbar-width: thin; scrollbar-color: rgba(0, 0, 0, 0.5) #f5f6f8; padding: 15px 10px; border: 1px solid #dddddd; line-height: 1.42857; vertical-align: middle; width: 679.667px;\">Longitud plegada<\/td>\n<td style=\"box-sizing: border-box; scrollbar-width: thin; scrollbar-color: rgba(0, 0, 0, 0.5) #f5f6f8; padding: 15px 10px; border: 1px solid #dddddd; line-height: 1.42857; vertical-align: middle;\">445 mil\u00edmetros<\/td>\n<\/tr>\n<tr style=\"box-sizing: border-box; scrollbar-width: thin; scrollbar-color: rgba(0, 0, 0, 0.5) #f5f6f8;\">\n<td style=\"box-sizing: border-box; scrollbar-width: thin; scrollbar-color: rgba(0, 0, 0, 0.5) #f5f6f8; padding: 15px 10px; border: 1px solid #dddddd; line-height: 1.42857; vertical-align: middle; width: 679.667px;\">Peso<\/td>\n<td style=\"box-sizing: border-box; scrollbar-width: thin; scrollbar-color: rgba(0, 0, 0, 0.5) #f5f6f8; padding: 15px 10px; border: 1px solid #dddddd; line-height: 1.42857; vertical-align: middle;\">1870g<\/td>\n<\/tr>\n<tr style=\"box-sizing: border-box; scrollbar-width: thin; scrollbar-color: rgba(0, 0, 0, 0.5) #f5f6f8;\">\n<td style=\"box-sizing: border-box; scrollbar-width: thin; scrollbar-color: rgba(0, 0, 0, 0.5) #f5f6f8; padding: 15px 10px; border: 1px solid #dddddd; line-height: 1.42857; vertical-align: middle; width: 679.667px;\">Materiales<\/td>\n<td style=\"box-sizing: border-box; scrollbar-width: thin; scrollbar-color: rgba(0, 0, 0, 0.5) #f5f6f8; padding: 15px 10px; border: 1px solid #dddddd; line-height: 1.42857; vertical-align: middle;\">Aleaci\u00f3n de aluminio y magnesio<\/td>\n<\/tr>\n<tr style=\"box-sizing: border-box; scrollbar-width: thin; scrollbar-color: rgba(0, 0, 0, 0.5) #f5f6f8;\">\n<td style=\"box-sizing: border-box; scrollbar-width: thin; scrollbar-color: rgba(0, 0, 0, 0.5) #f5f6f8; padding: 15px 10px; border: 1px solid #dddddd; line-height: 1.42857; vertical-align: middle; width: 679.667px;\">Cabeza<\/td>\n<td style=\"box-sizing: border-box; scrollbar-width: thin; scrollbar-color: rgba(0, 0, 0, 0.5) #f5f6f8; padding: 15px 10px; border: 1px solid #dddddd; line-height: 1.42857; vertical-align: middle;\">Cabeza de r\u00f3tula<\/td>\n<\/tr>\n<tr style=\"box-sizing: border-box; scrollbar-width: thin; scrollbar-color: rgba(0, 0, 0, 0.5) #f5f6f8;\">\n<td style=\"box-sizing: border-box; scrollbar-width: thin; scrollbar-color: rgba(0, 0, 0, 0.5) #f5f6f8; padding: 15px 10px; border: 1px solid #dddddd; line-height: 1.42857; vertical-align: middle; width: 679.667px;\">Color<\/td>\n<td style=\"box-sizing: border-box; scrollbar-width: thin; scrollbar-color: rgba(0, 0, 0, 0.5) #f5f6f8; padding: 15px 10px; border: 1px solid #dddddd; line-height: 1.42857; vertical-align: middle;\">Rojo\/Negro<\/td>\n<\/tr>\n<tr style=\"box-sizing: border-box; scrollbar-width: thin; scrollbar-color: rgba(0, 0, 0, 0.5) #f5f6f8;\">\n<td style=\"box-sizing: border-box; scrollbar-width: thin; scrollbar-color: rgba(0, 0, 0, 0.5) #f5f6f8; padding: 15px 10px; border: 1px solid #dddddd; line-height: 1.42857; vertical-align: middle; border-radius: 0px; width: 679.667px;\">Nivel de burbuja<\/td>\n<td style=\"box-sizing: border-box; scrollbar-width: thin; scrollbar-color: rgba(0, 0, 0, 0.5) #f5f6f8; padding: 15px 10px; border: 1px solid #dddddd; line-height: 1.42857; vertical-align: middle;\">1 (cabeza)<\/td>\n<\/tr>\n<\/tbody>\n<\/table>\n<table class=\"table table-bordered\" style=\"scrollbar-width: thin; scrollbar-color: rgba(0, 0, 0, 0.5) #f5f6f8; border-spacing: 0px; background-color: #ffffff; width: 1360px; max-width: 100%; margin-bottom: 20px; border: 1px solid #dddddd; border-radius: 0px; color: #474747; font-family: Montserrat, sans-serif; font-size: 14px;\">\n<thead style=\"box-sizing: border-box; scrollbar-width: thin; scrollbar-color: rgba(0, 0, 0, 0.5) #f5f6f8;\">\n<tr style=\"box-sizing: border-box; scrollbar-width: thin; scrollbar-color: rgba(0, 0, 0, 0.5) #f5f6f8;\">\n<th style=\"box-sizing: border-box; scrollbar-width: thin; scrollbar-color: rgba(0, 0, 0, 0.5) #f5f6f8; padding: 15px 10px; text-align: left; text-transform: uppercase; color: #000000; font-size: 13px; background-color: #fafafa; line-height: 1.42857; vertical-align: bottom; border-top: 0px; border-bottom: none #dddddd; border-right: 1px solid #dddddd; border-left: 1px solid #dddddd; border-image: initial; border-radius: 0px;\" colspan=\"2\">PATAS DE TR\u00cdPODE<\/th>\n<\/tr>\n<\/thead>\n<tbody style=\"box-sizing: border-box; scrollbar-width: thin; scrollbar-color: rgba(0, 0, 0, 0.5) #f5f6f8;\">\n<tr style=\"box-sizing: border-box; scrollbar-width: thin; scrollbar-color: rgba(0, 0, 0, 0.5) #f5f6f8;\">\nTipo de bloqueo <\/p>\n<td style=\"box-sizing: border-box; scrollbar-width: thin; scrollbar-color: rgba(0, 0, 0, 0.5) #f5f6f8; padding: 15px 10px; border: 1px solid #dddddd; line-height: 1.42857; vertical-align: middle; width: 679.667px;\">de patas<\/td>\n<td style=\"box-sizing: border-box; scrollbar-width: thin; scrollbar-color: rgba(0, 0, 0, 0.5) #f5f6f8; padding: 15px 10px; border: 1px solid #dddddd; line-height: 1.42857; vertical-align: middle;\">Bloqueo abatible<\/td>\n<\/tr>\n<tr style=\"box-sizing: border-box; scrollbar-width: thin; scrollbar-color: rgba(0, 0, 0, 0.5) #f5f6f8;\">\n<td style=\"box-sizing: border-box; scrollbar-width: thin; scrollbar-color: rgba(0, 0, 0, 0.5) #f5f6f8; padding: 15px 10px; border: 1px solid #dddddd; line-height: 1.42857; vertical-align: middle; width: 679.667px;\">Apertura independiente<\/td>\n<p> de la pierna<\/p>\n<td style=\"box-sizing: border-box; scrollbar-width: thin; scrollbar-color: rgba(0, 0, 0, 0.5) #f5f6f8; padding: 15px 10px; border: 1px solid #dddddd; line-height: 1.42857; vertical-align: middle;\">S\u00ed<\/td>\n<\/tr>\n<tr style=\"box-sizing: border-box; scrollbar-width: thin; scrollbar-color: rgba(0, 0, 0, 0.5) #f5f6f8;\">\n<td style=\"box-sizing: border-box; scrollbar-width: thin; scrollbar-color: rgba(0, 0, 0, 0.5) #f5f6f8; padding: 15px 10px; border: 1px solid #dddddd; line-height: 1.42857; vertical-align: middle; width: 679.667px;\">Secciones de piernas<\/td>\n<td style=\"box-sizing: border-box; scrollbar-width: thin; scrollbar-color: rgba(0, 0, 0, 0.5) #f5f6f8; padding: 15px 10px; border: 1px solid #dddddd; line-height: 1.42857; vertical-align: middle;\">5<\/td>\n<\/tr>\n<tr style=\"box-sizing: border-box; scrollbar-width: thin; scrollbar-color: rgba(0, 0, 0, 0.5) #f5f6f8;\">\n<td style=\"box-sizing: border-box; scrollbar-width: thin; scrollbar-color: rgba(0, 0, 0, 0.5) #f5f6f8; padding: 15px 10px; border: 1px solid #dddddd; line-height: 1.42857; vertical-align: middle; width: 679.667px;\">Di\u00e1metro de la pierna m\u00e1x.<\/td>\n<td style=\"box-sizing: border-box; scrollbar-width: thin; scrollbar-color: rgba(0, 0, 0, 0.5) #f5f6f8; padding: 15px 10px; border: 1px solid #dddddd; line-height: 1.42857; vertical-align: middle;\">25 mm<\/td>\n<\/tr>\n<\/tbody>\n<\/table>\n<table class=\"table table-bordered\" style=\"scrollbar-width: thin; scrollbar-color: rgba(0, 0, 0, 0.5) #f5f6f8; border-spacing: 0px; background-color: #ffffff; width: 1360px; max-width: 100%; margin-bottom: 20px; border: 1px solid #dddddd; border-radius: 0px; color: #474747; font-family: Montserrat, sans-serif; font-size: 14px; height: 150.542px;\">\n<thead style=\"box-sizing: border-box; scrollbar-width: thin; scrollbar-color: rgba(0, 0, 0, 0.5) #f5f6f8;\">\n<tr style=\"box-sizing: border-box; scrollbar-width: thin; scrollbar-color: rgba(0, 0, 0, 0.5) #f5f6f8; height: 49.2292px;\">\n<th style=\"box-sizing: border-box; scrollbar-width: thin; scrollbar-color: rgba(0, 0, 0, 0.5) #f5f6f8; padding: 15px 10px; text-align: left; text-transform: uppercase; color: #000000; font-size: 13px; background-color: #fafafa; line-height: 1.42857; vertical-align: bottom; border-top: 0px; border-bottom: none #dddddd; border-right: 1px solid #dddddd; border-left: 1px solid #dddddd; border-image: initial; border-radius: 0px; height: 49.2292px;\" colspan=\"2\">COLUMNA CENTRAL DEL TR\u00cdPODE<\/th>\n<\/tr>\n<\/thead>\n<tbody style=\"box-sizing: border-box; scrollbar-width: thin; scrollbar-color: rgba(0, 0, 0, 0.5) #f5f6f8;\">\n<tr style=\"box-sizing: border-box; scrollbar-width: thin; scrollbar-color: rgba(0, 0, 0, 0.5) #f5f6f8; height: 50.6562px;\">\n<td style=\"box-sizing: border-box; scrollbar-width: thin; scrollbar-color: rgba(0, 0, 0, 0.5) #f5f6f8; padding: 15px 10px; border: 1px solid #dddddd; line-height: 1.42857; vertical-align: middle; width: 679.667px; height: 50.6562px;\">Caracter\u00edsticas de la columna central<\/td>\n<p>.<\/p>\n<td style=\"box-sizing: border-box; scrollbar-width: thin; scrollbar-color: rgba(0, 0, 0, 0.5) #f5f6f8; padding: 15px 10px; border: 1px solid #dddddd; line-height: 1.42857; vertical-align: middle; height: 50.6562px;\">Columna central transversal, inversi\u00f3n de columna central<\/td>\n<\/tr>\n<tr style=\"box-sizing: border-box; scrollbar-width: thin; scrollbar-color: rgba(0, 0, 0, 0.5) #f5f6f8; height: 50.6562px;\">\n<td style=\"box-sizing: border-box; scrollbar-width: thin; scrollbar-color: rgba(0, 0, 0, 0.5) #f5f6f8; padding: 15px 10px; border: 1px solid #dddddd; line-height: 1.42857; vertical-align: middle; border-radius: 0px; width: 679.667px; height: 50.6562px;\">Secciones centrales<\/td>\n<p> de la columna<\/p>\n<td style=\"box-sizing: border-box; scrollbar-width: thin; scrollbar-color: rgba(0, 0, 0, 0.5) #f5f6f8; padding: 15px 10px; border: 1px solid #dddddd; line-height: 1.42857; vertical-align: middle; height: 50.6562px;\">n\u00famero ar\u00e1bigo<\/td>\n<\/tr>\n<\/tbody>\n<\/table>\n","protected":false},"excerpt":{"rendered":"<p>K&amp;F CONCEPT KF09.112 Tr\u00edpode (con monopie) + R\u00f3tula KF09.112 La columna central se mueve de 0 a 180 grados, se<\/p>\n","protected":false},"featured_media":65074,"comment_status":"closed","ping_status":"open","template":"","meta":{"_acf_changed":false},"product_brand":[2562],"product_cat":[1092],"product_tag":[],"class_list":{"0":"post-72961","1":"product","2":"type-product","3":"status-publish","4":"has-post-thumbnail","6":"product_brand-kf-concept-es","7":"product_cat-kits-foto-es","9":"first","10":"outofstock","11":"taxable","12":"shipping-taxable","13":"purchasable","14":"product-type-simple"},"bundled_by":[],"bundle_stock_status":"outofstock","bundle_stock_quantity":null,"bundle_virtual":false,"bundle_layout":"","bundle_add_to_cart_form_location":"","bundle_editable_in_cart":false,"bundle_sold_individually_context":"","bundle_item_grouping":"","bundle_min_size":"","bundle_max_size":"","bundle_price":[],"bundled_items":[],"bundle_sell_ids":[],"acf":[],"_links":{"self":[{"href":"https:\/\/hi-techwonder.com\/es\/wp-json\/wp\/v2\/product\/72961","targetHints":{"allow":["GET"]}}],"collection":[{"href":"https:\/\/hi-techwonder.com\/es\/wp-json\/wp\/v2\/product"}],"about":[{"href":"https:\/\/hi-techwonder.com\/es\/wp-json\/wp\/v2\/types\/product"}],"replies":[{"embeddable":true,"href":"https:\/\/hi-techwonder.com\/es\/wp-json\/wp\/v2\/comments?post=72961"}],"wp:featuredmedia":[{"embeddable":true,"href":"https:\/\/hi-techwonder.com\/es\/wp-json\/wp\/v2\/media\/65074"}],"wp:attachment":[{"href":"https:\/\/hi-techwonder.com\/es\/wp-json\/wp\/v2\/media?parent=72961"}],"wp:term":[{"taxonomy":"product_brand","embeddable":true,"href":"https:\/\/hi-techwonder.com\/es\/wp-json\/wp\/v2\/product_brand?post=72961"},{"taxonomy":"product_cat","embeddable":true,"href":"https:\/\/hi-techwonder.com\/es\/wp-json\/wp\/v2\/product_cat?post=72961"},{"taxonomy":"product_tag","embeddable":true,"href":"https:\/\/hi-techwonder.com\/es\/wp-json\/wp\/v2\/product_tag?post=72961"}],"curies":[{"name":"wp","href":"https:\/\/api.w.org\/{rel}","templated":true}]}}