{"id":72963,"date":"2025-07-29T10:35:05","date_gmt":"2025-07-29T10:35:05","guid":{"rendered":"https:\/\/fv6qoy3ls0.wpdns.site\/produto\/kf-concept-kf09-101v1-tripode-k234a0-cabeza-de-varilla-bh-28l\/"},"modified":"2025-07-29T10:35:05","modified_gmt":"2025-07-29T10:35:05","slug":"kf-concept-kf09-101v1-tripode-k234a0-cabeza-de-varilla-bh-28l","status":"publish","type":"product","link":"https:\/\/hi-techwonder.com\/es\/producto\/kf-concept-kf09-101v1-tripode-k234a0-cabeza-de-varilla-bh-28l\/","title":{"rendered":"K&amp;F CONCEPT KF09.101V1 Tr\u00edpode K234A0 + Cabeza de varilla BH-28L"},"content":{"rendered":"<p><strong>Tr\u00edpode de aleaci\u00f3n de aluminio K&amp;F CONCEPT 234A0 + <\/strong> Cabeza de varilla <strong>BH-28L<\/strong> <strong> + Soporte para tel\u00e9fono inteligente<\/strong><\/p>\n<p><font color=\"#ff9c00\" style=\"\">KF09.101V1<\/font><\/p>\n<p><strong>Contenido del paquete:<\/strong><\/p>\n<ul>\n<li>1 x Tr\u00edpode de aleaci\u00f3n de aluminio K234A0<\/li>\n<li>1 x R\u00f3tula esf\u00e9rica BH-28L<\/li>\n<li>1 x soporte para tel\u00e9fono inteligente<\/li>\n<li>1 x Zapata Arca-Swiss<\/li>\n<li>1 x Llave hexagonal<\/li>\n<li>1 x bolsa de transporte<\/li>\n<\/ul>\n<p><strong>Caracter\u00edsticas t\u00e9cnicas:<\/strong><\/p>\n<table style=\"height: 246.297px;\" border=\"0\" width=\"602\" cellspacing=\"0\" cellpadding=\"2\">\n<colgroup>\n<col style=\"width: 234px;\" width=\"231\">\n<col style=\"width: 366px;\" width=\"363\"><\/colgroup>\n<tbody>\n<tr style=\"height: 22.3906px;\">\n<td style=\"height: 22.3906px;\"><span style=\"color: #4d4d4d;\">Referencia de marca:<\/span><\/td>\n<td style=\"height: 22.3906px;\">KF09.101<\/td>\n<\/tr>\n<tr style=\"height: 22.3906px;\">\n<td style=\"height: 22.3906px;\" width=\"231\"><span style=\"color: #4d4d4d;\">Modelo:<\/span><\/td>\n<td style=\"height: 22.3906px;\" width=\"363\">BI234A0<\/td>\n<\/tr>\n<tr style=\"height: 22.3906px;\">\n<td style=\"height: 22.3906px;\" width=\"231\"><span style=\"color: #4d4d4d;\">Material:<\/span><\/td>\n<td style=\"height: 22.3906px;\" width=\"363\"><span style=\"color: #4d4d4d;\">Aleaci\u00f3n de aluminio<\/span><\/td>\n<\/tr>\n<tr style=\"height: 44.7812px;\">\n<td style=\"height: 44.7812px;\" width=\"231\"><span style=\"color: #4d4d4d;\">Tipo de cabeza:<\/span><\/td>\n<td style=\"height: 44.7812px;\" width=\"363\"><span style=\"color: #4d4d4d;\">Cabeza de ca\u00f1a &#8211; Zapato Arca-Swiss &#8211; Soporte para tel\u00e9fono inteligente<\/span><\/td>\n<\/tr>\n<tr style=\"height: 22.3906px;\">\n<td style=\"height: 22.3906px;\" width=\"231\">Secciones<\/td>\n<td style=\"height: 22.3906px;\" width=\"363\"><span style=\"color: #4d4d4d;\">4 secciones<\/span><\/td>\n<\/tr>\n<tr style=\"height: 22.3906px;\">\n<td style=\"height: 22.3906px;\" width=\"231\"><span style=\"color: #4d4d4d;\">Altura m\u00e1xima:<\/span><\/td>\n<td style=\"height: 22.3906px;\" width=\"363\">160 cm<\/td>\n<\/tr>\n<tr style=\"height: 22.3906px;\">\n<td style=\"height: 22.3906px;\"><span style=\"color: #4d4d4d;\">Altura<\/span><\/td>\n<p> m\u00ednima<\/p>\n<td style=\"height: 22.3906px;\">40 cm<\/td>\n<\/tr>\n<tr style=\"height: 22.3906px;\">\n<td style=\"height: 22.3906px;\" width=\"231\"><span style=\"color: #4d4d4d;\">Dimensiones contra\u00eddas:<\/span><\/td>\n<td style=\"height: 22.3906px;\" width=\"363\">39 cm<\/td>\n<\/tr>\n<tr style=\"height: 22.3906px;\">\n<td style=\"height: 22.3906px;\" width=\"231\"><span style=\"color: #4d4d4d;\">Capacidad de carga:<\/span><\/td>\n<td style=\"height: 22.3906px;\" width=\"363\"><span style=\"color: #4d4d4d;\">8 kg<\/span><\/td>\n<\/tr>\n<tr style=\"height: 22.3906px;\">\n<td style=\"height: 22.3906px;\" width=\"231\"><span style=\"color: #4d4d4d;\">Peso:<\/span><\/td>\n<td style=\"height: 22.3906px;\" width=\"363\">1.240 kg<\/td>\n<\/tr>\n<\/tbody>\n<\/table>\n","protected":false},"excerpt":{"rendered":"<p>Tr\u00edpode de aleaci\u00f3n de aluminio K&amp;F CONCEPT 234A0 + Cabeza de varilla BH-28L + Soporte para tel\u00e9fono inteligente KF09.101V1 Contenido<\/p>\n","protected":false},"featured_media":64973,"comment_status":"closed","ping_status":"open","template":"","meta":{"_acf_changed":false},"product_brand":[2562],"product_cat":[1092],"product_tag":[],"class_list":{"0":"post-72963","1":"product","2":"type-product","3":"status-publish","4":"has-post-thumbnail","6":"product_brand-kf-concept-es","7":"product_cat-kits-foto-es","9":"first","10":"outofstock","11":"taxable","12":"shipping-taxable","13":"purchasable","14":"product-type-simple"},"bundled_by":[],"bundle_stock_status":"outofstock","bundle_stock_quantity":0,"bundle_virtual":false,"bundle_layout":"","bundle_add_to_cart_form_location":"","bundle_editable_in_cart":false,"bundle_sold_individually_context":"","bundle_item_grouping":"","bundle_min_size":"","bundle_max_size":"","bundle_price":[],"bundled_items":[],"bundle_sell_ids":[],"acf":[],"_links":{"self":[{"href":"https:\/\/hi-techwonder.com\/es\/wp-json\/wp\/v2\/product\/72963","targetHints":{"allow":["GET"]}}],"collection":[{"href":"https:\/\/hi-techwonder.com\/es\/wp-json\/wp\/v2\/product"}],"about":[{"href":"https:\/\/hi-techwonder.com\/es\/wp-json\/wp\/v2\/types\/product"}],"replies":[{"embeddable":true,"href":"https:\/\/hi-techwonder.com\/es\/wp-json\/wp\/v2\/comments?post=72963"}],"wp:featuredmedia":[{"embeddable":true,"href":"https:\/\/hi-techwonder.com\/es\/wp-json\/wp\/v2\/media\/64973"}],"wp:attachment":[{"href":"https:\/\/hi-techwonder.com\/es\/wp-json\/wp\/v2\/media?parent=72963"}],"wp:term":[{"taxonomy":"product_brand","embeddable":true,"href":"https:\/\/hi-techwonder.com\/es\/wp-json\/wp\/v2\/product_brand?post=72963"},{"taxonomy":"product_cat","embeddable":true,"href":"https:\/\/hi-techwonder.com\/es\/wp-json\/wp\/v2\/product_cat?post=72963"},{"taxonomy":"product_tag","embeddable":true,"href":"https:\/\/hi-techwonder.com\/es\/wp-json\/wp\/v2\/product_tag?post=72963"}],"curies":[{"name":"wp","href":"https:\/\/api.w.org\/{rel}","templated":true}]}}