{"id":72964,"date":"2025-07-29T00:07:30","date_gmt":"2025-07-29T00:07:30","guid":{"rendered":"https:\/\/fv6qoy3ls0.wpdns.site\/produto\/kf-concept-kf13-044v5-urban-l-mochila\/"},"modified":"2025-07-29T00:07:30","modified_gmt":"2025-07-29T00:07:30","slug":"kf-concept-kf13-044v5-urban-l-mochila","status":"publish","type":"product","link":"https:\/\/hi-techwonder.com\/es\/producto\/kf-concept-kf13-044v5-urban-l-mochila\/","title":{"rendered":"K&amp;F CONCEPT KF13.044V5 Urban L Mochila"},"content":{"rendered":"<h3>K&amp;F CONCEPT KF13.044V5 Urban L Mochila<\/h3>\n<p>La mochila Urban L de K&amp;F Concept es la versi\u00f3n m\u00e1s grande de la l\u00ednea Urban. Con unas dimensiones de 46 cm de alto, 28 cm de ancho y 14 cm de profundidad, este soporta incluso m\u00e1s equipamiento que su hermana, la Urban M.  Fabricado en Nylon 840D, repelente al agua y resistente al desgarro. <\/p>\n<p>Tiene un compartimento especial dise\u00f1ado para computadoras port\u00e1tiles de 14 \u00aba 15\u00bb, protegido con un bolsillo accesible cerca de la parte posterior. Cuenta con divisores internos de tablero PE + espuma EPE, fuertes y s\u00f3lidos, para mantener su equipo totalmente protegido de los golpes. Capacidad 14 litros, lo que permite soportar hasta 2 c\u00e1maras DSLR + 4 lentes, o Drones.  <\/p>\n<p>Las correas de malla transpirable para los hombros y la espalda ergon\u00f3mica y bien acolchada te mantienen fresco y c\u00f3modo. La correa ajustable para el pecho mantiene las correas unidas a los hombros y ayuda a reducir el impacto del peso en la espalda. La Urban L tambi\u00e9n viene equipada con un hueco en la espalda, especialmente dise\u00f1ado para sujetar la mochila al tirador vertical de las bolsas de viaje, facilitando el transporte en aeropuertos, hoteles, etc.  <\/p>\n<p>El Urban L tambi\u00e9n viene equipado con una serie de peque\u00f1os bolsillos, para que puedas guardar tu cartera, tel\u00e9fono m\u00f3vil, mapas, linterna, as\u00ed como todo tipo de accesorios de fotograf\u00eda: tarjetas de memoria, bater\u00edas, cables, cargadores, filtros, auriculares, etc. Los bolsillos laterales, en el exterior de la mochila, pueden llevar un tr\u00edpode y una botella de agua. <\/p>\n<h4>Caracter\u00edsticas t\u00e9cnicas<\/h4>\n<p><em>Compartimentos para mochilas<\/em><\/p>\n<p>Opciones de transporte: Mochila<\/p>\n<p>Correa de soporte de c\u00e1mara: S\u00ed<\/p>\n<p>Compartimento para c\u00e1maras: 2<\/p>\n<p>Carcasa del objetivo: 4<\/p>\n<p>Compartimento para port\u00e1til: 1x 14&#8243;<\/p>\n<p><em>Caracter\u00edsticas f\u00edsicas<\/em><\/p>\n<p>Color exterior: Negro + Gris<\/p>\n<p>Dimensiones exteriores: 28 * 14 * 46 cm<\/p>\n<p>Material exterior: poli\u00e9ster<\/p>\n<p>Tipo de cierre: Hebilla<\/p>\n<p>&#8211; Chubasquero: S\u00ed<\/p>\n<p>Volumen m\u00e1ximo: 14L<\/p>\n<p>Peso: 1,05 kg<\/p>\n","protected":false},"excerpt":{"rendered":"<p>K&amp;F CONCEPT KF13.044V5 Urban L Mochila La mochila Urban L de K&amp;F Concept es la versi\u00f3n m\u00e1s grande de la<\/p>\n","protected":false},"featured_media":34036,"comment_status":"closed","ping_status":"open","template":"","meta":{"_acf_changed":false},"product_brand":[2562],"product_cat":[907],"product_tag":[],"class_list":{"0":"post-72964","1":"product","2":"type-product","3":"status-publish","4":"has-post-thumbnail","6":"product_brand-kf-concept-es","7":"product_cat-mochilas-es","9":"first","10":"instock","11":"taxable","12":"shipping-taxable","13":"purchasable","14":"product-type-simple"},"bundled_by":[],"bundle_stock_status":"instock","bundle_stock_quantity":1,"bundle_virtual":false,"bundle_layout":"","bundle_add_to_cart_form_location":"","bundle_editable_in_cart":false,"bundle_sold_individually_context":"","bundle_item_grouping":"","bundle_min_size":"","bundle_max_size":"","bundle_price":[],"bundled_items":[],"bundle_sell_ids":[],"acf":[],"_links":{"self":[{"href":"https:\/\/hi-techwonder.com\/es\/wp-json\/wp\/v2\/product\/72964","targetHints":{"allow":["GET"]}}],"collection":[{"href":"https:\/\/hi-techwonder.com\/es\/wp-json\/wp\/v2\/product"}],"about":[{"href":"https:\/\/hi-techwonder.com\/es\/wp-json\/wp\/v2\/types\/product"}],"replies":[{"embeddable":true,"href":"https:\/\/hi-techwonder.com\/es\/wp-json\/wp\/v2\/comments?post=72964"}],"wp:featuredmedia":[{"embeddable":true,"href":"https:\/\/hi-techwonder.com\/es\/wp-json\/wp\/v2\/media\/34036"}],"wp:attachment":[{"href":"https:\/\/hi-techwonder.com\/es\/wp-json\/wp\/v2\/media?parent=72964"}],"wp:term":[{"taxonomy":"product_brand","embeddable":true,"href":"https:\/\/hi-techwonder.com\/es\/wp-json\/wp\/v2\/product_brand?post=72964"},{"taxonomy":"product_cat","embeddable":true,"href":"https:\/\/hi-techwonder.com\/es\/wp-json\/wp\/v2\/product_cat?post=72964"},{"taxonomy":"product_tag","embeddable":true,"href":"https:\/\/hi-techwonder.com\/es\/wp-json\/wp\/v2\/product_tag?post=72964"}],"curies":[{"name":"wp","href":"https:\/\/api.w.org\/{rel}","templated":true}]}}